{"id":5565,"date":"2024-11-06T13:14:17","date_gmt":"2024-11-06T06:14:17","guid":{"rendered":"https:\/\/www.phivutabletennis.com\/?post_type=product&#038;p=5565"},"modified":"2026-03-31T15:52:51","modified_gmt":"2026-03-31T08:52:51","slug":"balo-bong-ban-vloop-essentials","status":"publish","type":"product","link":"https:\/\/www.phivutabletennis.com\/index.php\/product\/balo-bong-ban-vloop-essentials\/","title":{"rendered":"BaL\u00f4 B\u00f3ng B\u00e0n VLOOP ESSENTIALS"},"content":{"rendered":"<div class=\"hrvproduct-tabs\">\n<div id=\"tab1\" class=\"tabs-content active\">\n<p>BaL\u00f4 B\u00f3ng B\u00e0n VLOOP ESSENTIALS<\/p>\n<p>\u2022 ch\u1ed1ng th\u1ea5m n\u01b0\u1edbc, m\u00e0u s\u1eafc n\u1ed5i b\u1eadt, ch\u1ea5t v\u1ea3i d\u00e0y d\u1eb7n<\/p>\n<p>\u2022 K\u00edch th\u01b0\u1edbc: 32cm x 43cm x 14cm<\/p>\n<p>\u2022 Ki\u1ec3u d\u00e1ng n\u0103ng \u0111\u1ed9ng, tr\u1ecdng l\u01b0\u1ee3ng nh\u1eb9, d\u1ec5 d\u00e0ng mang theo trong c\u00e1c bu\u1ed5i t\u1eadp.<\/p>\n<p>Khi mua balo s\u1ebd \u0111\u01b0\u1ee3c t\u1eb7ng k\u00e8m m\u1ed9t chi\u1ebfc \u00e1o th\u1ec3 thao t\u1edbi t\u1eeb th\u01b0\u01a1ng hi\u1ec7u.<\/p>\n<\/div>\n<\/div>\n<div class=\"product-description\">\n<div class=\"title-bl\">\n<h2>M\u00f4 t\u1ea3<\/h2>\n<\/div>\n<div class=\"description-content\">\n<div class=\"description-productdetail\">VLOOP l\u00e0 th\u01b0\u01a1ng hi\u1ec7u \u0111\u1ebfn t\u1eeb Vi\u1ec7t Nam<\/div>\n<\/div>\n<\/div>\n","protected":false},"excerpt":{"rendered":"<p>BaL\u00f4 B\u00f3ng B\u00e0n VLOOP ESSENTIALS \u2022 ch\u1ed1ng th\u1ea5m n\u01b0\u1edbc, m\u00e0u s\u1eafc n\u1ed5i b\u1eadt, ch\u1ea5t v\u1ea3i d\u00e0y d\u1eb7n \u2022 K\u00edch th\u01b0\u1edbc: 32cm x 43cm x 14cm \u2022 Ki\u1ec3u d\u00e1ng n\u0103ng \u0111\u1ed9ng, tr\u1ecdng l\u01b0\u1ee3ng nh\u1eb9, d\u1ec5 d\u00e0ng mang theo trong c\u00e1c bu\u1ed5i t\u1eadp. Khi mua balo s\u1ebd \u0111\u01b0\u1ee3c t\u1eb7ng k\u00e8m m\u1ed9t chi\u1ebfc \u00e1o th\u1ec3 thao t\u1edbi t\u1eeb [&hellip;]<\/p>\n","protected":false},"featured_media":5566,"comment_status":"open","ping_status":"closed","template":"","meta":{"_eb_attr":""},"product_cat":[85,194],"product_tag":[],"class_list":["post-5565","product","type-product","status-publish","has-post-thumbnail","hentry","product_cat-balo-bao-vot","product_cat-vloop"],"_links":{"self":[{"href":"https:\/\/www.phivutabletennis.com\/index.php\/wp-json\/wp\/v2\/product\/5565","targetHints":{"allow":["GET"]}}],"collection":[{"href":"https:\/\/www.phivutabletennis.com\/index.php\/wp-json\/wp\/v2\/product"}],"about":[{"href":"https:\/\/www.phivutabletennis.com\/index.php\/wp-json\/wp\/v2\/types\/product"}],"replies":[{"embeddable":true,"href":"https:\/\/www.phivutabletennis.com\/index.php\/wp-json\/wp\/v2\/comments?post=5565"}],"wp:featuredmedia":[{"embeddable":true,"href":"https:\/\/www.phivutabletennis.com\/index.php\/wp-json\/wp\/v2\/media\/5566"}],"wp:attachment":[{"href":"https:\/\/www.phivutabletennis.com\/index.php\/wp-json\/wp\/v2\/media?parent=5565"}],"wp:term":[{"taxonomy":"product_cat","embeddable":true,"href":"https:\/\/www.phivutabletennis.com\/index.php\/wp-json\/wp\/v2\/product_cat?post=5565"},{"taxonomy":"product_tag","embeddable":true,"href":"https:\/\/www.phivutabletennis.com\/index.php\/wp-json\/wp\/v2\/product_tag?post=5565"}],"curies":[{"name":"wp","href":"https:\/\/api.w.org\/{rel}","templated":true}]}}