{"id":557,"date":"2023-04-03T01:35:19","date_gmt":"2023-04-02T18:35:19","guid":{"rendered":"http:\/\/www.phivutabletennis.com\/?post_type=product&#038;p=557"},"modified":"2023-04-03T01:38:18","modified_gmt":"2023-04-02T18:38:18","slug":"andro-timber-7-off-s","status":"publish","type":"product","link":"https:\/\/www.phivutabletennis.com\/index.php\/product\/andro-timber-7-off-s\/","title":{"rendered":"Andro Timber 7 OFF\/S"},"content":{"rendered":"<p><strong>H\u00e3ng :<\/strong><strong>\u00a0<\/strong>\u00a0<a href=\"https:\/\/dungcubongban.vn\/Andro\">Andro<\/a>\u00a0<strong>\u00a0\u00a0\u00a0\u00a0\u00a0\u00a0\u00a0\u00a0\u00a0<\/strong><\/p>\n<p><strong>Lo\u1ea1i :\u00a0<\/strong>Off<strong>\u00a0 \u00a0<\/strong><strong>\u00a0\u00a0 T\u1ed1c \u0111\u1ed9 :\u00a0<\/strong>89<strong>\u00a0 \u00a0 \u00a0 \u00a0 \u00a0Ki\u1ec3m so\u00e1t : 62\u00a0<\/strong>\u00a0 \u00a0 \u00a0 \u00a0<strong>Tr\u1ecdng l\u01b0\u1ee3ng :\u00a0<\/strong>85gr<strong>\u00a0\u00a0\u00a0\u00a0 C\u1ea5u t\u1ea1o :\u00a0\u00a0<\/strong>\u00a07 l\u1edbp g\u1ed7\u00a0<strong>\u00a0\u00a0 \u0110\u1ed9 d\u00e0y :\u00a0<\/strong>6.7mm<\/p>\n<p><strong>\u0110\u1eb7c \u0111i\u1ec3m:<\/strong><\/p>\n<p><strong>C\u1ea5u t\u1ea1o thu\u1ea7n g\u1ed7 7 l\u1edbp\u00a0<\/strong>cho \u0111\u1ed9 t\u1ea1o xo\u00e1y cao, c\u00e1c l\u1edbp \u0111\u01b0\u1ee3c k\u1ebft n\u1ed1i b\u1eb1ng c\u00f4ng ngh\u1ec7 keo d\u00e1n m\u1ec1m nh\u1ea5t do ch\u00ednh Andro nghi\u00eang c\u1ee9u, th\u1eed nghi\u1ec7m v\u00e0 ph\u00e1t tri\u1ec3n cho \u0111\u1ed9 \u0111\u00e0n h\u1ed3i v\u01b0\u1ee3t tr\u1ed9i.<\/p>\n<p>C\u1ed1t v\u1ee3t Andro Timber 7 l\u00e0 1 trong nh\u1eefng c\u1ed1t v\u1ee3t thi\u00ean v\u1ec1 ki\u1ec3m so\u00e1t v\u00e0 c\u1ea3m gi\u00e1c b\u00f3ng, v\u1edbi \u0111\u1ed9 \u1ed5n \u0111\u1ecbnh cao gi\u00fap cho b\u1ea1n d\u1ec5 d\u00e0ng th\u1ef1c hi\u1ec7n nh\u1eefng k\u1ef9 thu\u1eadt \u00e9p c\u00f4ng g\u1ea7n b\u00e0n v\u00e0 ph\u00f2ng th\u1ee7. Tuy nhi\u00ean khi t\u1ea5n c\u00f4ng t\u1ed1c \u0111\u1ed9 v\u1eabn t\u1ed1t v\u00e0 kh\u00f4ng b\u1ecb thi\u1ebfu l\u1ef1c t\u1ea7m xa r\u1ea5t kh\u00e1c c\u00e1c c\u1ed1t v\u1ee3t thu\u1ea7n g\u1ed7 th\u00f4ng th\u01b0\u1eddng.<\/p>\n<p>C\u1ed1t thu\u1ea7n g\u1ed7 th\u1ebf h\u1ec7 m\u1edbi ph\u00f9 h\u1ee3p nh\u1ea5t cho b\u00f3ng 40+.<\/p>\n<p>\u0110\u00e2y l\u00e0 1 c\u1ed1t v\u1ee3t t\u1ed1t, d\u00e0nh cho c\u00e1c anh ch\u1ecb y\u00eau th\u00edch l\u1ed1i ch\u01a1i ph\u00f2ng th\u1ee7 ph\u1ea3n c\u00f4ng, v\u00e0 s\u1eed d\u1ee5ng khi \u1edf tr\u00ecnh \u0111\u1ed9 cao.<\/p>\n<p>&nbsp;<\/p>\n<p><img decoding=\"async\" src=\"https:\/\/dungcubongban.vn\/image\/catalog\/andro\/2018\/Timber-7-off-s-basicline.jpg\" \/><\/p>\n<p><img decoding=\"async\" src=\"https:\/\/dungcubongban.vn\/image\/catalog\/andro\/2018\/Timber-7-off-s-basicline-front.jpg\" \/><\/p>\n","protected":false},"excerpt":{"rendered":"<p>H\u00e3ng :\u00a0\u00a0Andro\u00a0\u00a0\u00a0\u00a0\u00a0\u00a0\u00a0\u00a0\u00a0\u00a0 Lo\u1ea1i :\u00a0Off\u00a0 \u00a0\u00a0\u00a0 T\u1ed1c \u0111\u1ed9 :\u00a089\u00a0 \u00a0 \u00a0 \u00a0 \u00a0Ki\u1ec3m so\u00e1t : 62\u00a0\u00a0 \u00a0 \u00a0 \u00a0Tr\u1ecdng l\u01b0\u1ee3ng :\u00a085gr\u00a0\u00a0\u00a0\u00a0 C\u1ea5u t\u1ea1o :\u00a0\u00a0\u00a07 l\u1edbp g\u1ed7\u00a0\u00a0\u00a0 \u0110\u1ed9 d\u00e0y :\u00a06.7mm \u0110\u1eb7c \u0111i\u1ec3m: C\u1ea5u t\u1ea1o thu\u1ea7n g\u1ed7 7 l\u1edbp\u00a0cho \u0111\u1ed9 t\u1ea1o xo\u00e1y cao, c\u00e1c l\u1edbp \u0111\u01b0\u1ee3c k\u1ebft n\u1ed1i b\u1eb1ng c\u00f4ng ngh\u1ec7 keo d\u00e1n m\u1ec1m nh\u1ea5t do ch\u00ednh Andro [&hellip;]<\/p>\n","protected":false},"featured_media":559,"comment_status":"open","ping_status":"closed","template":"","meta":{"_eb_attr":""},"product_cat":[58,26],"product_tag":[],"class_list":["post-557","product","type-product","status-publish","has-post-thumbnail","hentry","product_cat-andro-cot","product_cat-cot-vot"],"_links":{"self":[{"href":"https:\/\/www.phivutabletennis.com\/index.php\/wp-json\/wp\/v2\/product\/557","targetHints":{"allow":["GET"]}}],"collection":[{"href":"https:\/\/www.phivutabletennis.com\/index.php\/wp-json\/wp\/v2\/product"}],"about":[{"href":"https:\/\/www.phivutabletennis.com\/index.php\/wp-json\/wp\/v2\/types\/product"}],"replies":[{"embeddable":true,"href":"https:\/\/www.phivutabletennis.com\/index.php\/wp-json\/wp\/v2\/comments?post=557"}],"wp:featuredmedia":[{"embeddable":true,"href":"https:\/\/www.phivutabletennis.com\/index.php\/wp-json\/wp\/v2\/media\/559"}],"wp:attachment":[{"href":"https:\/\/www.phivutabletennis.com\/index.php\/wp-json\/wp\/v2\/media?parent=557"}],"wp:term":[{"taxonomy":"product_cat","embeddable":true,"href":"https:\/\/www.phivutabletennis.com\/index.php\/wp-json\/wp\/v2\/product_cat?post=557"},{"taxonomy":"product_tag","embeddable":true,"href":"https:\/\/www.phivutabletennis.com\/index.php\/wp-json\/wp\/v2\/product_tag?post=557"}],"curies":[{"name":"wp","href":"https:\/\/api.w.org\/{rel}","templated":true}]}}