{"id":5579,"date":"2024-11-29T16:18:59","date_gmt":"2024-11-29T09:18:59","guid":{"rendered":"https:\/\/www.phivutabletennis.com\/?post_type=product&#038;p=5579"},"modified":"2024-11-29T16:19:00","modified_gmt":"2024-11-29T09:19:00","slug":"baracuda","status":"publish","type":"product","link":"https:\/\/www.phivutabletennis.com\/index.php\/product\/baracuda\/","title":{"rendered":"Baracuda"},"content":{"rendered":"<p>Th\u00f4ng tin s\u1ea3n ph\u1ea9m \u201cDONIC Baracuda\u201d<\/p>\n<p>D\u00e0nh cho nh\u1eefng c\u1ea7u th\u1ee7 t\u1ea5n c\u00f4ng mu\u1ed1n di chuy\u1ec3n v\u1edbi nhi\u1ec1u g\u00f3c quay.<br \/>\nR\u1ea5t xo\u00e1y\u00a0v\u00e0 th\u00e2n thi\u1ec7n v\u1edbi xo\u00e1y, t\u1ea1o ra g\u00f3c bay d\u1ed1c h\u01a1n khi b\u00f3ng xo\u00e1y l\u00ean.<br \/>\nC\u00f4ng ngh\u1ec7: Medium sponge, spin-elastic topsheet.<\/p>\n<p><strong>M\u1eb7t v\u1ee3t c\u00f3 \u0111\u1ed9 xo\u00e1y tuy\u1ec7t v\u1eddi<\/strong><\/p>\n<p>BARACUDA \u0111\u01b0\u1ee3c thi\u1ebft k\u1ebf theo C\u00f4ng th\u1ee9c DONIC, nh\u01b0ng \u0111\u01b0\u1ee3c m\u1edf r\u1ed9ng v\u1edbi m\u1ed9t y\u1ebfu t\u1ed1 quan tr\u1ecdng: b\u00f3ng r\u1eddi kh\u1ecfi m\u1eb7t cao su \u1edf m\u1ed9t g\u00f3c d\u1ed1c h\u01a1n \u0111\u00e1ng k\u1ec3, do \u0111\u00f3 xo\u00e1y l\u00ean s\u1ebd quay nhi\u1ec1u h\u01a1n \u0111\u00e1ng k\u1ec3. V\u00f2ng quay \u1ed5n \u0111\u1ecbnh qu\u1ef9 \u0111\u1ea1o c\u1ee7a qu\u1ea3 b\u00f3ng v\u00e0 do \u0111\u00f3 l\u00e0m t\u0103ng \u0111\u1ed9 ch\u00ednh x\u00e1c c\u1ee7a vi\u1ec7c \u0111\u00e1nh c\u00e1c c\u00fa xo\u00e1y l\u00ean.<\/p>\n<table>\n<tbody>\n<tr>\n<td>Control:<\/td>\n<td>6<\/td>\n<\/tr>\n<tr>\n<td>Tempo:<\/td>\n<td>10-<\/td>\n<\/tr>\n<tr>\n<td>Spin:<\/td>\n<td>10++<\/td>\n<\/tr>\n<tr>\n<td>Hardness:<\/td>\n<td>medium<\/td>\n<\/tr>\n<tr>\n<td>Surface:<\/td>\n<td>Spin elastic.<\/td>\n<\/tr>\n<tr>\n<td>Characteristics:<\/td>\n<td>OFF, OFF +, OFF \u2013<\/td>\n<\/tr>\n<tr>\n<td>DONIC technology:<\/td>\n<td>New formula technology<\/td>\n<\/tr>\n<\/tbody>\n<\/table>\n","protected":false},"excerpt":{"rendered":"<p>Th\u00f4ng tin s\u1ea3n ph\u1ea9m \u201cDONIC Baracuda\u201d D\u00e0nh cho nh\u1eefng c\u1ea7u th\u1ee7 t\u1ea5n c\u00f4ng mu\u1ed1n di chuy\u1ec3n v\u1edbi nhi\u1ec1u g\u00f3c quay. R\u1ea5t xo\u00e1y\u00a0v\u00e0 th\u00e2n thi\u1ec7n v\u1edbi xo\u00e1y, t\u1ea1o ra g\u00f3c bay d\u1ed1c h\u01a1n khi b\u00f3ng xo\u00e1y l\u00ean. C\u00f4ng ngh\u1ec7: Medium sponge, spin-elastic topsheet. M\u1eb7t v\u1ee3t c\u00f3 \u0111\u1ed9 xo\u00e1y tuy\u1ec7t v\u1eddi BARACUDA \u0111\u01b0\u1ee3c thi\u1ebft k\u1ebf theo C\u00f4ng [&hellip;]<\/p>\n","protected":false},"featured_media":5580,"comment_status":"open","ping_status":"closed","template":"","meta":{"_eb_attr":""},"product_cat":[178,29],"product_tag":[],"class_list":["post-5579","product","type-product","status-publish","has-post-thumbnail","hentry","product_cat-donic-mat-vot","product_cat-mat-vot"],"_links":{"self":[{"href":"https:\/\/www.phivutabletennis.com\/index.php\/wp-json\/wp\/v2\/product\/5579","targetHints":{"allow":["GET"]}}],"collection":[{"href":"https:\/\/www.phivutabletennis.com\/index.php\/wp-json\/wp\/v2\/product"}],"about":[{"href":"https:\/\/www.phivutabletennis.com\/index.php\/wp-json\/wp\/v2\/types\/product"}],"replies":[{"embeddable":true,"href":"https:\/\/www.phivutabletennis.com\/index.php\/wp-json\/wp\/v2\/comments?post=5579"}],"wp:featuredmedia":[{"embeddable":true,"href":"https:\/\/www.phivutabletennis.com\/index.php\/wp-json\/wp\/v2\/media\/5580"}],"wp:attachment":[{"href":"https:\/\/www.phivutabletennis.com\/index.php\/wp-json\/wp\/v2\/media?parent=5579"}],"wp:term":[{"taxonomy":"product_cat","embeddable":true,"href":"https:\/\/www.phivutabletennis.com\/index.php\/wp-json\/wp\/v2\/product_cat?post=5579"},{"taxonomy":"product_tag","embeddable":true,"href":"https:\/\/www.phivutabletennis.com\/index.php\/wp-json\/wp\/v2\/product_tag?post=5579"}],"curies":[{"name":"wp","href":"https:\/\/api.w.org\/{rel}","templated":true}]}}