{"id":5585,"date":"2024-11-29T16:23:36","date_gmt":"2024-11-29T09:23:36","guid":{"rendered":"https:\/\/www.phivutabletennis.com\/?post_type=product&#038;p=5585"},"modified":"2024-11-29T16:23:37","modified_gmt":"2024-11-29T09:23:37","slug":"desto-f4","status":"publish","type":"product","link":"https:\/\/www.phivutabletennis.com\/index.php\/product\/desto-f4\/","title":{"rendered":"Desto F4"},"content":{"rendered":"<p><strong>Th\u00f4ng tin s\u1ea3n ph\u1ea9m \u201cDONIC Desto F4\u201d<\/strong><\/p>\n<p>DESTO F4 l\u00e0 s\u1ef1 gi\u1edbi thi\u1ec7u ho\u00e0n h\u1ea3o cho d\u00f2ng cao su FORMULA DONIC \u2013 d\u00f2ng cao su DONIC v\u1edbi hi\u1ec7u \u1ee9ng keo t\u1ed1c \u0111\u1ed9 s\u1eb5n c\u00f3.<\/p>\n<p>Do m\u1ee9c gi\u00e1 h\u1ea5p d\u1eabn n\u00ean DONIC DESTO F4 c\u0169ng l\u00e0 s\u1ef1 l\u1ef1a ch\u1ecdn ho\u00e0n h\u1ea3o cho c\u00e1c V\u0110V tr\u1ebb.<\/p>\n<p>Mi\u1ebfng b\u1ecdt bi\u1ec3n m\u1ec1m, v\u1edbi hi\u1ec7u \u1ee9ng keo t\u1ed1c \u0111\u1ed9 gi\u1ea3m nh\u1eb9 mang l\u1ea1i kh\u1ea3 n\u0103ng ki\u1ec3m so\u00e1t b\u00f3ng v\u01b0\u1ee3t tr\u1ed9i \u0111\u1ec3 h\u1ecdc c\u00e1c k\u1ef9 thu\u1eadt ch\u01a1i hi\u1ec7n \u0111\u1ea1i m\u00e0 kh\u00f4ng b\u1ecf l\u1ee1 ni\u1ec1m vui khi ch\u01a1i.<\/p>\n<p><strong>C\u1ed5 \u0110i\u1ec3n<\/strong><\/p>\n<p>V\u1edbi DESTO, DONIC \u0111\u00e3 t\u1ea1o ra m\u1ed9t s\u1ef1 \u0111\u1ed5i m\u1edbi c\u00e1ch \u0111\u00e2y 20 n\u0103m m\u00e0 v\u1eabn truy\u1ec1n c\u1ea3m h\u1ee9ng cho nhi\u1ec1u ng\u01b0\u1eddi ch\u01a1i tr\u00ean to\u00e0n th\u1ebf gi\u1edbi cho \u0111\u1ebfn ng\u00e0y nay.\u00a0B\u1ec1 m\u1eb7t \u0111\u1ea7u ti\u00ean \u0111\u01b0\u1ee3c thi\u1ebft k\u1ebf v\u1edbi C\u00f4ng th\u1ee9c DONIC khi\u1ebfn cho vi\u1ec7c d\u00e1n keo t\u1ed1c \u0111\u1ed9 tr\u1edf n\u00ean kh\u00f4ng c\u1ea7n thi\u1ebft v\u00e0o th\u1eddi \u0111i\u1ec3m \u0111\u00f3 v\u00e0 m\u1edf ra m\u1ed9t k\u1ef7 nguy\u00ean m\u1edbi.<br \/>\nV\u00e0 v\u1edbi DESTO F1 Plus, d\u00f2ng s\u1ea3n ph\u1ea9m hi\u1ec7n cung c\u1ea5p phi\u00ean b\u1ea3n ph\u00e1t tri\u1ec3n h\u01a1n.<\/p>\n<table>\n<tbody>\n<tr>\n<td>Control:<\/td>\n<td>8<\/td>\n<\/tr>\n<tr>\n<td>Tempo:<\/td>\n<td>8-<\/td>\n<\/tr>\n<tr>\n<td>Spin:<\/td>\n<td>10+<\/td>\n<\/tr>\n<tr>\n<td>Hardness:<\/td>\n<td>Soft<\/td>\n<\/tr>\n<tr>\n<td>Surface:<\/td>\n<td>Contra-Elast<\/td>\n<\/tr>\n<tr>\n<td>Characteristics:<\/td>\n<td>AR, AR +, AR -, OFF \u2013<\/td>\n<\/tr>\n<tr>\n<td>DONIC technology:<\/td>\n<td>New formula technology<\/td>\n<\/tr>\n<\/tbody>\n<\/table>\n<p><img decoding=\"async\" src=\"https:\/\/yasaka.hr\/wp-content\/uploads\/2023\/03\/Donic-gume.jpg\" alt=\"Donic BlueGrip S1 \u2014 Yasaka i vi\u0161e Hrvatska\" \/><\/p>\n","protected":false},"excerpt":{"rendered":"<p>Th\u00f4ng tin s\u1ea3n ph\u1ea9m \u201cDONIC Desto F4\u201d DESTO F4 l\u00e0 s\u1ef1 gi\u1edbi thi\u1ec7u ho\u00e0n h\u1ea3o cho d\u00f2ng cao su FORMULA DONIC \u2013 d\u00f2ng cao su DONIC v\u1edbi hi\u1ec7u \u1ee9ng keo t\u1ed1c \u0111\u1ed9 s\u1eb5n c\u00f3. Do m\u1ee9c gi\u00e1 h\u1ea5p d\u1eabn n\u00ean DONIC DESTO F4 c\u0169ng l\u00e0 s\u1ef1 l\u1ef1a ch\u1ecdn ho\u00e0n h\u1ea3o cho c\u00e1c V\u0110V tr\u1ebb. Mi\u1ebfng [&hellip;]<\/p>\n","protected":false},"featured_media":5586,"comment_status":"open","ping_status":"closed","template":"","meta":{"_eb_attr":""},"product_cat":[178,29],"product_tag":[],"class_list":["post-5585","product","type-product","status-publish","has-post-thumbnail","hentry","product_cat-donic-mat-vot","product_cat-mat-vot"],"_links":{"self":[{"href":"https:\/\/www.phivutabletennis.com\/index.php\/wp-json\/wp\/v2\/product\/5585","targetHints":{"allow":["GET"]}}],"collection":[{"href":"https:\/\/www.phivutabletennis.com\/index.php\/wp-json\/wp\/v2\/product"}],"about":[{"href":"https:\/\/www.phivutabletennis.com\/index.php\/wp-json\/wp\/v2\/types\/product"}],"replies":[{"embeddable":true,"href":"https:\/\/www.phivutabletennis.com\/index.php\/wp-json\/wp\/v2\/comments?post=5585"}],"wp:featuredmedia":[{"embeddable":true,"href":"https:\/\/www.phivutabletennis.com\/index.php\/wp-json\/wp\/v2\/media\/5586"}],"wp:attachment":[{"href":"https:\/\/www.phivutabletennis.com\/index.php\/wp-json\/wp\/v2\/media?parent=5585"}],"wp:term":[{"taxonomy":"product_cat","embeddable":true,"href":"https:\/\/www.phivutabletennis.com\/index.php\/wp-json\/wp\/v2\/product_cat?post=5585"},{"taxonomy":"product_tag","embeddable":true,"href":"https:\/\/www.phivutabletennis.com\/index.php\/wp-json\/wp\/v2\/product_tag?post=5585"}],"curies":[{"name":"wp","href":"https:\/\/api.w.org\/{rel}","templated":true}]}}