{"id":5587,"date":"2024-11-29T16:25:23","date_gmt":"2024-11-29T09:25:23","guid":{"rendered":"https:\/\/www.phivutabletennis.com\/?post_type=product&#038;p=5587"},"modified":"2024-11-29T16:25:24","modified_gmt":"2024-11-29T09:25:24","slug":"donic-liga","status":"publish","type":"product","link":"https:\/\/www.phivutabletennis.com\/index.php\/product\/donic-liga\/","title":{"rendered":"Donic Liga"},"content":{"rendered":"<p><strong>Th\u00f4ng tin s\u1ea3n ph\u1ea9m \u201cDONIC Liga\u201d<\/strong><\/p>\n<p>Donic Liga c\u00f3 kh\u1ea3 n\u0103ng ki\u1ec3m so\u00e1t tuy\u1ec7t v\u1eddi v\u00e0 kh\u00e1 b\u1ec1n.<\/p>\n<p>\u0110\u00e2y l\u00e0 lo\u1ea1i m\u1eb7t v\u1ee3t ho\u00e0n h\u1ea3o d\u00e0nh cho ng\u01b0\u1eddi m\u1edbi b\u1eaft \u0111\u1ea7u h\u1ecdc nh\u1eefng ki\u1ebfn \u200b\u200bth\u1ee9c c\u01a1 b\u1ea3n v\u1ec1 k\u1ef9 thu\u1eadt b\u00f3ng b\u00e0n.<\/p>\n<table>\n<tbody>\n<tr>\n<td>Control:<\/td>\n<td>9+<\/td>\n<\/tr>\n<tr>\n<td>Tempo:<\/td>\n<td>5-<\/td>\n<\/tr>\n<tr>\n<td>Spin:<\/td>\n<td>6+<\/td>\n<\/tr>\n<tr>\n<td>Hardness:<\/td>\n<td>medium<\/td>\n<\/tr>\n<tr>\n<td>Surface:<\/td>\n<td>Counter-grippy<\/td>\n<\/tr>\n<tr>\n<td>Characteristics:<\/td>\n<td>AR, AR -, DEF, DEF +<\/td>\n<\/tr>\n<tr>\n<td>DONIC technology:<\/td>\n<td>Starter Technology pads<\/td>\n<\/tr>\n<\/tbody>\n<\/table>\n","protected":false},"excerpt":{"rendered":"<p>Th\u00f4ng tin s\u1ea3n ph\u1ea9m \u201cDONIC Liga\u201d Donic Liga c\u00f3 kh\u1ea3 n\u0103ng ki\u1ec3m so\u00e1t tuy\u1ec7t v\u1eddi v\u00e0 kh\u00e1 b\u1ec1n. \u0110\u00e2y l\u00e0 lo\u1ea1i m\u1eb7t v\u1ee3t ho\u00e0n h\u1ea3o d\u00e0nh cho ng\u01b0\u1eddi m\u1edbi b\u1eaft \u0111\u1ea7u h\u1ecdc nh\u1eefng ki\u1ebfn \u200b\u200bth\u1ee9c c\u01a1 b\u1ea3n v\u1ec1 k\u1ef9 thu\u1eadt b\u00f3ng b\u00e0n. Control: 9+ Tempo: 5- Spin: 6+ Hardness: medium Surface: Counter-grippy Characteristics: AR, AR [&hellip;]<\/p>\n","protected":false},"featured_media":5588,"comment_status":"open","ping_status":"closed","template":"","meta":{"_eb_attr":""},"product_cat":[178,29],"product_tag":[],"class_list":["post-5587","product","type-product","status-publish","has-post-thumbnail","hentry","product_cat-donic-mat-vot","product_cat-mat-vot"],"_links":{"self":[{"href":"https:\/\/www.phivutabletennis.com\/index.php\/wp-json\/wp\/v2\/product\/5587","targetHints":{"allow":["GET"]}}],"collection":[{"href":"https:\/\/www.phivutabletennis.com\/index.php\/wp-json\/wp\/v2\/product"}],"about":[{"href":"https:\/\/www.phivutabletennis.com\/index.php\/wp-json\/wp\/v2\/types\/product"}],"replies":[{"embeddable":true,"href":"https:\/\/www.phivutabletennis.com\/index.php\/wp-json\/wp\/v2\/comments?post=5587"}],"wp:featuredmedia":[{"embeddable":true,"href":"https:\/\/www.phivutabletennis.com\/index.php\/wp-json\/wp\/v2\/media\/5588"}],"wp:attachment":[{"href":"https:\/\/www.phivutabletennis.com\/index.php\/wp-json\/wp\/v2\/media?parent=5587"}],"wp:term":[{"taxonomy":"product_cat","embeddable":true,"href":"https:\/\/www.phivutabletennis.com\/index.php\/wp-json\/wp\/v2\/product_cat?post=5587"},{"taxonomy":"product_tag","embeddable":true,"href":"https:\/\/www.phivutabletennis.com\/index.php\/wp-json\/wp\/v2\/product_tag?post=5587"}],"curies":[{"name":"wp","href":"https:\/\/api.w.org\/{rel}","templated":true}]}}