{"id":5591,"date":"2024-11-29T16:30:28","date_gmt":"2024-11-29T09:30:28","guid":{"rendered":"https:\/\/www.phivutabletennis.com\/?post_type=product&#038;p=5591"},"modified":"2024-11-29T16:30:29","modified_gmt":"2024-11-29T09:30:29","slug":"genextion","status":"publish","type":"product","link":"https:\/\/www.phivutabletennis.com\/index.php\/product\/genextion\/","title":{"rendered":"GENEXTION"},"content":{"rendered":"<p><strong>M\u1eb6T V\u1ee2T GENEXTION &#8211; C\u1ea2I TI\u1ebeN B\u1eaeT NH\u1ecaP XU H\u01af\u1edaNG HI\u1ec6N \u0110\u1ea0I\u00a0<\/strong><br \/>\nC\u00f4ng ngh\u1ec7 \u201cDUAL SPONGE\u201d gi\u00fap l\u1edbp b\u1ecdt kh\u00ed t\u0103ng hi\u1ec7u su\u1ea5t n\u0103ng l\u01b0\u1ee3ng l\u00ean kho\u1ea3ng 11% so v\u1edbi lo\u1ea1i th\u00f4ng th\u01b0\u1eddng.<br \/>\nL\u1edbp l\u00f3t b\u1ecdt kh\u00ed n\u1ed5i b\u1eadt v\u1edbi t\u00ednh n\u0103ng \u0111\u1ed9 c\u1ee9ng cao, t\u0103ng hi\u1ec7u qu\u1ea3 trong c\u00e1c k\u1ef9 thu\u1eadt gi\u1eadt b\u00f3ng,\u00a0 gi\u00fap \u0111\u01b0\u1eddng b\u00f3ng \u0111i nhanh, m\u1ea1nh v\u00e0 \u0111\u1ea7y uy l\u1ef1c, \u0111\u1ed3ng th\u1eddi v\u1eabn c\u00f3 th\u1ec3 \u0111i\u1ec1u ch\u1ec9nh k\u1ef9 thu\u1eadt t\u1ed1c \u0111\u1ed9 khi ti\u1ebfp x\u00fac b\u00f3ng nh\u1edd m\u1eb7t Sheet m\u1ec1m.<br \/>\nB\u1ec1 m\u1eb7t m\u1eb7t sheet c\u00f3 kh\u1ea3 n\u0103ng gi\u1eef b\u00f3ng t\u1ed1t, d\u00f9 nh\u1eefng qu\u1ea3 b\u00f3ng \u0111\u00e1nh tr\u01b0\u1edbc m\u1eb7t v\u1eabn t\u1ea1o qu\u1ef9 \u0111\u1ea1o b\u00f3ng bay cao, gi\u00fap ng\u01b0\u1eddi ch\u01a1i d\u1ec5 d\u00e0ng th\u1ef1c hi\u1ec7n nh\u1eefng pha b\u00f3ng s\u1eafc n\u00e9t v\u1edbi \u0111\u01b0\u1eddng b\u00f3ng d\u00e0i.<br \/>\n\u00dd t\u01b0\u1edfng s\u00e1ng t\u1ea1o, m\u1eb7t v\u1ee3t b\u1eaft k\u1ecbp xu th\u1ebf m\u1edbi.<\/p>\n<table border=\"0\" cellspacing=\"1\" cellpadding=\"1\">\n<tbody>\n<tr>\n<td>T\u1ed1c \u0111\u1ed9<\/td>\n<td>: 16.50<\/td>\n<\/tr>\n<tr>\n<td>\u0110\u1ed9 xo\u00e1y<\/td>\n<td>: 13.50<\/td>\n<\/tr>\n<tr>\n<td>\u0110\u1ed9 c\u1ee9ng<\/td>\n<td>: 42.50<\/td>\n<\/tr>\n<tr>\n<td>\u0110\u1ed9 d\u00e0y<\/td>\n<td>: 2.0mm<\/td>\n<\/tr>\n<\/tbody>\n<\/table>\n<p><strong>Theo th\u00f4ng s\u1ed1 chu\u1ea9n c\u1ee7a h\u00e3ng Nittaku<\/strong><\/p>\n","protected":false},"excerpt":{"rendered":"<p>M\u1eb6T V\u1ee2T GENEXTION &#8211; C\u1ea2I TI\u1ebeN B\u1eaeT NH\u1ecaP XU H\u01af\u1edaNG HI\u1ec6N \u0110\u1ea0I\u00a0 C\u00f4ng ngh\u1ec7 \u201cDUAL SPONGE\u201d gi\u00fap l\u1edbp b\u1ecdt kh\u00ed t\u0103ng hi\u1ec7u su\u1ea5t n\u0103ng l\u01b0\u1ee3ng l\u00ean kho\u1ea3ng 11% so v\u1edbi lo\u1ea1i th\u00f4ng th\u01b0\u1eddng. L\u1edbp l\u00f3t b\u1ecdt kh\u00ed n\u1ed5i b\u1eadt v\u1edbi t\u00ednh n\u0103ng \u0111\u1ed9 c\u1ee9ng cao, t\u0103ng hi\u1ec7u qu\u1ea3 trong c\u00e1c k\u1ef9 thu\u1eadt gi\u1eadt b\u00f3ng,\u00a0 gi\u00fap [&hellip;]<\/p>\n","protected":false},"featured_media":5592,"comment_status":"open","ping_status":"closed","template":"","meta":{"_eb_attr":""},"product_cat":[153,29],"product_tag":[],"class_list":["post-5591","product","type-product","status-publish","has-post-thumbnail","hentry","product_cat-matvot-nittaku","product_cat-mat-vot"],"_links":{"self":[{"href":"https:\/\/www.phivutabletennis.com\/index.php\/wp-json\/wp\/v2\/product\/5591","targetHints":{"allow":["GET"]}}],"collection":[{"href":"https:\/\/www.phivutabletennis.com\/index.php\/wp-json\/wp\/v2\/product"}],"about":[{"href":"https:\/\/www.phivutabletennis.com\/index.php\/wp-json\/wp\/v2\/types\/product"}],"replies":[{"embeddable":true,"href":"https:\/\/www.phivutabletennis.com\/index.php\/wp-json\/wp\/v2\/comments?post=5591"}],"wp:featuredmedia":[{"embeddable":true,"href":"https:\/\/www.phivutabletennis.com\/index.php\/wp-json\/wp\/v2\/media\/5592"}],"wp:attachment":[{"href":"https:\/\/www.phivutabletennis.com\/index.php\/wp-json\/wp\/v2\/media?parent=5591"}],"wp:term":[{"taxonomy":"product_cat","embeddable":true,"href":"https:\/\/www.phivutabletennis.com\/index.php\/wp-json\/wp\/v2\/product_cat?post=5591"},{"taxonomy":"product_tag","embeddable":true,"href":"https:\/\/www.phivutabletennis.com\/index.php\/wp-json\/wp\/v2\/product_tag?post=5591"}],"curies":[{"name":"wp","href":"https:\/\/api.w.org\/{rel}","templated":true}]}}