{"id":5595,"date":"2024-11-29T20:27:12","date_gmt":"2024-11-29T13:27:12","guid":{"rendered":"https:\/\/www.phivutabletennis.com\/?post_type=product&#038;p=5595"},"modified":"2024-11-29T20:27:13","modified_gmt":"2024-11-29T13:27:13","slug":"mat-vot-gai-stiga-symmetry","status":"publish","type":"product","link":"https:\/\/www.phivutabletennis.com\/index.php\/product\/mat-vot-gai-stiga-symmetry\/","title":{"rendered":"M\u1eb7t v\u1ee3t gai STIGA SYMMETRY"},"content":{"rendered":"<p>M\u1eb7t v\u1ee3t gai Symmetry \u0111\u01b0\u1ee3c \u0111i\u1ec1u ch\u1ec9nh v\u00e0 ph\u00e1t tri\u1ec3n cho b\u00f3ng ABS.<\/p>\n<p>T\u00edch h\u1ee3p hi\u1ec7u \u1ee9ng keo t\u1ed1c \u0111\u1ed9.<\/p>\n<p>M\u1eb7t v\u1ee3t gai ng\u1eafn t\u1ea5n c\u00f4ng v\u1edbi t\u1ed1c \u0111\u1ed9 cao v\u00e0 kh\u1ea3 n\u0103ng t\u1ea1o xo\u00e1y tuy\u1ec7t v\u1eddi.<\/p>\n<p>Thi\u1ebft k\u1ebf gai t\u1ea5n c\u00f4ng m\u1edbi t\u1ea1o ra xo\u00e1y l\u00ean c\u0169ng nh\u01b0 c\u00e1c c\u00fa ch\u1eb7n v\u00e0 c\u00fa ph\u1ea3n c\u00f4ng hi\u1ec7u qu\u1ea3<\/p>\n<p>S\u1ea3n xu\u1ea5t t\u1ea1i Nh\u1eadt B\u1ea3n<\/p>\n","protected":false},"excerpt":{"rendered":"<p>M\u1eb7t v\u1ee3t gai Symmetry \u0111\u01b0\u1ee3c \u0111i\u1ec1u ch\u1ec9nh v\u00e0 ph\u00e1t tri\u1ec3n cho b\u00f3ng ABS. T\u00edch h\u1ee3p hi\u1ec7u \u1ee9ng keo t\u1ed1c \u0111\u1ed9. M\u1eb7t v\u1ee3t gai ng\u1eafn t\u1ea5n c\u00f4ng v\u1edbi t\u1ed1c \u0111\u1ed9 cao v\u00e0 kh\u1ea3 n\u0103ng t\u1ea1o xo\u00e1y tuy\u1ec7t v\u1eddi. Thi\u1ebft k\u1ebf gai t\u1ea5n c\u00f4ng m\u1edbi t\u1ea1o ra xo\u00e1y l\u00ean c\u0169ng nh\u01b0 c\u00e1c c\u00fa ch\u1eb7n v\u00e0 c\u00fa ph\u1ea3n [&hellip;]<\/p>\n","protected":false},"featured_media":5596,"comment_status":"open","ping_status":"closed","template":"","meta":{"_eb_attr":""},"product_cat":[73,29],"product_tag":[],"class_list":["post-5595","product","type-product","status-publish","has-post-thumbnail","hentry","product_cat-stiga-mat-vot","product_cat-mat-vot"],"_links":{"self":[{"href":"https:\/\/www.phivutabletennis.com\/index.php\/wp-json\/wp\/v2\/product\/5595","targetHints":{"allow":["GET"]}}],"collection":[{"href":"https:\/\/www.phivutabletennis.com\/index.php\/wp-json\/wp\/v2\/product"}],"about":[{"href":"https:\/\/www.phivutabletennis.com\/index.php\/wp-json\/wp\/v2\/types\/product"}],"replies":[{"embeddable":true,"href":"https:\/\/www.phivutabletennis.com\/index.php\/wp-json\/wp\/v2\/comments?post=5595"}],"wp:featuredmedia":[{"embeddable":true,"href":"https:\/\/www.phivutabletennis.com\/index.php\/wp-json\/wp\/v2\/media\/5596"}],"wp:attachment":[{"href":"https:\/\/www.phivutabletennis.com\/index.php\/wp-json\/wp\/v2\/media?parent=5595"}],"wp:term":[{"taxonomy":"product_cat","embeddable":true,"href":"https:\/\/www.phivutabletennis.com\/index.php\/wp-json\/wp\/v2\/product_cat?post=5595"},{"taxonomy":"product_tag","embeddable":true,"href":"https:\/\/www.phivutabletennis.com\/index.php\/wp-json\/wp\/v2\/product_tag?post=5595"}],"curies":[{"name":"wp","href":"https:\/\/api.w.org\/{rel}","templated":true}]}}