{"id":5599,"date":"2024-11-29T20:29:44","date_gmt":"2024-11-29T13:29:44","guid":{"rendered":"https:\/\/www.phivutabletennis.com\/?post_type=product&#038;p=5599"},"modified":"2024-11-29T20:29:46","modified_gmt":"2024-11-29T13:29:46","slug":"stiga-mantra-sound","status":"publish","type":"product","link":"https:\/\/www.phivutabletennis.com\/index.php\/product\/stiga-mantra-sound\/","title":{"rendered":"Stiga Mantra Sound"},"content":{"rendered":"<p>C\u00e1c t\u00ednh n\u0103ng h\u00e0ng \u0111\u1ea7u:<br \/>\n\u2013 M\u1eb7t v\u1ee3t d\u00e0nh cho nh\u1eefng ng\u01b0\u1eddi ch\u01a1i t\u1ea5n c\u00f4ng th\u00edch t\u1ed1c \u0111\u1ed9.<br \/>\n\u2013 \u0110\u1ed9 c\u1ee9ng c\u1ee7a m\u00fat m\u1ec1m 42 \u0111\u1ed9 gi\u00fap t\u0103ng c\u1ea3m gi\u00e1c v\u00e0 kh\u1ea3 n\u0103ng ki\u1ec3m so\u00e1t trong m\u1ed7i c\u00fa \u0111\u00e1nh.<br \/>\n\u2013 Tu\u1ed5i th\u1ecd cao nh\u1edd s\u1ef1 k\u1ebft h\u1ee3p gi\u1eefa cao su t\u1ef1 nhi\u00ean v\u00e0 t\u1ed5ng h\u1ee3p.<br \/>\n\u2013 Ph\u00e1t ra \u00e2m thanh s\u1eafc n\u00e9t, trong tr\u1ebbo khi b\u1ea1n \u0111\u00e1nh b\u00f3ng.<br \/>\n\u2013 C\u00f4ng ngh\u1ec7 OCS (Oxygene Capsule System) gi\u00fap t\u0103ng t\u1ed1c \u0111\u1ed9 trong nh\u1eefng c\u00fa \u0111\u00e1nh \u1ed5n \u0111\u1ecbnh v\u00e0 \u0111\u1ec1u.<br \/>\n\u2013 Nh\u1eb9 h\u01a1n so v\u1edbi c\u00e1c lo\u1ea1i m\u00fat kh\u00e1c tr\u00ean th\u1ecb tr\u01b0\u1eddng.<br \/>\n\u2013 \u0110\u01b0\u1ee3c thi\u1ebft k\u1ebf t\u1ea1i Th\u1ee5y \u0110i\u1ec3n v\u00e0 s\u1ea3n xu\u1ea5t t\u1ea1i Nh\u1eadt B\u1ea3n.<\/p>\n","protected":false},"excerpt":{"rendered":"<p>C\u00e1c t\u00ednh n\u0103ng h\u00e0ng \u0111\u1ea7u: \u2013 M\u1eb7t v\u1ee3t d\u00e0nh cho nh\u1eefng ng\u01b0\u1eddi ch\u01a1i t\u1ea5n c\u00f4ng th\u00edch t\u1ed1c \u0111\u1ed9. \u2013 \u0110\u1ed9 c\u1ee9ng c\u1ee7a m\u00fat m\u1ec1m 42 \u0111\u1ed9 gi\u00fap t\u0103ng c\u1ea3m gi\u00e1c v\u00e0 kh\u1ea3 n\u0103ng ki\u1ec3m so\u00e1t trong m\u1ed7i c\u00fa \u0111\u00e1nh. \u2013 Tu\u1ed5i th\u1ecd cao nh\u1edd s\u1ef1 k\u1ebft h\u1ee3p gi\u1eefa cao su t\u1ef1 nhi\u00ean v\u00e0 t\u1ed5ng h\u1ee3p. [&hellip;]<\/p>\n","protected":false},"featured_media":5606,"comment_status":"open","ping_status":"closed","template":"","meta":{"_eb_attr":""},"product_cat":[73,29],"product_tag":[],"class_list":["post-5599","product","type-product","status-publish","has-post-thumbnail","hentry","product_cat-stiga-mat-vot","product_cat-mat-vot"],"_links":{"self":[{"href":"https:\/\/www.phivutabletennis.com\/index.php\/wp-json\/wp\/v2\/product\/5599","targetHints":{"allow":["GET"]}}],"collection":[{"href":"https:\/\/www.phivutabletennis.com\/index.php\/wp-json\/wp\/v2\/product"}],"about":[{"href":"https:\/\/www.phivutabletennis.com\/index.php\/wp-json\/wp\/v2\/types\/product"}],"replies":[{"embeddable":true,"href":"https:\/\/www.phivutabletennis.com\/index.php\/wp-json\/wp\/v2\/comments?post=5599"}],"wp:featuredmedia":[{"embeddable":true,"href":"https:\/\/www.phivutabletennis.com\/index.php\/wp-json\/wp\/v2\/media\/5606"}],"wp:attachment":[{"href":"https:\/\/www.phivutabletennis.com\/index.php\/wp-json\/wp\/v2\/media?parent=5599"}],"wp:term":[{"taxonomy":"product_cat","embeddable":true,"href":"https:\/\/www.phivutabletennis.com\/index.php\/wp-json\/wp\/v2\/product_cat?post=5599"},{"taxonomy":"product_tag","embeddable":true,"href":"https:\/\/www.phivutabletennis.com\/index.php\/wp-json\/wp\/v2\/product_tag?post=5599"}],"curies":[{"name":"wp","href":"https:\/\/api.w.org\/{rel}","templated":true}]}}