{"id":5607,"date":"2024-11-29T20:32:43","date_gmt":"2024-11-29T13:32:43","guid":{"rendered":"https:\/\/www.phivutabletennis.com\/?post_type=product&#038;p=5607"},"modified":"2024-11-29T20:32:44","modified_gmt":"2024-11-29T13:32:44","slug":"dna-hybird-m","status":"publish","type":"product","link":"https:\/\/www.phivutabletennis.com\/index.php\/product\/dna-hybird-m\/","title":{"rendered":"DNA HYBIRD M"},"content":{"rendered":"<p>\u0110\u1eb7c t\u00ednh n\u1ed5i b\u1eadt:<br \/>\nC\u00f4ng ngh\u1ec7 H-Touch Tensor cung c\u1ea5p lo\u1ea1i m\u1eb7t v\u1ee3t \u0111\u1ed9c \u0111\u00e1o c\u00f3 \u0111\u1ed9 c\u1ee9ng l\u1edbp l\u00f3t 47,5 \u0111\u1ed9<br \/>\nDNA Hybrid M = Medium \u2013 S\u1ef1 c\u00e2n b\u1eb1ng ho\u00e0n h\u1ea3o gi\u1eefa kh\u1ea3 n\u0103ng ki\u1ec3m so\u00e1t v\u00e0 t\u1ed1c \u0111\u1ed9<br \/>\nM\u1eb7t v\u1ee3t b\u00f3ng b\u00e0n c\u00f3 b\u1ec1 m\u1eb7t b\u00e1n d\u00ednh gi\u00fap xo\u00e1y t\u1ed1i \u0111a<br \/>\n\u0110\u1ed9 b\u00e1m b\u1ec1 m\u1eb7t \u0111\u01b0\u1ee3c t\u1ed1i \u01b0u h\u00f3a \u0111\u1ec3 t\u0103ng kh\u1ea3 n\u0103ng t\u1ea1o xo\u00e1y v\u00e0 qu\u1ef9 \u0111\u1ea1o b\u00f3ng d\u00e0i h\u01a1n<br \/>\nPower Sponge Cells mang l\u1ea1i hi\u1ec7u \u1ee9ng m\u00e1y ph\u00f3ng t\u1ed1i \u0111a v\u00e0 s\u1ee9c m\u1ea1nh t\u1ed1i \u01b0u<br \/>\n\u0110\u01b0\u1ee3c ph\u00e1t tri\u1ec3n v\u1edbi s\u1ef1 c\u1ed9ng t\u00e1c c\u1ee7a nh\u1eefng V\u0110V h\u00e0ng \u0111\u1ea7u Trung Qu\u1ed1c, Nh\u1eadt B\u1ea3n v\u00e0 Th\u1ee5y \u0110i\u1ec3n<br \/>\nS\u1ea3n xu\u1ea5t t\u1ea1i \u0110\u1ee9c, thi\u1ebft k\u1ebf t\u1ea1i Th\u1ee5y \u0110i\u1ec3n<\/p>\n","protected":false},"excerpt":{"rendered":"<p>\u0110\u1eb7c t\u00ednh n\u1ed5i b\u1eadt: C\u00f4ng ngh\u1ec7 H-Touch Tensor cung c\u1ea5p lo\u1ea1i m\u1eb7t v\u1ee3t \u0111\u1ed9c \u0111\u00e1o c\u00f3 \u0111\u1ed9 c\u1ee9ng l\u1edbp l\u00f3t 47,5 \u0111\u1ed9 DNA Hybrid M = Medium \u2013 S\u1ef1 c\u00e2n b\u1eb1ng ho\u00e0n h\u1ea3o gi\u1eefa kh\u1ea3 n\u0103ng ki\u1ec3m so\u00e1t v\u00e0 t\u1ed1c \u0111\u1ed9 M\u1eb7t v\u1ee3t b\u00f3ng b\u00e0n c\u00f3 b\u1ec1 m\u1eb7t b\u00e1n d\u00ednh gi\u00fap xo\u00e1y t\u1ed1i \u0111a \u0110\u1ed9 [&hellip;]<\/p>\n","protected":false},"featured_media":5602,"comment_status":"open","ping_status":"closed","template":"","meta":{"_eb_attr":""},"product_cat":[73,29],"product_tag":[],"class_list":["post-5607","product","type-product","status-publish","has-post-thumbnail","hentry","product_cat-stiga-mat-vot","product_cat-mat-vot"],"_links":{"self":[{"href":"https:\/\/www.phivutabletennis.com\/index.php\/wp-json\/wp\/v2\/product\/5607","targetHints":{"allow":["GET"]}}],"collection":[{"href":"https:\/\/www.phivutabletennis.com\/index.php\/wp-json\/wp\/v2\/product"}],"about":[{"href":"https:\/\/www.phivutabletennis.com\/index.php\/wp-json\/wp\/v2\/types\/product"}],"replies":[{"embeddable":true,"href":"https:\/\/www.phivutabletennis.com\/index.php\/wp-json\/wp\/v2\/comments?post=5607"}],"wp:featuredmedia":[{"embeddable":true,"href":"https:\/\/www.phivutabletennis.com\/index.php\/wp-json\/wp\/v2\/media\/5602"}],"wp:attachment":[{"href":"https:\/\/www.phivutabletennis.com\/index.php\/wp-json\/wp\/v2\/media?parent=5607"}],"wp:term":[{"taxonomy":"product_cat","embeddable":true,"href":"https:\/\/www.phivutabletennis.com\/index.php\/wp-json\/wp\/v2\/product_cat?post=5607"},{"taxonomy":"product_tag","embeddable":true,"href":"https:\/\/www.phivutabletennis.com\/index.php\/wp-json\/wp\/v2\/product_tag?post=5607"}],"curies":[{"name":"wp","href":"https:\/\/api.w.org\/{rel}","templated":true}]}}