{"id":5614,"date":"2024-11-29T20:40:00","date_gmt":"2024-11-29T13:40:00","guid":{"rendered":"https:\/\/www.phivutabletennis.com\/?post_type=product&#038;p=5614"},"modified":"2024-11-29T20:40:02","modified_gmt":"2024-11-29T13:40:02","slug":"dna-dragon-power-55","status":"publish","type":"product","link":"https:\/\/www.phivutabletennis.com\/index.php\/product\/dna-dragon-power-55\/","title":{"rendered":"DNA DRAGON POWER 55"},"content":{"rendered":"<div>C\u00e1c t\u00ednh n\u0103ng h\u00e0ng \u0111\u1ea7u:<\/div>\n<div><\/div>\n<div>\u2022 \u0110\u01b0\u1ee3c t\u1ea1o ra cho c\u00e1c nh\u00e0 v\u00f4 \u0111\u1ecbch: M\u1eb7t v\u1ee3t \u0111\u1eb3ng c\u1ea5p th\u1ebf gi\u1edbi \u0111\u00f2i h\u1ecfi k\u1ef9 n\u0103ng, ki\u1ebfn \u200b\u200bth\u1ee9c v\u00e0 tham v\u1ecdng.<\/div>\n<div>\u2022 S\u1ef1 k\u1ebft h\u1ee3p \u0111\u1ed9c \u0111\u00e1o: Power Sponge Cell (PSC) v\u00e0 C-Touch t\u1ea1o n\u00ean s\u1ee9c m\u1ea1nh t\u1ed5ng h\u1ee3p \u0111\u1eb7c bi\u1ec7t.<\/div>\n<div>\u2022 Power Sponge Cell (PSC): Gi\u1ea3i ph\u00f3ng s\u1ee9c m\u1ea1nh v\u00e0 hi\u1ec7u \u1ee9ng m\u00e1y ph\u00f3ng t\u1ed1i th\u01b0\u1ee3ng.<\/div>\n<div>\u2022 C\u00f4ng ngh\u1ec7 C-Touch Surface Tensor: T\u00edch h\u1ee3p AI ti\u00ean ti\u1ebfn \u0111\u01b0a tr\u1eadn \u0111\u1ea5u c\u1ee7a b\u1ea1n l\u00ean m\u1ed9t t\u1ea7m cao m\u1edbi.<\/div>\n<div>\u2022 M\u1eb7t v\u1ee3t DNA Dragon Power c\u00f3 \u0111\u1ed9 b\u00e1m \u0111\u00e1ng kinh ng\u1ea1c mang l\u1ea1i \u0111\u1eb7c t\u00ednh xo\u00e1y tuy\u1ec7t v\u1eddi: B\u1ec1 m\u1eb7t v\u01b0\u1ee3t tr\u1ed9i cho \u0111\u1ed9 xo\u00e1y m\u1ea1nh v\u00e0 qu\u1ef9 \u0111\u1ea1o b\u00f3ng cao v\u00e0 d\u00e0i.<\/div>\n<div>\u2022 V\u1edbi ba t\u00f9y ch\u1ecdn \u0111\u1ed9 c\u1ee9ng : T\u00f9y ch\u1ec9nh tr\u1eadn \u0111\u1ea5u c\u1ee7a b\u1ea1n v\u1edbi \u0111\u1ed9 c\u1ee9ng c\u1ee7a mi\u1ebfng l\u1edbp l\u00f3t l\u00e0 52,5, 55 v\u00e0 57,5 \u200b\u200b\u0111\u1ed9 . v\u00e0 Thickness :2.15 MM<\/div>\n<div>\u2022 \u0110\u01b0\u1ee3c ph\u00e1t tri\u1ec3n c\u00f9ng v\u1edbi c\u00e1c nh\u00e0 v\u00f4 \u0111\u1ecbch: \u0110\u01b0\u1ee3c ph\u00e1t tri\u1ec3n d\u1ef1a tr\u00ean nh\u1eefng hi\u1ec3u bi\u1ebft s\u00e2u s\u1eafc t\u1eeb \u0111\u1ed9i tuy\u1ec3n b\u00f3ng b\u00e0n qu\u1ed1c gia TQ.<\/div>\n<div>\u2022 S\u1ea3n xu\u1ea5t t\u1ea1i \u0110\u1ee9c: Ch\u1ea5t l\u01b0\u1ee3ng cao, ti\u00eau chu\u1ea9n kh\u1eaft khe v\u1ec1 \u0111\u1ed9 b\u1ec1n v\u00e0 hi\u1ec7u su\u1ea5t.<\/div>\n<div>\n<div>Item number:1712-240X-21<\/div>\n<div>Ki\u1ec3m so\u00e1t :75<\/div>\n<div>T\u1ed1c \u0111\u1ed9\u00a0 \u00a0 \u00a0 :162<\/div>\n<div>\u0110\u1ed9 xo\u00e1y\u00a0 \u00a0 :146<\/div>\n<div>\u0110\u1ed9 c\u1ee9ng c\u1ee7a l\u1edbp l\u00f3t :55<\/div>\n<div>Surface\u00a0 \u00a0 \u00a0 :Sticky<\/div>\n<div>Product line:DNA<\/div>\n<\/div>\n","protected":false},"excerpt":{"rendered":"<p>C\u00e1c t\u00ednh n\u0103ng h\u00e0ng \u0111\u1ea7u: \u2022 \u0110\u01b0\u1ee3c t\u1ea1o ra cho c\u00e1c nh\u00e0 v\u00f4 \u0111\u1ecbch: M\u1eb7t v\u1ee3t \u0111\u1eb3ng c\u1ea5p th\u1ebf gi\u1edbi \u0111\u00f2i h\u1ecfi k\u1ef9 n\u0103ng, ki\u1ebfn \u200b\u200bth\u1ee9c v\u00e0 tham v\u1ecdng. \u2022 S\u1ef1 k\u1ebft h\u1ee3p \u0111\u1ed9c \u0111\u00e1o: Power Sponge Cell (PSC) v\u00e0 C-Touch t\u1ea1o n\u00ean s\u1ee9c m\u1ea1nh t\u1ed5ng h\u1ee3p \u0111\u1eb7c bi\u1ec7t. \u2022 Power Sponge Cell (PSC): Gi\u1ea3i [&hellip;]<\/p>\n","protected":false},"featured_media":5603,"comment_status":"open","ping_status":"closed","template":"","meta":{"_eb_attr":""},"product_cat":[73,29],"product_tag":[],"class_list":["post-5614","product","type-product","status-publish","has-post-thumbnail","hentry","product_cat-stiga-mat-vot","product_cat-mat-vot"],"_links":{"self":[{"href":"https:\/\/www.phivutabletennis.com\/index.php\/wp-json\/wp\/v2\/product\/5614","targetHints":{"allow":["GET"]}}],"collection":[{"href":"https:\/\/www.phivutabletennis.com\/index.php\/wp-json\/wp\/v2\/product"}],"about":[{"href":"https:\/\/www.phivutabletennis.com\/index.php\/wp-json\/wp\/v2\/types\/product"}],"replies":[{"embeddable":true,"href":"https:\/\/www.phivutabletennis.com\/index.php\/wp-json\/wp\/v2\/comments?post=5614"}],"wp:featuredmedia":[{"embeddable":true,"href":"https:\/\/www.phivutabletennis.com\/index.php\/wp-json\/wp\/v2\/media\/5603"}],"wp:attachment":[{"href":"https:\/\/www.phivutabletennis.com\/index.php\/wp-json\/wp\/v2\/media?parent=5614"}],"wp:term":[{"taxonomy":"product_cat","embeddable":true,"href":"https:\/\/www.phivutabletennis.com\/index.php\/wp-json\/wp\/v2\/product_cat?post=5614"},{"taxonomy":"product_tag","embeddable":true,"href":"https:\/\/www.phivutabletennis.com\/index.php\/wp-json\/wp\/v2\/product_tag?post=5614"}],"curies":[{"name":"wp","href":"https:\/\/api.w.org\/{rel}","templated":true}]}}