{"id":5617,"date":"2024-11-29T21:12:24","date_gmt":"2024-11-29T14:12:24","guid":{"rendered":"https:\/\/www.phivutabletennis.com\/?post_type=product&#038;p=5617"},"modified":"2024-11-29T21:12:25","modified_gmt":"2024-11-29T14:12:25","slug":"dhs-gold-arc-5","status":"publish","type":"product","link":"https:\/\/www.phivutabletennis.com\/index.php\/product\/dhs-gold-arc-5\/","title":{"rendered":"DHS Gold Arc 5"},"content":{"rendered":"<p>Gold Arc 5 k\u1ebft h\u1ee3p thi\u1ebft k\u1ebf gai b\u1ec1n v\u1eefng v\u1edbi c\u00f4ng ngh\u1ec7 BIOS \u0111\u1ec3 mang l\u1ea1i kh\u1ea3 n\u0103ng ki\u1ec3m so\u00e1t \u1ed5n \u0111\u1ecbnh v\u00e0 c\u1ea3m gi\u00e1c tuy\u1ec7t v\u1eddi. S\u1ef1 h\u00e0i h\u00f2a \u0111\u1ed9c \u0111\u00e1o gi\u1eefa \u0111\u1ed9 b\u00e1m v\u00e0 \u0111\u1ed9 c\u0103ng gi\u00fap ng\u01b0\u1eddi ch\u01a1i d\u1ec5 d\u00e0ng ki\u1ec3m so\u00e1t cao su. S\u1ea3n ph\u1ea9m s\u1eed d\u1ee5ng c\u00f4ng ngh\u1ec7 l\u00f3t b\u1ecdt kh\u00ed, c\u1ea3i thi\u1ec7n \u0111\u00e1ng k\u1ec3 v\u1ec1 t\u1ed1c \u0111\u1ed9 so v\u1edbi c\u00e1c d\u00f2ng s\u1ea3n ph\u1ea9m c\u1ee7a DHS tr\u01b0\u1edbc \u0111\u00f3, \u0111\u1ed3ng th\u1eddi v\u1eabn gi\u1eef \u0111\u01b0\u1ee3c t\u00ednh n\u0103ng \u01b0u vi\u1ec7t v\u1ec1 \u0111\u1ed9 xo\u00e1y c\u1ee7a m\u00fat t\u00e0u.<\/p>\n<p>&nbsp;<\/p>\n<p>Gold Arc 5 mang \u0111\u1ebfn cho ng\u01b0\u1eddi ch\u01a1i t\u1ed1c \u0111\u1ed9 v\u00e0 c\u1ea3m gi\u00e1c b\u00f3ng c\u1ee7a m\u00fat Nh\u1eadt v\u00e0 \u0111\u1ed9 xo\u00e1y c\u1ee7a m\u00fat t\u00e0u.<\/p>\n<p>DHS Gold Arc 5 hay Gold arc 5 c\u00f3 2 phi\u00ean b\u1ea3n 42.5 v\u00e0 47.5. R\u1ea5t h\u1ee3p cho \u0111\u00e1nh tr\u00e1i backhand. Phi\u00ean b\u1ea3n 42.5 \u0111\u01b0\u1ee3c nhi\u1ec1u ng\u01b0\u1eddi ch\u01a1i nh\u1ea5t v\u00ec m\u1ec1m d\u1ec5 ki\u1ec3m so\u00e1t. L\u00ean tr\u00e1i r\u1ea5t \u00eam. C\u1eaft nh\u1eefng qu\u1ea3 banh c\u0169ng kh\u00e1 n\u1eb7ng l\u00e0m \u0111\u1ed1i ph\u01b0\u01a1ng r\u1ea5t kh\u00f3 ch\u1ecbu. \u0110\u00e2y \u0111\u01b0\u1ee3c xem l\u00e0 m\u1eb7t v\u1ee3t m\u1edbi nh\u1ea5t c\u1ee7a DHS cho \u0111\u00e1nh backhand.<\/p>\n<p>&nbsp;<\/p>\n<p>&nbsp;<\/p>\n<p><img loading=\"lazy\" decoding=\"async\" class=\"size-full wp-image-41035 aligncenter center-block img-responsive\" src=\"https:\/\/phobongban.vn\/wp-content\/uploads\/2023\/03\/ea9d017e995cd68f085073a5ddacb30a.jpg\" sizes=\"auto, (max-width: 640px) 100vw, 640px\" srcset=\"https:\/\/phobongban.vn\/wp-content\/uploads\/2023\/03\/ea9d017e995cd68f085073a5ddacb30a.jpg 640w, https:\/\/phobongban.vn\/wp-content\/uploads\/2023\/03\/ea9d017e995cd68f085073a5ddacb30a-600x600.jpg 600w, https:\/\/phobongban.vn\/wp-content\/uploads\/2023\/03\/ea9d017e995cd68f085073a5ddacb30a-150x150.jpg 150w, https:\/\/phobongban.vn\/wp-content\/uploads\/2023\/03\/ea9d017e995cd68f085073a5ddacb30a-250x250.jpg 250w, https:\/\/phobongban.vn\/wp-content\/uploads\/2023\/03\/ea9d017e995cd68f085073a5ddacb30a-550x550.jpg 550w, https:\/\/phobongban.vn\/wp-content\/uploads\/2023\/03\/ea9d017e995cd68f085073a5ddacb30a-212x212.jpg 212w\" alt=\"\" width=\"640\" height=\"640\" \/><\/p>\n<h3><span id=\"C_Thong_so_ki_thuat\" class=\"ez-toc-section\"><\/span><strong>Th\u00f4ng s\u1ed1 k\u0129 thu\u1eadt<\/strong><\/h3>\n<p>\u2013 T\u1ed1c \u0111\u1ed9: 9.0<br \/>\n\u2013 Quay: 9.0<br \/>\n\u2013 \u0110i\u1ec1u khi\u1ec3n: 10<br \/>\n\u2013 \u0110\u1ed9 d\u00ednh: 2.3 (H\u01a1i d\u00ednh)<br \/>\n\u2013 C\u00e2n n\u1eb7ng: 4.4 (Trung b\u00ecnh)<br \/>\n\u2013 \u0110\u1ed9 c\u1ee9ng c\u1ee7a mi\u1ebfng b\u1ecdt bi\u1ec3n: 5.3 (Trung b\u00ecnh<\/p>\n<p>1.\u00a0C\u00f4ng ngh\u1ec7 BIOS trong Gold arc 5 ho\u1ea1t \u0111\u1ed9ng nh\u01b0 th\u1ebf n\u00e0o?<\/p>\n<p>C\u00f4ng ngh\u1ec7 BIOS trong Gold arc 5 gi\u00fap h\u00e0i h\u00f2a \u0111\u1ed9 b\u00e1m v\u00e0 \u0111\u1ed9 c\u0103ng, cho ph\u00e9p ng\u01b0\u1eddi ch\u01a1i ki\u1ec3m so\u00e1t cao su m\u1ed9t c\u00e1ch d\u1ec5 d\u00e0ng. \u0110i\u1ec1u n\u00e0y gi\u00fap t\u1ea1o ra c\u00e1c c\u00fa \u0111\u00e1nh m\u1ea1nh m\u1ebd v\u00e0 ch\u00ednh x\u00e1c, n\u00e2ng cao hi\u1ec7u su\u1ea5t trong t\u1eebng tr\u1eadn \u0111\u1ea5u.<\/p>\n<p>2.\u00a0DHS Gold Arc 5 c\u00f3 ph\u00f9 h\u1ee3p cho l\u1ed1i ch\u01a1i t\u1ea5n c\u00f4ng kh\u00f4ng?<\/p>\n<p>C\u00f3, Gold Arc 5 r\u1ea5t ph\u00f9 h\u1ee3p cho l\u1ed1i ch\u01a1i t\u1ea5n c\u00f4ng nh\u1edd kh\u1ea3 n\u0103ng ki\u1ec3m so\u00e1t cao, \u0111\u1ed9 d\u00ednh nh\u1eb9 v\u00e0 nhi\u1ec1u m\u1ee9c t\u1ed1c \u0111\u1ed9. Cao su n\u00e0y gi\u00fap ng\u01b0\u1eddi ch\u01a1i th\u1ef1c hi\u1ec7n c\u00e1c c\u00fa \u0111\u00e1nh uy l\u1ef1c v\u00e0 ch\u00ednh x\u00e1c, t\u1ea1o s\u1ef1 c\u00e2n b\u1eb1ng ho\u00e0n h\u1ea3o gi\u1eefa xo\u00e1y v\u00e0 t\u1ed1c \u0111\u1ed9.<\/p>\n<p>3.\u00a0Gold Arc 5 kh\u00e1c g\u00ec so v\u1edbi c\u00e1c d\u00f2ng cao su kh\u00e1c?<\/p>\n<p>Gold Arc 5 c\u00f3 thi\u1ebft k\u1ebf gai b\u1ec1n v\u1eefng v\u00e0 c\u00f4ng ngh\u1ec7 BIOS, gi\u00fap mang l\u1ea1i kh\u1ea3 n\u0103ng ki\u1ec3m so\u00e1t \u1ed5n \u0111\u1ecbnh v\u00e0 c\u1ea3m gi\u00e1c tuy\u1ec7t v\u1eddi. Cao su n\u00e0y kh\u00f4ng d\u00ednh, ph\u00e1t tri\u1ec3n b\u1edfi c\u00e1c chuy\u00ean gia h\u00e0ng \u0111\u1ea7u, v\u00e0 c\u00f3 \u0111\u1ed9 b\u00e1m nh\u1eb9, tr\u1ecdng l\u01b0\u1ee3ng trung b\u00ecnh v\u00e0 \u0111\u1ed9 c\u1ee9ng m\u00fat trung b\u00ecnh, t\u1ea1o s\u1ef1 c\u00e2n b\u1eb1ng ho\u00e0n h\u1ea3o gi\u1eefa t\u1ed1c \u0111\u1ed9 v\u00e0 ki\u1ec3m so\u00e1t.<\/p>\n","protected":false},"excerpt":{"rendered":"<p>Gold Arc 5 k\u1ebft h\u1ee3p thi\u1ebft k\u1ebf gai b\u1ec1n v\u1eefng v\u1edbi c\u00f4ng ngh\u1ec7 BIOS \u0111\u1ec3 mang l\u1ea1i kh\u1ea3 n\u0103ng ki\u1ec3m so\u00e1t \u1ed5n \u0111\u1ecbnh v\u00e0 c\u1ea3m gi\u00e1c tuy\u1ec7t v\u1eddi. S\u1ef1 h\u00e0i h\u00f2a \u0111\u1ed9c \u0111\u00e1o gi\u1eefa \u0111\u1ed9 b\u00e1m v\u00e0 \u0111\u1ed9 c\u0103ng gi\u00fap ng\u01b0\u1eddi ch\u01a1i d\u1ec5 d\u00e0ng ki\u1ec3m so\u00e1t cao su. S\u1ea3n ph\u1ea9m s\u1eed d\u1ee5ng c\u00f4ng ngh\u1ec7 l\u00f3t [&hellip;]<\/p>\n","protected":false},"featured_media":5619,"comment_status":"open","ping_status":"closed","template":"","meta":{"_eb_attr":""},"product_cat":[172,29],"product_tag":[],"class_list":["post-5617","product","type-product","status-publish","has-post-thumbnail","hentry","product_cat-mat-tau","product_cat-mat-vot"],"_links":{"self":[{"href":"https:\/\/www.phivutabletennis.com\/index.php\/wp-json\/wp\/v2\/product\/5617","targetHints":{"allow":["GET"]}}],"collection":[{"href":"https:\/\/www.phivutabletennis.com\/index.php\/wp-json\/wp\/v2\/product"}],"about":[{"href":"https:\/\/www.phivutabletennis.com\/index.php\/wp-json\/wp\/v2\/types\/product"}],"replies":[{"embeddable":true,"href":"https:\/\/www.phivutabletennis.com\/index.php\/wp-json\/wp\/v2\/comments?post=5617"}],"wp:featuredmedia":[{"embeddable":true,"href":"https:\/\/www.phivutabletennis.com\/index.php\/wp-json\/wp\/v2\/media\/5619"}],"wp:attachment":[{"href":"https:\/\/www.phivutabletennis.com\/index.php\/wp-json\/wp\/v2\/media?parent=5617"}],"wp:term":[{"taxonomy":"product_cat","embeddable":true,"href":"https:\/\/www.phivutabletennis.com\/index.php\/wp-json\/wp\/v2\/product_cat?post=5617"},{"taxonomy":"product_tag","embeddable":true,"href":"https:\/\/www.phivutabletennis.com\/index.php\/wp-json\/wp\/v2\/product_tag?post=5617"}],"curies":[{"name":"wp","href":"https:\/\/api.w.org\/{rel}","templated":true}]}}