{"id":5642,"date":"2024-11-29T21:33:35","date_gmt":"2024-11-29T14:33:35","guid":{"rendered":"https:\/\/www.phivutabletennis.com\/?post_type=product&#038;p=5642"},"modified":"2024-11-29T21:33:36","modified_gmt":"2024-11-29T14:33:36","slug":"stiga-navy-blue","status":"publish","type":"product","link":"https:\/\/www.phivutabletennis.com\/index.php\/product\/stiga-navy-blue\/","title":{"rendered":"STIGA Navy Blue"},"content":{"rendered":"<p>Gi\u00e0y \u0111\u01b0\u1ee3c thi\u1ebft k\u1ebf v\u1edbi v\u1ea3i l\u01b0\u1edbi tho\u1ea3i m\u00e1i v\u00e0 tho\u00e1ng kh\u00ed.d\u00e2y bu\u1ed9c c\u00f3 kh\u00f3a xoay gi\u00fap b\u1ea1n d\u1ec5 d\u00e0ng mang v\u00e0o v\u00e0 th\u00e1o ra.<br \/>\nD\u00e0nh cho nam v\u00e0 n\u1eef.<br \/>\nCh\u1ea5t li\u1ec7u m\u1eb7t tr\u00ean :TPU li\u1ec1n m\u1ea1ch\/l\u01b0\u1edbi ba l\u1edbp\/PU v\u1ecf cao.<br \/>\nCh\u1ea5t li\u1ec7u \u0111\u1ebf :\u0110\u1ebf EVA\/cao su.<br \/>\nSize : 37 38 39 40 41<\/p>\n","protected":false},"excerpt":{"rendered":"<p>Gi\u00e0y \u0111\u01b0\u1ee3c thi\u1ebft k\u1ebf v\u1edbi v\u1ea3i l\u01b0\u1edbi tho\u1ea3i m\u00e1i v\u00e0 tho\u00e1ng kh\u00ed.d\u00e2y bu\u1ed9c c\u00f3 kh\u00f3a xoay gi\u00fap b\u1ea1n d\u1ec5 d\u00e0ng mang v\u00e0o v\u00e0 th\u00e1o ra. D\u00e0nh cho nam v\u00e0 n\u1eef. Ch\u1ea5t li\u1ec7u m\u1eb7t tr\u00ean :TPU li\u1ec1n m\u1ea1ch\/l\u01b0\u1edbi ba l\u1edbp\/PU v\u1ecf cao. Ch\u1ea5t li\u1ec7u \u0111\u1ebf :\u0110\u1ebf EVA\/cao su. Size : 37 38 39 40 41<\/p>\n","protected":false},"featured_media":5634,"comment_status":"open","ping_status":"closed","template":"","meta":{"_eb_attr":""},"product_cat":[59,64],"product_tag":[],"class_list":["post-5642","product","type-product","status-publish","has-post-thumbnail","hentry","product_cat-giay-vo","product_cat-stiga-giay"],"_links":{"self":[{"href":"https:\/\/www.phivutabletennis.com\/index.php\/wp-json\/wp\/v2\/product\/5642","targetHints":{"allow":["GET"]}}],"collection":[{"href":"https:\/\/www.phivutabletennis.com\/index.php\/wp-json\/wp\/v2\/product"}],"about":[{"href":"https:\/\/www.phivutabletennis.com\/index.php\/wp-json\/wp\/v2\/types\/product"}],"replies":[{"embeddable":true,"href":"https:\/\/www.phivutabletennis.com\/index.php\/wp-json\/wp\/v2\/comments?post=5642"}],"wp:featuredmedia":[{"embeddable":true,"href":"https:\/\/www.phivutabletennis.com\/index.php\/wp-json\/wp\/v2\/media\/5634"}],"wp:attachment":[{"href":"https:\/\/www.phivutabletennis.com\/index.php\/wp-json\/wp\/v2\/media?parent=5642"}],"wp:term":[{"taxonomy":"product_cat","embeddable":true,"href":"https:\/\/www.phivutabletennis.com\/index.php\/wp-json\/wp\/v2\/product_cat?post=5642"},{"taxonomy":"product_tag","embeddable":true,"href":"https:\/\/www.phivutabletennis.com\/index.php\/wp-json\/wp\/v2\/product_tag?post=5642"}],"curies":[{"name":"wp","href":"https:\/\/api.w.org\/{rel}","templated":true}]}}