{"id":5644,"date":"2024-12-03T21:09:35","date_gmt":"2024-12-03T14:09:35","guid":{"rendered":"https:\/\/www.phivutabletennis.com\/?post_type=product&#038;p=5644"},"modified":"2024-12-03T21:09:37","modified_gmt":"2024-12-03T14:09:37","slug":"cybershape-wood-cwt-master","status":"publish","type":"product","link":"https:\/\/www.phivutabletennis.com\/index.php\/product\/cybershape-wood-cwt-master\/","title":{"rendered":"Cybershape Wood CWT Master"},"content":{"rendered":"<p>\u0110\u1eb7c t\u00ednh n\u1ed5i b\u1eadt:<\/p>\n<p>C\u1ea3i ti\u1ebfn C\u00f4ng ngh\u1ec7 Tr\u1ecdng l\u01b0\u1ee3ng T\u00f9y ch\u1ec9nh STIGA cho ph\u00e9p ng\u01b0\u1eddi ch\u01a1i \u0111i\u1ec1u ch\u1ec9nh tr\u1ecdng l\u01b0\u1ee3ng v\u00e0 \u0111\u1ed9 c\u00e2n b\u1eb1ng c\u1ee7a c\u1ed1t v\u1ee3t b\u1eb1ng ba tr\u1ecdng l\u01b0\u1ee3ng 3, 6 v\u00e0 9 gram m\u00e0 b\u1ea1n c\u00f3 th\u1ec3 d\u1ec5 d\u00e0ng g\u1eafn v\u00e0o \u0111u\u00f4i c\u00e1n v\u1ee3t v\u1edbi s\u1ef1 tr\u1ee3 gi\u00fap c\u1ee7a nam ch\u00e2m b\u00ean trong c\u1ed1t v\u1ee3t, \u0111i\u1ec1u n\u00e0y t\u1ea1o \u0111i\u1ec1u ki\u1ec7n thu\u1eadn l\u1ee3i cho b\u1ea1n. b\u1ea1n c\u00f3 th\u1ec3 \u0111\u1ea1t \u0111\u01b0\u1ee3c nh\u1eefng \u0111\u1eb7c t\u00ednh ho\u00e0n h\u1ea3o c\u1ee7a c\u00e1 nh\u00e2n m\u00ecnh tr\u00ean c\u1ed1t v\u1ee3t STIGA.<br \/>\nM\u1ed9t c\u1ed1t v\u1ee3t b\u00f3ng b\u00e0n t\u1ea5n c\u00f4ng c\u00f3 h\u00ecnh d\u1ea1ng mang t\u00ednh c\u00e1ch m\u1ea1ng, \u0111ang ch\u1edd c\u1ea5p b\u1eb1ng s\u00e1ng ch\u1ebf v\u00e0 \u0111\u01b0\u1ee3c b\u1ea3o v\u1ec7 v\u1ec1 m\u1eb7t thi\u1ebft k\u1ebf, mang l\u1ea1i di\u1ec7n t\u00edch \u0111\u00e1nh b\u00f3ng \u0111\u01b0\u1ee3c t\u1ed1i \u01b0u h\u00f3a.<br \/>\nS\u1ef1 c\u1ed9ng sinh c\u1ee7a c\u00e1c v\u1eadt li\u1ec7u \u0111\u1ed9c quy\u1ec1n, thi\u1ebft k\u1ebf Cybershape \u0111\u1ed9c \u200b\u200b\u0111\u00e1o v\u00e0 tr\u1ecdng l\u01b0\u1ee3ng CWT c\u00f3 th\u1ec3 t\u00f9y ch\u1ec9nh t\u1ea1o n\u00ean m\u1ed9t c\u1ed1t v\u1ee3t linh ho\u1ea1t ph\u00f9 h\u1ee3p v\u1edbi nhi\u1ec1u phong c\u00e1ch ch\u01a1i kh\u00e1c nhau.<br \/>\n\u0110\u01b0\u1ee3c ph\u00e1t tri\u1ec3n c\u00f9ng v\u1edbi nh\u1eefng ng\u01b0\u1eddi ch\u01a1i chuy\u00ean nghi\u1ec7p c\u1ee7a STIGA \u0111\u1ec3 ho\u1ea1t \u0111\u1ed9ng t\u1ed1i \u01b0u v\u1edbi nhi\u1ec1u lo\u1ea1i m\u1eb7t v\u1ee3t b\u00f3ng b\u00e0n c\u1ee7a STIGA.<br \/>\nTheo c\u00e1c ph\u00e9p \u0111o t\u1eeb c\u00e1c th\u1eed nghi\u1ec7m \u0111\u01b0\u1ee3c th\u1ef1c hi\u1ec7n v\u1edbi s\u1ef1 c\u1ed9ng t\u00e1c c\u1ee7a KTH, Cybershape c\u00f3 \u0111i\u1ec3m ng\u1ecdt l\u1edbn h\u01a1n \u0111\u01b0\u1ee3c \u0111\u1eb7t \u1edf v\u1ecb tr\u00ed cao h\u01a1n tr\u00ean l\u01b0\u1ee1i v\u1ee3t so v\u1edbi h\u00ecnh d\u1ea1ng ti\u00eau chu\u1ea9n gi\u00fap mang l\u1ea1i nhi\u1ec1u l\u1ef1c h\u01a1n trong c\u00e1c c\u00fa \u0111\u00e1nh c\u1ee7a b\u1ea1n m\u00e0 kh\u00f4ng l\u00e0m m\u1ea5t quy\u1ec1n ki\u1ec3m so\u00e1t b\u00f3ng.<br \/>\nC\u00e1n v\u1ee3t \u0111\u01b0\u1ee3c l\u00e0m b\u1eb1ng g\u1ed7 \u00dd ch\u1ea5t l\u01b0\u1ee3ng h\u00e0ng \u0111\u1ea7u v\u00e0 c\u00f3 b\u1ec1 m\u1eb7t nh\u00e1m \u0111\u1ea3m b\u1ea3o b\u1ec1 m\u1eb7t c\u1ea7m n\u1eafm t\u1ed1i \u01b0u m\u00e0 c\u00e1n v\u1ee3t\u00a0 kh\u00f4ng c\u00f3 c\u1ea3m gi\u00e1c tr\u01a1n tr\u01b0\u1ee3t.<br \/>\nB\u1ec1 m\u1eb7t \u0111\u01b0\u1ee3c s\u01a1n m\u00e0i t\u1ea1i nh\u00e0 m\u00e1y .<\/p>\n","protected":false},"excerpt":{"rendered":"<p>\u0110\u1eb7c t\u00ednh n\u1ed5i b\u1eadt: C\u1ea3i ti\u1ebfn C\u00f4ng ngh\u1ec7 Tr\u1ecdng l\u01b0\u1ee3ng T\u00f9y ch\u1ec9nh STIGA cho ph\u00e9p ng\u01b0\u1eddi ch\u01a1i \u0111i\u1ec1u ch\u1ec9nh tr\u1ecdng l\u01b0\u1ee3ng v\u00e0 \u0111\u1ed9 c\u00e2n b\u1eb1ng c\u1ee7a c\u1ed1t v\u1ee3t b\u1eb1ng ba tr\u1ecdng l\u01b0\u1ee3ng 3, 6 v\u00e0 9 gram m\u00e0 b\u1ea1n c\u00f3 th\u1ec3 d\u1ec5 d\u00e0ng g\u1eafn v\u00e0o \u0111u\u00f4i c\u00e1n v\u1ee3t v\u1edbi s\u1ef1 tr\u1ee3 gi\u00fap c\u1ee7a nam ch\u00e2m [&hellip;]<\/p>\n","protected":false},"featured_media":5646,"comment_status":"open","ping_status":"closed","template":"","meta":{"_eb_attr":""},"product_cat":[77,26],"product_tag":[],"class_list":["post-5644","product","type-product","status-publish","has-post-thumbnail","hentry","product_cat-stiga-cot-vot","product_cat-cot-vot"],"_links":{"self":[{"href":"https:\/\/www.phivutabletennis.com\/index.php\/wp-json\/wp\/v2\/product\/5644","targetHints":{"allow":["GET"]}}],"collection":[{"href":"https:\/\/www.phivutabletennis.com\/index.php\/wp-json\/wp\/v2\/product"}],"about":[{"href":"https:\/\/www.phivutabletennis.com\/index.php\/wp-json\/wp\/v2\/types\/product"}],"replies":[{"embeddable":true,"href":"https:\/\/www.phivutabletennis.com\/index.php\/wp-json\/wp\/v2\/comments?post=5644"}],"wp:featuredmedia":[{"embeddable":true,"href":"https:\/\/www.phivutabletennis.com\/index.php\/wp-json\/wp\/v2\/media\/5646"}],"wp:attachment":[{"href":"https:\/\/www.phivutabletennis.com\/index.php\/wp-json\/wp\/v2\/media?parent=5644"}],"wp:term":[{"taxonomy":"product_cat","embeddable":true,"href":"https:\/\/www.phivutabletennis.com\/index.php\/wp-json\/wp\/v2\/product_cat?post=5644"},{"taxonomy":"product_tag","embeddable":true,"href":"https:\/\/www.phivutabletennis.com\/index.php\/wp-json\/wp\/v2\/product_tag?post=5644"}],"curies":[{"name":"wp","href":"https:\/\/api.w.org\/{rel}","templated":true}]}}