{"id":5656,"date":"2024-12-03T21:10:58","date_gmt":"2024-12-03T14:10:58","guid":{"rendered":"https:\/\/www.phivutabletennis.com\/?post_type=product&#038;p=5656"},"modified":"2024-12-03T21:10:59","modified_gmt":"2024-12-03T14:10:59","slug":"stiga-cybershape-carbon-cwt","status":"publish","type":"product","link":"https:\/\/www.phivutabletennis.com\/index.php\/product\/stiga-cybershape-carbon-cwt\/","title":{"rendered":"Stiga Cybershape Carbon CWT"},"content":{"rendered":"<div>\u0110\u1eb7c t\u00ednh n\u1ed5i b\u1eadt:<br \/>\nC\u1ea3i ti\u1ebfn C\u00f4ng ngh\u1ec7 Tr\u1ecdng l\u01b0\u1ee3ng T\u00f9y ch\u1ec9nh STIGA cho ph\u00e9p ng\u01b0\u1eddi ch\u01a1i \u0111i\u1ec1u ch\u1ec9nh tr\u1ecdng l\u01b0\u1ee3ng v\u00e0 \u0111\u1ed9 c\u00e2n b\u1eb1ng c\u1ee7a m\u1eb7t v\u1ee3t b\u1eb1ng ba tr\u1ecdng l\u01b0\u1ee3ng 3, 6 v\u00e0 9 gram m\u00e0 ng\u01b0\u1eddi ch\u01a1i c\u00f3 th\u1ec3 d\u1ec5 d\u00e0ng g\u1eafn v\u00e0o \u0111u\u00f4i c\u00e1n v\u1ee3t v\u1edbi s\u1ef1 tr\u1ee3 gi\u00fap c\u1ee7a nam ch\u00e2m b\u00ean trong\u00a0 , \u0111i\u1ec1u n\u00e0y t\u1ea1o \u0111i\u1ec1u ki\u1ec7n thu\u1eadn l\u1ee3i cho ng\u01b0\u1eddi ch\u01a1i c\u00f3 th\u1ec3 \u0111\u1ea1t \u0111\u01b0\u1ee3c nh\u1eefng \u0111\u1eb7c t\u00ednh ho\u00e0n h\u1ea3o c\u1ee7a c\u00e1 nh\u00e2n m\u00ecnh tr\u00ean c\u1ed1t v\u1ee3t\u00a0 STIGA.<br \/>\nM\u1ed9t c\u1ed1t v\u1ee3t b\u00f3ng b\u00e0n t\u1ea5n c\u00f4ng c\u00f3 h\u00ecnh d\u1ea1ng mang t\u00ednh c\u00e1ch m\u1ea1ng, \u0111ang ch\u1edd c\u1ea5p b\u1eb1ng s\u00e1ng ch\u1ebf v\u00e0 \u0111\u01b0\u1ee3c b\u1ea3o v\u1ec7 v\u1ec1 m\u1eb7t thi\u1ebft k\u1ebf, mang l\u1ea1i di\u1ec7n t\u00edch \u0111\u00e1nh b\u00f3ng \u0111\u01b0\u1ee3c t\u1ed1i \u01b0u h\u00f3a.<br \/>\nS\u1ef1 c\u1ed9ng sinh c\u1ee7a c\u00e1c v\u1eadt li\u1ec7u \u0111\u1ed9c quy\u1ec1n, thi\u1ebft k\u1ebf Cybershape \u0111\u1ed9c \u200b\u200b\u0111\u00e1o v\u00e0 tr\u1ecdng l\u01b0\u1ee3ng CWT c\u00f3 th\u1ec3 t\u00f9y ch\u1ec9nh t\u1ea1o n\u00ean m\u1ed9t c\u1ed1t v\u1ee3t linh ho\u1ea1t ph\u00f9 h\u1ee3p v\u1edbi nhi\u1ec1u phong c\u00e1ch ch\u01a1i kh\u00e1c nhau.<br \/>\nC\u00f4ng ngh\u1ec7 CCF v\u1edbi l\u1edbp s\u1ee3i carbon tr\u00ean l\u00f5i g\u1ed7 cho c\u1ea3m gi\u00e1c ch\u1ea1m nh\u1eb9 nh\u00e0ng h\u01a1n v\u00e0 kh\u1ea3 n\u0103ng ki\u1ec3m so\u00e1t t\u1ed1t h\u01a1n.<br \/>\nC\u00e1n v\u1ee3t \u0111\u01b0\u1ee3c l\u00e0m b\u1eb1ng g\u1ed7 ch\u1ea5t l\u01b0\u1ee3ng h\u00e0ng \u0111\u1ea7u v\u00e0 c\u00f3 \u0111\u1ed9 nh\u00e1m b\u1ec1 m\u1eb7t \u0111\u1ea3m b\u1ea3o b\u1ec1 m\u1eb7t c\u1ea7m n\u1eafm t\u1ed1i \u01b0u m\u00e0 tay c\u1ea7m kh\u00f4ng c\u00f3 c\u1ea3m gi\u00e1c tr\u01a1n tr\u01b0\u1ee3t.<br \/>\nB\u1ec1 m\u1eb7t \u0111\u01b0\u1ee3c s\u01a1n m\u00e0i t\u1ea1i nh\u00e0 m\u00e1y<\/div>\n<div>H\u00e3y tr\u1edf th\u00e0nh ng\u01b0\u1eddi\u00a0 s\u1edbm nh\u1ea5t tham gia STIGA CWT<\/div>\n<div><\/div>\n<div>Cybershape \u2013 m\u1ed9t lo\u1ea1i v\u1ee3t ho\u00e0n to\u00e0n m\u1edbi v\u1edbi h\u00ecnh d\u1ea1ng \u0111\u1ed9c \u0111\u00e1o v\u00e0 di\u1ec7n t\u00edch \u0111\u00e1nh l\u1edbn h\u01a1n! Cybershape l\u00e0 m\u1ed9t c\u1ed1t v\u1ee3t b\u00f3ng b\u00e0n kh\u00f4ng gi\u1ed1ng b\u1ea5t c\u1ee9 th\u1ee9 g\u00ec b\u1ea1n t\u1eebng th\u1ea5y tr\u01b0\u1edbc \u0111\u00e2y. N\u00f3 kh\u00f4ng ch\u1ec9 c\u00f3 h\u00ecnh d\u00e1ng \u0111\u1ed9c \u0111\u00e1o v\u00e0 \u1ea5n t\u01b0\u1ee3ng m\u00e0 c\u00f2n c\u00f3 di\u1ec7n t\u00edch \u0111\u00e1nh \u0111\u01b0\u1ee3c t\u1ed1i \u01b0u h\u00f3a. Nghi\u00ean c\u1ee9u c\u1ee7a ch\u00fang t\u00f4i \u0111\u00e3 ch\u1ec9 ra r\u1eb1ng \u0111\u1ed1i v\u1edbi ph\u1ea7n l\u1edbn ng\u01b0\u1eddi ch\u01a1i, khu v\u1ef1c \u0111\u00e1nh t\u1ed1i \u01b0u c\u1ee7a h\u1ecd l\u00e0 \u1edf n\u1eeda tr\u00ean c\u1ee7a m\u1eb7t v\u1ee3t. V\u00ec v\u1eady, ch\u00fang t\u00f4i \u0111\u00e3 t\u1ed1i \u01b0u h\u00f3a v\u00f9ng \u0111\u00e1nh \u0111\u1ec3 n\u00f3 l\u1edbn h\u01a1n so v\u1edbi h\u00ecnh d\u1ea1ng truy\u1ec1n th\u1ed1ng c\u1ee7a n\u1eeda tr\u00ean c\u1ee7a m\u1eb7t v\u00e0 nh\u1ecf h\u01a1n m\u1ed9t ch\u00fat \u1edf n\u1eeda d\u01b0\u1edbi \u0111\u1ec3 duy tr\u00ec s\u1ef1 c\u00e2n b\u1eb1ng c\u1ee7a m\u1eb7t v\u1ee3t. M\u1ed9t trong nh\u1eefng t\u00ednh n\u0103ng \u0111\u1eb7c bi\u1ec7t c\u1ee7a Cybershape l\u00e0, trong qu\u00e1 tr\u00ecnh tr\u1ea3 b\u00f3ng, khu v\u1ef1c \u0111\u00e1nh g\u1ea7n b\u00e0n h\u01a1n t\u1edbi 6,5 cm so v\u1edbi 2,5 cm c\u1ee7a v\u1ee3t tr\u00f2n. V\u00ec ph\u1ea7n l\u1edbn c\u00e1c c\u00fa \u0111\u00e1nh c\u1ee7a ng\u01b0\u1eddi ch\u01a1i chuy\u00ean nghi\u1ec7p (c\u1ea3 tr\u00e1i tay v\u00e0 thu\u1eadn tay) \u0111\u1ec1u \u0111\u01b0\u1ee3c th\u1ef1c hi\u1ec7n \u1edf n\u1eeda tr\u00ean c\u1ee7a m\u1eb7t v\u1ee3t, n\u00ean ch\u00ednh \u1edf \u0111\u00e2y Cybershape \u0111\u00e3 v\u01b0\u1ee3t tr\u1ed9i. V\u00ed d\u1ee5, v\u00f9ng \u0111\u00e1nh b\u00f3ng l\u1edbn h\u01a1n mang l\u1ea1i \u0111i\u1ec3m ng\u1ecdt \u0111\u01b0\u1ee3c c\u1ea3i thi\u1ec7n, do \u0111\u00f3 gi\u00fap ng\u01b0\u1eddi ch\u01a1i d\u1ec5 d\u00e0ng ki\u1ec3m so\u00e1t c\u00e1c c\u00fa giao b\u00f3ng ng\u1eafn v\u00e0 tr\u1ea3 b\u00f3ng c\u1ee7a m\u00ecnh h\u01a1n. Do di\u1ec7n t\u00edch \u0111\u00e1nh \u1edf ph\u1ea7n tr\u00ean \u0111\u01b0\u1ee3c m\u1edf r\u1ed9ng n\u00ean ph\u1ea7n d\u01b0\u1edbi \u0111\u01b0\u1ee3c gi\u1ea3m 2% \u0111\u1ec3 kh\u00f4ng khi\u1ebfn c\u1ed1t v\u1ee3t qu\u00e1 n\u1eb7ng v\u00e0 g\u00e2y m\u1ea5t c\u00e2n b\u1eb1ng. Cybershape l\u00e0 lo\u1ea1i v\u1ee3t 5+2 l\u1edbp d\u1ef1a tr\u00ean c\u00f4ng ngh\u1ec7 CCF (Close Core Fibre), ngh\u0129a l\u00e0 l\u1edbp carbon n\u1eb1m ngay tr\u00ean l\u00f5i g\u1ed7. K\u1ebft qu\u1ea3 l\u00e0 b\u1ea1n c\u00f3 th\u1ec3 ki\u1ec3m so\u00e1t t\u1ed1t h\u01a1n v\u00e0 t\u0103ng t\u1ed1c \u0111\u1ed9 trong tr\u1eadn \u0111\u1ea5u c\u1ee7a m\u00ecnh. B\u1eb1ng v\u1eadt li\u1ec7u composite s\u1ee3i carbon nh\u1eb9 v\u00e0 c\u00f3 c\u00f4ng ngh\u1ec7 ti\u00ean ti\u1ebfn do \u0110\u1ee9c s\u1ea3n xu\u1ea5t, ch\u00fang t\u00f4i c\u00f3 th\u1ec3 gi\u1ea3m tr\u1ecdng l\u01b0\u1ee3ng c\u1ee7a n\u00f3, do \u0111\u00f3, m\u1eb7c d\u00f9 Cyberspace c\u00f3 di\u1ec7n t\u00edch b\u1ec1 m\u1eb7t l\u1edbn h\u01a1n c\u1ed1t v\u1ee3t th\u00f4ng th\u01b0\u1eddng nh\u01b0ng n\u00f3 kh\u00f4ng n\u1eb7ng h\u01a1n. H\u00ecnh d\u1ea1ng \u0111\u1ed9c \u0111\u00e1o c\u1ee7a Cybershape c\u0169ng gi\u00fap ng\u01b0\u1eddi ch\u01a1i d\u1ec5 d\u00e0ng quan s\u00e1t khu v\u1ef1c \u0111\u00e1nh khi giao b\u00f3ng h\u01a1n. Nh\u1edd c\u00e1c g\u00f3c kh\u00e1c nhau, ng\u01b0\u1eddi ch\u01a1i c\u00f3 s\u00e1u g\u00f3c \u0111\u1ec3 l\u1ef1a ch\u1ecdn, t\u00f9y thu\u1ed9c v\u00e0o lo\u1ea1i v\u00e0 m\u1ee9c \u0111\u1ed9 quay m\u00e0 h\u1ecd mu\u1ed1n. Ph\u1ed1i h\u1ee3p v\u1edbi Vi\u1ec7n C\u00f4ng ngh\u1ec7 Ho\u00e0ng gia KTH, ch\u00fang t\u00f4i c\u0169ng \u0111\u00e3 th\u1eed nghi\u1ec7m \u0111\u1eb7c t\u00ednh rung c\u1ee7a Cybershape, t\u1ee9c l\u00e0 c\u00e1ch c\u1ed1t v\u1ee3t ph\u1ea3n \u1ee9ng khi g\u1eb7p qu\u1ea3 b\u00f3ng. C\u00e1c th\u1eed nghi\u1ec7m cho th\u1ea5y Cybershape c\u00f3 \u0111i\u1ec3m ng\u1ecdt l\u1edbn h\u01a1n n\u1eb1m xa h\u01a1n tr\u00ean m\u1eb7t v\u1ee3t khi so s\u00e1nh v\u1edbi m\u1ed9t m\u1eb7t v\u1ee3t c\u00f3 h\u00ecnh d\u1ea1ng th\u00f4ng th\u01b0\u1eddng. \u0110\u00e1p \u1ee9ng t\u1ea7n s\u1ed1 c\u0169ng tuy\u1ebfn t\u00ednh h\u01a1n, c\u00f3 ngh\u0129a l\u00e0 c\u00e1c rung \u0111\u1ed9ng \u0111\u01b0\u1ee3c truy\u1ec1n t\u1ea3i kh\u00e1c nhau \u0111\u1ebfn c\u00e1n v\u1ee3t v\u00e0 b\u00e0n tay. \u0110\u1ed1i v\u1edbi ng\u01b0\u1eddi ch\u01a1i, \u0111i\u1ec1u n\u00e0y c\u00f3 ngh\u0129a l\u00e0 m\u1ed9t c\u1ea3m gi\u00e1c ho\u00e0n to\u00e0n m\u1edbi v\u00e0 \u0111\u1ed9c \u0111\u00e1o khi ch\u01a1i so v\u1edbi v\u1ee3t truy\u1ec1n th\u1ed1ng.<\/div>\n","protected":false},"excerpt":{"rendered":"<p>\u0110\u1eb7c t\u00ednh n\u1ed5i b\u1eadt: C\u1ea3i ti\u1ebfn C\u00f4ng ngh\u1ec7 Tr\u1ecdng l\u01b0\u1ee3ng T\u00f9y ch\u1ec9nh STIGA cho ph\u00e9p ng\u01b0\u1eddi ch\u01a1i \u0111i\u1ec1u ch\u1ec9nh tr\u1ecdng l\u01b0\u1ee3ng v\u00e0 \u0111\u1ed9 c\u00e2n b\u1eb1ng c\u1ee7a m\u1eb7t v\u1ee3t b\u1eb1ng ba tr\u1ecdng l\u01b0\u1ee3ng 3, 6 v\u00e0 9 gram m\u00e0 ng\u01b0\u1eddi ch\u01a1i c\u00f3 th\u1ec3 d\u1ec5 d\u00e0ng g\u1eafn v\u00e0o \u0111u\u00f4i c\u00e1n v\u1ee3t v\u1edbi s\u1ef1 tr\u1ee3 gi\u00fap c\u1ee7a nam [&hellip;]<\/p>\n","protected":false},"featured_media":5651,"comment_status":"open","ping_status":"closed","template":"","meta":{"_eb_attr":""},"product_cat":[77,26],"product_tag":[],"class_list":["post-5656","product","type-product","status-publish","has-post-thumbnail","hentry","product_cat-stiga-cot-vot","product_cat-cot-vot"],"_links":{"self":[{"href":"https:\/\/www.phivutabletennis.com\/index.php\/wp-json\/wp\/v2\/product\/5656","targetHints":{"allow":["GET"]}}],"collection":[{"href":"https:\/\/www.phivutabletennis.com\/index.php\/wp-json\/wp\/v2\/product"}],"about":[{"href":"https:\/\/www.phivutabletennis.com\/index.php\/wp-json\/wp\/v2\/types\/product"}],"replies":[{"embeddable":true,"href":"https:\/\/www.phivutabletennis.com\/index.php\/wp-json\/wp\/v2\/comments?post=5656"}],"wp:featuredmedia":[{"embeddable":true,"href":"https:\/\/www.phivutabletennis.com\/index.php\/wp-json\/wp\/v2\/media\/5651"}],"wp:attachment":[{"href":"https:\/\/www.phivutabletennis.com\/index.php\/wp-json\/wp\/v2\/media?parent=5656"}],"wp:term":[{"taxonomy":"product_cat","embeddable":true,"href":"https:\/\/www.phivutabletennis.com\/index.php\/wp-json\/wp\/v2\/product_cat?post=5656"},{"taxonomy":"product_tag","embeddable":true,"href":"https:\/\/www.phivutabletennis.com\/index.php\/wp-json\/wp\/v2\/product_tag?post=5656"}],"curies":[{"name":"wp","href":"https:\/\/api.w.org\/{rel}","templated":true}]}}