{"id":5657,"date":"2024-12-03T21:12:05","date_gmt":"2024-12-03T14:12:05","guid":{"rendered":"https:\/\/www.phivutabletennis.com\/?post_type=product&#038;p=5657"},"modified":"2024-12-03T21:12:06","modified_gmt":"2024-12-03T14:12:06","slug":"clipper-cybershape","status":"publish","type":"product","link":"https:\/\/www.phivutabletennis.com\/index.php\/product\/clipper-cybershape\/","title":{"rendered":"Clipper Cybershape"},"content":{"rendered":"<p>M\u1ed9t s\u1ea3n ph\u1ea9m STIGA c\u1ed5 \u0111i\u1ec3n \u0111\u00edch th\u1ef1c v\u1edbi thi\u1ebft k\u1ebf Cybershape!<br \/>\n\u0110i\u1ec3m ng\u1ecdt l\u1edbn h\u01a1n \u1edf v\u1ecb tr\u00ed cao h\u01a1n tr\u00ean m\u1eb7t v\u1ee3t \u0111\u1ec3 mang l\u1ea1i nh\u1eefng c\u00fa \u0111\u00e1nh m\u1ea1nh h\u01a1n m\u00e0 kh\u00f4ng m\u1ea5t kh\u1ea3 n\u0103ng ki\u1ec3m so\u00e1t.<br \/>\nC\u1ed1t v\u1ee3t b\u00f3ng b\u00e0n t\u1ea5n c\u00f4ng v\u1edbi 7 l\u1edbp g\u1ed7 \u0111\u1ed9c quy\u1ec1n v\u00e0 thi\u1ebft k\u1ebf Cybershape \u0111\u1ed9c \u200b\u200b\u0111\u00e1o.<br \/>\n\u0110\u01b0\u1ee3c c\u00f4ng nh\u1eadn v\u1ec1 t\u1ed1c \u0111\u1ed9 v\u00e0 \u0111\u01b0\u1ee3c nhi\u1ec1u ng\u01b0\u1eddi ch\u01a1i h\u00e0ng \u0111\u1ea7u s\u1eed d\u1ee5ng.<br \/>\nC\u1ed1t v\u1ee3t nhanh v\u1edbi c\u1ea3m gi\u00e1c STIGA kh\u00f4ng th\u1ec3 nh\u1ea7m l\u1eabn v\u00e0 b\u1ec1 m\u1eb7t \u0111\u00e1nh l\u1edbn h\u01a1n, t\u1ed1i \u01b0u h\u01a1n.<br \/>\nL\u00fd t\u01b0\u1edfng cho nh\u1eefng ng\u01b0\u1eddi ch\u01a1i c\u00f3 kinh nghi\u1ec7m \u0111ang t\u00ecm ki\u1ebfm th\u00eam \u201cTouch\u201d trong m\u1ed7i c\u00fa \u0111\u00e1nh.<br \/>\n\u1ed0ng k\u00ednh \u0111\u1ed9c quy\u1ec1n b\u1eb1ng th\u00e9p kh\u00f4ng g\u1ec9.<\/p>\n<p>&nbsp;<\/p>\n<p>S\u1ef0 MI\u00caU T\u1ea2<\/p>\n<p>Clipper Cybershape \u2013 m\u1ed9t s\u1ea3n ph\u1ea9m c\u1ed5 \u0111i\u1ec3n \u0111\u01b0\u1ee3c c\u1eadp nh\u1eadt!<\/p>\n<p>K\u1ec3 t\u1eeb khi \u0111\u01b0\u1ee3c ph\u00e1t h\u00e0nh v\u00e0o n\u0103m 1981, c\u1ed1t v\u1ee3t Clipper Wood \u0111\u00e3 v\u00f4 c\u00f9ng ph\u1ed5 bi\u1ebfn \u0111\u1ed1i v\u1edbi nh\u1eefng ng\u01b0\u1eddi ch\u01a1i h\u00e0ng \u0111\u1ea7u nh\u1edd t\u1ed1c \u0111\u1ed9 c\u1ee7a n\u00f3. Clipper Wood \u0111\u01b0\u1ee3c ph\u00e1t tri\u1ec3n v\u1edbi s\u1ef1 h\u1ee3p t\u00e1c ch\u1eb7t ch\u1ebd v\u1edbi \u0111\u1ed9i tuy\u1ec3n qu\u1ed1c gia Trung Qu\u1ed1c v\u00e0 \u0111\u01b0\u1ee3c thi\u1ebft k\u1ebf d\u00e0nh cho nh\u1eefng ng\u01b0\u1eddi ch\u01a1i mu\u1ed1n c\u00f3 th\u00eam s\u1ee9c m\u1ea1nh trong c\u00e1c c\u00fa \u0111\u00e1nh c\u1ee7a m\u00ecnh. Lo\u1ea1i c\u1ed5 \u0111i\u1ec3n t\u1ea5n c\u00f4ng n\u00e0y, v\u1edbi 7 l\u1edbp g\u1ed7 \u0111\u1ed9c quy\u1ec1n v\u00e0 c\u1ea3m gi\u00e1c STIGA huy\u1ec1n tho\u1ea1i, hi\u1ec7n \u0111\u00e3 c\u00f3 phi\u00ean b\u1ea3n m\u1edbi v\u1edbi thi\u1ebft k\u1ebf Cybershape \u0111\u1ed9c \u200b\u200b\u0111\u00e1o.<\/p>\n<p>V\u1edbi Clipper Cybershape, b\u1ea1n s\u1ebd kh\u00f4ng ch\u1ec9 c\u00f3 c\u1ed1t v\u1ee3t t\u1ed1c \u0111\u1ed9 v\u00e0 c\u00e1c \u0111\u1eb7c \u0111i\u1ec3m ch\u01a1i n\u1ed5i ti\u1ebfng; b\u1ea1n c\u0169ng c\u00f3 \u0111\u01b0\u1ee3c thi\u1ebft k\u1ebf Cybershape ph\u1ed5 bi\u1ebfn v\u1edbi b\u1ec1 m\u1eb7t \u0111\u00e1nh l\u1edbn h\u01a1n, t\u1ed1i \u01b0u h\u01a1n v\u00e0 tr\u1ecdng t\u00e2m cao h\u01a1n tr\u00ean m\u1eb7t v\u1ee3t. \u0110i\u1ec3m ng\u1ecdt cao h\u01a1n c\u00f3 ngh\u0129a l\u00e0 b\u1ea1n c\u00f3 th\u1ec3 \u0111\u1ea1t \u0111\u01b0\u1ee3c t\u00e1c \u0111\u1ed9ng \u1ed5n \u0111\u1ecbnh h\u01a1n v\u00e0 nh\u1eefng c\u00fa \u0111\u00e1nh m\u1ea1nh h\u01a1n m\u00e0 kh\u00f4ng ph\u1ea3i hy sinh kh\u1ea3 n\u0103ng ki\u1ec3m so\u00e1t \u2013 mang l\u1ea1i nh\u1eefng l\u1ee3i th\u1ebf kh\u00f4ng th\u1ec3 t\u00ecm th\u1ea5y \u1edf c\u00e1c lo\u1ea1i v\u1ee3t truy\u1ec1n th\u1ed1ng.<\/p>\n<p>Clipper Cybershape l\u00e0 s\u1ef1 l\u1ef1a ch\u1ecdn tuy\u1ec7t v\u1eddi cho nh\u1eefng ng\u01b0\u1eddi ch\u01a1i \u0111ang t\u00ecm ki\u1ebfm m\u1ed9t c\u1ed1t v\u1ee3t mang l\u1ea1i nhi\u1ec1u s\u1ee9c m\u1ea1nh h\u01a1n trong m\u1ed7i c\u00fa \u0111\u00e1nh.<\/p>\n","protected":false},"excerpt":{"rendered":"<p>M\u1ed9t s\u1ea3n ph\u1ea9m STIGA c\u1ed5 \u0111i\u1ec3n \u0111\u00edch th\u1ef1c v\u1edbi thi\u1ebft k\u1ebf Cybershape! \u0110i\u1ec3m ng\u1ecdt l\u1edbn h\u01a1n \u1edf v\u1ecb tr\u00ed cao h\u01a1n tr\u00ean m\u1eb7t v\u1ee3t \u0111\u1ec3 mang l\u1ea1i nh\u1eefng c\u00fa \u0111\u00e1nh m\u1ea1nh h\u01a1n m\u00e0 kh\u00f4ng m\u1ea5t kh\u1ea3 n\u0103ng ki\u1ec3m so\u00e1t. C\u1ed1t v\u1ee3t b\u00f3ng b\u00e0n t\u1ea5n c\u00f4ng v\u1edbi 7 l\u1edbp g\u1ed7 \u0111\u1ed9c quy\u1ec1n v\u00e0 thi\u1ebft k\u1ebf Cybershape [&hellip;]<\/p>\n","protected":false},"featured_media":5655,"comment_status":"open","ping_status":"closed","template":"","meta":{"_eb_attr":""},"product_cat":[77,26],"product_tag":[],"class_list":["post-5657","product","type-product","status-publish","has-post-thumbnail","hentry","product_cat-stiga-cot-vot","product_cat-cot-vot"],"_links":{"self":[{"href":"https:\/\/www.phivutabletennis.com\/index.php\/wp-json\/wp\/v2\/product\/5657","targetHints":{"allow":["GET"]}}],"collection":[{"href":"https:\/\/www.phivutabletennis.com\/index.php\/wp-json\/wp\/v2\/product"}],"about":[{"href":"https:\/\/www.phivutabletennis.com\/index.php\/wp-json\/wp\/v2\/types\/product"}],"replies":[{"embeddable":true,"href":"https:\/\/www.phivutabletennis.com\/index.php\/wp-json\/wp\/v2\/comments?post=5657"}],"wp:featuredmedia":[{"embeddable":true,"href":"https:\/\/www.phivutabletennis.com\/index.php\/wp-json\/wp\/v2\/media\/5655"}],"wp:attachment":[{"href":"https:\/\/www.phivutabletennis.com\/index.php\/wp-json\/wp\/v2\/media?parent=5657"}],"wp:term":[{"taxonomy":"product_cat","embeddable":true,"href":"https:\/\/www.phivutabletennis.com\/index.php\/wp-json\/wp\/v2\/product_cat?post=5657"},{"taxonomy":"product_tag","embeddable":true,"href":"https:\/\/www.phivutabletennis.com\/index.php\/wp-json\/wp\/v2\/product_tag?post=5657"}],"curies":[{"name":"wp","href":"https:\/\/api.w.org\/{rel}","templated":true}]}}