{"id":5658,"date":"2024-12-03T21:14:15","date_gmt":"2024-12-03T14:14:15","guid":{"rendered":"https:\/\/www.phivutabletennis.com\/?post_type=product&#038;p=5658"},"modified":"2024-12-03T21:14:16","modified_gmt":"2024-12-03T14:14:16","slug":"cybershape-carbon","status":"publish","type":"product","link":"https:\/\/www.phivutabletennis.com\/index.php\/product\/cybershape-carbon\/","title":{"rendered":"Cybershape Carbon"},"content":{"rendered":"<p>M\u1ed9t c\u1ed1t v\u1ee3t b\u00f3ng b\u00e0n t\u1ea5n c\u00f4ng c\u00f3 h\u00ecnh d\u1ea1ng mang t\u00ednh c\u00e1ch m\u1ea1ng, \u0111ang ch\u1edd c\u1ea5p b\u1eb1ng s\u00e1ng ch\u1ebf v\u00e0 \u0111\u01b0\u1ee3c b\u1ea3o v\u1ec7 v\u1ec1 m\u1eb7t thi\u1ebft k\u1ebf, mang l\u1ea1i di\u1ec7n t\u00edch \u0111\u00e1nh b\u00f3ng \u0111\u01b0\u1ee3c t\u1ed1i \u01b0u h\u00f3a.<br \/>\nCybershape Carbon \u0111\u01b0\u1ee3c ph\u00ea duy\u1ec7t cho m\u1ecdi lo\u1ea1i h\u00ecnh thi \u0111\u1ea5u.<br \/>\nNghi\u00ean c\u1ee9u c\u1ee7a ch\u00fang t\u00f4i \u0111\u00e3 ch\u1ec9 ra r\u1eb1ng, v\u00f9ng \u0111\u00e1nh t\u1ed1i \u01b0u n\u1eb1m \u1edf n\u1eeda tr\u00ean c\u1ee7a c\u1ed1t v\u1ee3t. \u0110\u00f3 l\u00e0 l\u00fd do t\u1ea1i sao ch\u00fang t\u00f4i \u0111\u00e3 t\u1ed1i \u01b0u h\u00f3a v\u00f9ng \u0111\u00e1nh l\u1edbn h\u01a1n 11% \u0111\u1ed1i v\u1edbi ki\u1ec3u c\u1ea7m v\u1ee3t ngang v\u00e0 l\u1edbn h\u01a1n 9% \u0111\u1ed1i v\u1edbi ki\u1ec3u c\u1ea7m v\u1ee3t d\u1ecdc so v\u1edbi v\u1ee3t truy\u1ec1n th\u1ed1ng.<br \/>\nC\u00f4ng ngh\u1ec7 CCF v\u1edbi l\u1edbp s\u1ee3i carbon tr\u00ean l\u00f5i g\u1ed7 cho c\u1ea3m gi\u00e1c ch\u1ea1m nh\u1eb9 nh\u00e0ng h\u01a1n v\u00e0 kh\u1ea3 n\u0103ng ki\u1ec3m so\u00e1t t\u1ed1t h\u01a1n.<br \/>\nH\u00ecnh d\u1ea1ng cho ph\u00e9p ng\u01b0\u1eddi ch\u01a1i d\u1ec5 d\u00e0ng \u0111i\u1ec1u ch\u1ec9nh g\u00f3c v\u1ee3t nh\u01b0 mong mu\u1ed1n v\u00e0 c\u00f3 \u0111\u01b0\u1ee3c \u0111\u1ed9 xo\u00e1y v\u1eeba ph\u1ea3i khi giao b\u00f3ng.<br \/>\nTheo c\u00e1c ph\u00e9p \u0111o t\u1eeb c\u00e1c th\u1eed nghi\u1ec7m \u0111\u01b0\u1ee3c th\u1ef1c hi\u1ec7n v\u1edbi s\u1ef1 c\u1ed9ng t\u00e1c c\u1ee7a KTH, Cybershape c\u00f3 t\u1ea7n s\u1ed1 \u0111\u00e1p \u1ee9ng tuy\u1ebfn t\u00ednh h\u01a1n so v\u1edbi v\u1ee3t truy\u1ec1n th\u1ed1ng, t\u1ea1o ra c\u1ea3m gi\u00e1c ho\u00e0n to\u00e0n m\u1edbi khi ch\u01a1i.<\/p>\n<p>&nbsp;<\/p>\n<p>Th\u00f4ng s\u1ed1 s\u1ea3n ph\u1ea9m :<br \/>\nMaterial :Wood + Carbon Fiber<br \/>\nStyle : Off +; Veneer :5 + 2 ; Speed :146 ; Control :46<\/p>\n","protected":false},"excerpt":{"rendered":"<p>M\u1ed9t c\u1ed1t v\u1ee3t b\u00f3ng b\u00e0n t\u1ea5n c\u00f4ng c\u00f3 h\u00ecnh d\u1ea1ng mang t\u00ednh c\u00e1ch m\u1ea1ng, \u0111ang ch\u1edd c\u1ea5p b\u1eb1ng s\u00e1ng ch\u1ebf v\u00e0 \u0111\u01b0\u1ee3c b\u1ea3o v\u1ec7 v\u1ec1 m\u1eb7t thi\u1ebft k\u1ebf, mang l\u1ea1i di\u1ec7n t\u00edch \u0111\u00e1nh b\u00f3ng \u0111\u01b0\u1ee3c t\u1ed1i \u01b0u h\u00f3a. Cybershape Carbon \u0111\u01b0\u1ee3c ph\u00ea duy\u1ec7t cho m\u1ecdi lo\u1ea1i h\u00ecnh thi \u0111\u1ea5u. Nghi\u00ean c\u1ee9u c\u1ee7a ch\u00fang t\u00f4i \u0111\u00e3 [&hellip;]<\/p>\n","protected":false},"featured_media":5660,"comment_status":"open","ping_status":"closed","template":"","meta":{"_eb_attr":""},"product_cat":[77,26],"product_tag":[],"class_list":["post-5658","product","type-product","status-publish","has-post-thumbnail","hentry","product_cat-stiga-cot-vot","product_cat-cot-vot"],"_links":{"self":[{"href":"https:\/\/www.phivutabletennis.com\/index.php\/wp-json\/wp\/v2\/product\/5658","targetHints":{"allow":["GET"]}}],"collection":[{"href":"https:\/\/www.phivutabletennis.com\/index.php\/wp-json\/wp\/v2\/product"}],"about":[{"href":"https:\/\/www.phivutabletennis.com\/index.php\/wp-json\/wp\/v2\/types\/product"}],"replies":[{"embeddable":true,"href":"https:\/\/www.phivutabletennis.com\/index.php\/wp-json\/wp\/v2\/comments?post=5658"}],"wp:featuredmedia":[{"embeddable":true,"href":"https:\/\/www.phivutabletennis.com\/index.php\/wp-json\/wp\/v2\/media\/5660"}],"wp:attachment":[{"href":"https:\/\/www.phivutabletennis.com\/index.php\/wp-json\/wp\/v2\/media?parent=5658"}],"wp:term":[{"taxonomy":"product_cat","embeddable":true,"href":"https:\/\/www.phivutabletennis.com\/index.php\/wp-json\/wp\/v2\/product_cat?post=5658"},{"taxonomy":"product_tag","embeddable":true,"href":"https:\/\/www.phivutabletennis.com\/index.php\/wp-json\/wp\/v2\/product_tag?post=5658"}],"curies":[{"name":"wp","href":"https:\/\/api.w.org\/{rel}","templated":true}]}}