{"id":5672,"date":"2024-12-03T21:25:20","date_gmt":"2024-12-03T14:25:20","guid":{"rendered":"https:\/\/www.phivutabletennis.com\/?post_type=product&#038;p=5672"},"modified":"2024-12-03T21:25:21","modified_gmt":"2024-12-03T14:25:21","slug":"dhs-power-7","status":"publish","type":"product","link":"https:\/\/www.phivutabletennis.com\/index.php\/product\/dhs-power-7\/","title":{"rendered":"DHS POWER 7"},"content":{"rendered":"<p>\u2013<strong>\u00a0Lo\u1ea1i:<\/strong>\u00a0Off +\u00a0\u00a0\u00a0\u00a0<strong>\u00a0T\u1ed1c \u0111\u1ed9 :<\/strong>\u00a095\u00a0\u00a0\u00a0\u00a0\u00a0\u00a0\u00a0\u00a0<strong>\u00a0Ki\u1ec3m so\u00e1t :<\/strong>\u00a080\u00a0\u00a0\u00a0\u00a0\u00a0\u00a0\u00a0<strong>Tr\u1ecdng l\u01b0\u1ee3ng :<\/strong>\u00a089gr\u00a0\u00a0\u00a0\u00a0\u00a0<strong>C\u1ea5u t\u1ea1o :<\/strong>\u00a07 l\u1edbp g\u1ed7<\/p>\n<p>\u2013 C\u00f3 th\u1ec3 n\u00f3i s\u1ea3n ph\u1ea9m c\u1ed1t v\u1ee3t b\u00f3ng b\u00e0n PG7 \u0111\u00e3 chi\u1ebfm tr\u1ecdn ni\u1ec1m tin c\u1ee7a ng\u01b0\u1eddi s\u1eed d\u1ee5ng c\u1ed1t v\u1ee3t b\u00f3ng b\u00e0n trong ph\u00e2n kh\u00fac gi\u00e1 d\u01b0\u1edbi 1 tri\u1ec7u tr\u00ean th\u1ecb tr\u01b0\u1eddng, m\u1eb7c d\u00f9 l\u00e0 s\u1ea3n ph\u1ea9m g\u1ed7 kh\u00f4ng nh\u01b0ng t\u1ed1c \u0111\u1ed9 r\u1ea5t cao c\u00f3 th\u1ec3 th\u00edch \u1ee9ng v\u1edbi nhi\u1ec1u d\u00f2ng m\u1eb7t v\u1ee3t b\u00f3ng b\u00e0n t\u1eeb c\u1ee9ng \u0111\u1ebfn m\u1ec1m<\/p>\n<p>\u2013 V\u1ec1 h\u00ecnh th\u1ee9c: ngo\u1ea1i h\u00ecnh c\u1ee7a PG7 kh\u00e1 b\u1eaft m\u1eaft, m\u00e0u s\u1eafc trang nh\u00e3 c\u00e1n c\u1ea7m thi\u1ebft k\u1ebf ph\u00f9 h\u1ee3p cho l\u1ed1i \u0111\u00e1nh \u0111\u1ed3ng \u0111\u1ec1u<\/p>\n<p>\u2013 V\u1ec1 ch\u1ea5t l\u01b0\u1ee3ng th\u00ec ngay c\u1ea3 nh\u1eefng ng\u01b0\u1eddi ch\u01a1i b\u00f3ng b\u00e0n l\u00e2u n\u0103m khi s\u1eed d\u1ee5ng c\u0169ng c\u1ea3m th\u1ea5y c\u1ed1t PG7cho t\u1ed1c \u0111\u1ed9 v\u00e0 c\u1ea3m gi\u00e1c kh\u00f4ng k\u00e9m g\u00ec nh\u1eefng d\u00f2ng c\u1ed1t tr\u00ean gi\u00e1 PG7 r\u1ea5t nhi\u1ec1u<\/p>\n<p>\u2013 C\u1ed1t v\u1ee3t PG7 \u0111\u00fang l\u00e0 m\u1ed9t s\u1ef1 l\u1ef1a ch\u1ecdn cho ng\u01b0\u1eddi m\u1edbi ch\u01a1i v\u00e0 nh\u1eefng ng\u01b0\u1eddi ch\u01a1i mu\u1ed1n quay sang th\u1eed nghi\u1ec7m c\u1ed1t g\u1ed7 kh\u00f4ng t\u0103ng c\u1ea3m nh\u1eadn khi ch\u01a1i<\/p>\n","protected":false},"excerpt":{"rendered":"<p>\u2013\u00a0Lo\u1ea1i:\u00a0Off +\u00a0\u00a0\u00a0\u00a0\u00a0T\u1ed1c \u0111\u1ed9 :\u00a095\u00a0\u00a0\u00a0\u00a0\u00a0\u00a0\u00a0\u00a0\u00a0Ki\u1ec3m so\u00e1t :\u00a080\u00a0\u00a0\u00a0\u00a0\u00a0\u00a0\u00a0Tr\u1ecdng l\u01b0\u1ee3ng :\u00a089gr\u00a0\u00a0\u00a0\u00a0\u00a0C\u1ea5u t\u1ea1o :\u00a07 l\u1edbp g\u1ed7 \u2013 C\u00f3 th\u1ec3 n\u00f3i s\u1ea3n ph\u1ea9m c\u1ed1t v\u1ee3t b\u00f3ng b\u00e0n PG7 \u0111\u00e3 chi\u1ebfm tr\u1ecdn ni\u1ec1m tin c\u1ee7a ng\u01b0\u1eddi s\u1eed d\u1ee5ng c\u1ed1t v\u1ee3t b\u00f3ng b\u00e0n trong ph\u00e2n kh\u00fac gi\u00e1 d\u01b0\u1edbi 1 tri\u1ec7u tr\u00ean th\u1ecb tr\u01b0\u1eddng, m\u1eb7c d\u00f9 l\u00e0 s\u1ea3n ph\u1ea9m g\u1ed7 kh\u00f4ng nh\u01b0ng t\u1ed1c [&hellip;]<\/p>\n","protected":false},"featured_media":5681,"comment_status":"open","ping_status":"closed","template":"","meta":{"_eb_attr":""},"product_cat":[195,26],"product_tag":[],"class_list":["post-5672","product","type-product","status-publish","has-post-thumbnail","hentry","product_cat-cotvotdhs","product_cat-cot-vot"],"_links":{"self":[{"href":"https:\/\/www.phivutabletennis.com\/index.php\/wp-json\/wp\/v2\/product\/5672","targetHints":{"allow":["GET"]}}],"collection":[{"href":"https:\/\/www.phivutabletennis.com\/index.php\/wp-json\/wp\/v2\/product"}],"about":[{"href":"https:\/\/www.phivutabletennis.com\/index.php\/wp-json\/wp\/v2\/types\/product"}],"replies":[{"embeddable":true,"href":"https:\/\/www.phivutabletennis.com\/index.php\/wp-json\/wp\/v2\/comments?post=5672"}],"wp:featuredmedia":[{"embeddable":true,"href":"https:\/\/www.phivutabletennis.com\/index.php\/wp-json\/wp\/v2\/media\/5681"}],"wp:attachment":[{"href":"https:\/\/www.phivutabletennis.com\/index.php\/wp-json\/wp\/v2\/media?parent=5672"}],"wp:term":[{"taxonomy":"product_cat","embeddable":true,"href":"https:\/\/www.phivutabletennis.com\/index.php\/wp-json\/wp\/v2\/product_cat?post=5672"},{"taxonomy":"product_tag","embeddable":true,"href":"https:\/\/www.phivutabletennis.com\/index.php\/wp-json\/wp\/v2\/product_tag?post=5672"}],"curies":[{"name":"wp","href":"https:\/\/api.w.org\/{rel}","templated":true}]}}