{"id":568,"date":"2023-04-03T01:45:26","date_gmt":"2023-04-02T18:45:26","guid":{"rendered":"http:\/\/www.phivutabletennis.com\/?post_type=product&#038;p=568"},"modified":"2023-04-03T01:55:55","modified_gmt":"2023-04-02T18:55:55","slug":"andro-synteliac-vco","status":"publish","type":"product","link":"https:\/\/www.phivutabletennis.com\/index.php\/product\/andro-synteliac-vco\/","title":{"rendered":"Andro Synteliac VCO OFF"},"content":{"rendered":"<ul class=\"tabs wc-tabs product-tabs small-nav-collapse nav nav-uppercase nav-line nav-left\" role=\"tablist\">\n<li id=\"tab-title-description\" class=\"description_tab active\" role=\"tab\" aria-controls=\"tab-description\"><a href=\"https:\/\/bongban.fanciko.com\/cot-vot\/cot-vot-andro-synteliac-vco\/#tab-description\">M\u00d4 T\u1ea2<\/a><\/li>\n<\/ul>\n<div class=\"tab-panels\">\n<div id=\"tab-description\" class=\"woocommerce-Tabs-panel woocommerce-Tabs-panel--description panel entry-content active\" role=\"tabpanel\" aria-labelledby=\"tab-title-description\">\n<p>K\u1ef9 thu\u1eadt b\u00f3ng b\u00e0n hi\u1ec7n \u0111\u1ea1i ng\u00e0y c\u00e0ng ph\u00e1t tri\u1ec3n k\u00e9o theo c\u00f4ng ngh\u1ec7 \u0111\u1ec3 s\u1ea3n xu\u1ea5t c\u00e1c trang thi\u1ebft b\u1ecb tr\u1edf n\u00ean quy\u1ebft li\u1ec7t h\u01a1n bao gi\u1edd h\u1ebft. \u0110\u1ec3 chi\u1ebfn th\u1eafng \u0111\u01b0\u1ee3c t\u1ed1c \u0111\u1ed9 trong b\u00f3ng b\u00e0n th\u1eddi gian ph\u1ea3n \u1ee9ng l\u00e0 y\u1ebfu t\u1ed1 c\u1ef1c k\u1ef3 quan tr\u1ecdng \u0111\u1ec3 gi\u00e0nh \u0111i\u1ec3m. Nh\u1eefng \u01b0u \u0111i\u1ec3m gi\u1ea3m rung t\u1eeb s\u1ee3i t\u1ed5ng h\u1ee3p m\u1edbi c\u1ee7a d\u00f2ng c\u1ed1t Synteliac gi\u00fap b\u1ea1n s\u1ebd nh\u1eadn \u0111\u01b0\u1ee3c ph\u1ea3n h\u1ed3i ngay l\u1eadp t\u1ee9c v\u1ec1 vi\u1ec7c b\u1ea1n \u0111\u00e3 \u0111\u00e1nh b\u00f3ng ch\u00ednh x\u00e1c hay ch\u01b0a? V\u00ec v\u1eady, b\u1ea1n s\u1ebd s\u1eb5n s\u00e0ng cho c\u00fa \u0111\u00e1nh ti\u1ebfp theo nhanh h\u01a1n.<\/p>\n<p>S\u1ee3i t\u1ed5ng h\u1ee3p ZYREEMA v\u00e0 VOLTEMA l\u00e0 m\u1ed9t trong nh\u1eefng lo\u1ea1i s\u1ee3i hi\u1ec7n \u0111\u1ea1i nh\u1ea5t v\u00e0 ti\u00ean ti\u1ebfn nh\u1ea5t hi\u1ec7n nay. N\u1ebfu ZYREEMA mang l\u1ea1i cho v\u1ee3t c\u1ea3m gi\u00e1c c\u1ee9ng, v\u00e0 th\u1eadt khi \u0111\u00e1nh v\u00e0 kh\u1ea3 n\u0103ng d\u1ef1 tr\u1eef t\u1ed1c \u0111\u1ed9 l\u1edbn th\u00ec s\u1ee3i VOLTEMA cung c\u1ea5p \u0111\u1ed9 c\u1ee9ng v\u1eeba ph\u1ea3i c\u1ee7a g\u1ed7, c\u1ea3m gi\u00e1c \u0111\u00e1ng kinh ng\u1ea1c v\u00e0 s\u1ef1 c\u00e2n b\u1eb1ng tuy\u1ec7t v\u1eddi gi\u1eefa t\u1ed1c \u0111\u1ed9 v\u00e0 kh\u1ea3 n\u0103ng ki\u1ec3m so\u00e1t. \u0110\u00e2y l\u00e0 m\u1ed9t k\u1ef9 thu\u1eadt ho\u00e0n to\u00e0n m\u1edbi khi k\u1ebft h\u1ee3p v\u1edbi Carbon \u0111\u00e3 thi\u1ebft l\u1eadp n\u00ean c\u00e1c ti\u00eau chu\u1ea9n m\u1edbi v\u1ec1 th\u1ebf h\u1ec7 v\u1ee3t s\u1ee3i t\u1ed5ng h\u1ee3p d\u00e0nh cho b\u00f3ng b\u00e0n hi\u1ec7n \u0111\u1ea1i.<\/p>\n<p>C\u00f4ng ngh\u1ec7 SYNTELIAC m\u1edbi k\u1ebft h\u1ee3p m\u1ed9t c\u00e1ch th\u00f4ng minh c\u00e1c \u0111\u1eb7c t\u00ednh c\u1ee7a s\u1ee3i t\u1ed5ng h\u1ee3p v\u1edbi k\u1ef9 thu\u1eadt c\u1ee7a qu\u00e1 tr\u00ecnh x\u1eed l\u00fd veneer ti\u00ean ti\u1ebfn nh\u1ea5t. Quy tr\u00ecnh s\u1ea3n xu\u1ea5t \u0111\u1eb7c bi\u1ec7t c\u1ee7a s\u1ef1 k\u1ebft h\u1ee3p g\u1ed7-g\u1ed7 t\u1ed5ng h\u1ee3p \u0111\u01b0\u1ee3c th\u1ef1c hi\u1ec7n \u1edf nhi\u1ec7t \u0111\u1ed9 th\u1ea5p h\u01a1n b\u00ecnh th\u01b0\u1eddng \u0111\u1ec3 \u0111\u1ea3m b\u1ea3o to\u00e0n ho\u00e0n to\u00e0n c\u00e1c \u0111\u1eb7c t\u00ednh c\u1ee7a veneer g\u1ed7. K\u1ebft qu\u1ea3 tr\u1ea3i nghi\u1ec7m d\u00f2ng SYNTELIAC v\u01b0\u1ee3t xa c\u00e1c lo\u1ea1i g\u1ed7 nh\u00e2n t\u1ea1o ho\u1eb7c carbon tr\u01b0\u1edbc \u0111\u00e2y. T\u1ed1i \u01b0u h\u00f3a th\u1eddi gian ph\u1ea3n \u1ee9ng c\u1ee7a b\u1ea1n v\u1edbi ph\u1ea3n h\u1ed3i ph\u1ea3n h\u1ed3i r\u00f5 r\u00e0ng v\u00e0 tri\u1ec7t ti\u00eau rung hi\u1ec7u qu\u1ea3, \u0111\u1ed3ng th\u1eddi tr\u1ea3i nghi\u1ec7m c\u1ea3m gi\u00e1c b\u00f3ng g\u1ea7n nh\u01b0 v\u1edbi \u0111i\u1ec3m ng\u1ecdt t\u1ed1i \u0111a.<br \/>\nM\u1ed9t c\u00f4ng ngh\u1ec7 \u0111\u00e1ng tr\u1ea3i nghi\u1ec7m n\u1eefa d\u00e0nh cho ng\u01b0\u1eddi ch\u01a1i b\u00f3ng b\u00e0n<\/p>\n<\/div>\n<\/div>\n","protected":false},"excerpt":{"rendered":"<p>M\u00d4 T\u1ea2 K\u1ef9 thu\u1eadt b\u00f3ng b\u00e0n hi\u1ec7n \u0111\u1ea1i ng\u00e0y c\u00e0ng ph\u00e1t tri\u1ec3n k\u00e9o theo c\u00f4ng ngh\u1ec7 \u0111\u1ec3 s\u1ea3n xu\u1ea5t c\u00e1c trang thi\u1ebft b\u1ecb tr\u1edf n\u00ean quy\u1ebft li\u1ec7t h\u01a1n bao gi\u1edd h\u1ebft. \u0110\u1ec3 chi\u1ebfn th\u1eafng \u0111\u01b0\u1ee3c t\u1ed1c \u0111\u1ed9 trong b\u00f3ng b\u00e0n th\u1eddi gian ph\u1ea3n \u1ee9ng l\u00e0 y\u1ebfu t\u1ed1 c\u1ef1c k\u1ef3 quan tr\u1ecdng \u0111\u1ec3 gi\u00e0nh \u0111i\u1ec3m. Nh\u1eefng [&hellip;]<\/p>\n","protected":false},"featured_media":569,"comment_status":"open","ping_status":"closed","template":"","meta":{"_eb_attr":""},"product_cat":[58,26],"product_tag":[],"class_list":["post-568","product","type-product","status-publish","has-post-thumbnail","hentry","product_cat-andro-cot","product_cat-cot-vot"],"_links":{"self":[{"href":"https:\/\/www.phivutabletennis.com\/index.php\/wp-json\/wp\/v2\/product\/568","targetHints":{"allow":["GET"]}}],"collection":[{"href":"https:\/\/www.phivutabletennis.com\/index.php\/wp-json\/wp\/v2\/product"}],"about":[{"href":"https:\/\/www.phivutabletennis.com\/index.php\/wp-json\/wp\/v2\/types\/product"}],"replies":[{"embeddable":true,"href":"https:\/\/www.phivutabletennis.com\/index.php\/wp-json\/wp\/v2\/comments?post=568"}],"wp:featuredmedia":[{"embeddable":true,"href":"https:\/\/www.phivutabletennis.com\/index.php\/wp-json\/wp\/v2\/media\/569"}],"wp:attachment":[{"href":"https:\/\/www.phivutabletennis.com\/index.php\/wp-json\/wp\/v2\/media?parent=568"}],"wp:term":[{"taxonomy":"product_cat","embeddable":true,"href":"https:\/\/www.phivutabletennis.com\/index.php\/wp-json\/wp\/v2\/product_cat?post=568"},{"taxonomy":"product_tag","embeddable":true,"href":"https:\/\/www.phivutabletennis.com\/index.php\/wp-json\/wp\/v2\/product_tag?post=568"}],"curies":[{"name":"wp","href":"https:\/\/api.w.org\/{rel}","templated":true}]}}