{"id":5696,"date":"2024-12-03T21:26:06","date_gmt":"2024-12-03T14:26:06","guid":{"rendered":"https:\/\/www.phivutabletennis.com\/?post_type=product&#038;p=5696"},"modified":"2024-12-03T21:26:07","modified_gmt":"2024-12-03T14:26:07","slug":"dhs-power-9","status":"publish","type":"product","link":"https:\/\/www.phivutabletennis.com\/index.php\/product\/dhs-power-9\/","title":{"rendered":"DHS POWER 9"},"content":{"rendered":"<p>DHS l\u00e0 h\u00e3ng b\u00f3ng b\u00e0n h\u00e0ng \u0111\u1ea7u th\u1ebf gi\u1edbi v\u00e0 \u0111\u1ee9ng \u0111\u1ea7u Trung Qu\u1ed1c.<\/p>\n<p>C\u00f4ng ngh\u1ec7 c\u1ee7a h\u00e3ng DHS l\u00e0 s\u1ef1 v\u01b0\u1ee3t tr\u1ed9i v\u1ec1 ch\u1ea5t l\u01b0\u1ee3ng s\u1ea3n ph\u1ea9m cao c\u1ea5p. S\u1ea3n ph\u1ea9m DHS l\u00e0 s\u1ef1 k\u1ebft h\u1ee3p tinh t\u1ebf gi\u1eefa ch\u1ea5t li\u1ec7u v\u00e0 thi\u1ebft k\u1ebf c\u00f9ng c\u00f4ng ngh\u1ec7 cao \u0111\u00e1p \u1ee9ng c\u00e1c ti\u00eau chu\u1ea9n thi \u0111\u1ea5u qu\u1ed1c t\u1ebf v\u00e0 th\u01b0\u1eddng \u0111\u01b0\u1ee3c s\u1eed d\u1ee5ng trong c\u00e1c th\u1ebf v\u1eadn h\u1ed9i.<\/p>\n<p><strong>TH\u00d4NG TIN S\u1ea2N PH\u1ea8M:<\/strong><\/p>\n<ul>\n<li>Th\u01b0\u01a1ng Hi\u1ec7u: DHS<\/li>\n<li>Nh\u00e0 ph\u00e2n ph\u1ed1i : Goldsportbongban.com.vn<\/li>\n<li>M\u00e3 s\u1ea3n ph\u1ea9m: DHS \u2013 PG9<\/li>\n<li>Xu\u1ea5t x\u1ee9: Trung Qu\u1ed1c<\/li>\n<li>Ch\u1ea5t li\u1ec7u: G\u1ed7<\/li>\n<li>M\u00e0u s\u1eafc: V\u00e0ng n\u00e2u<\/li>\n<\/ul>\n<p><strong>TH\u00d4NG S\u1ed0 K\u1ef8 THU\u1eacT<\/strong><\/p>\n<ul>\n<li>Lo\u1ea1i: OFF+<\/li>\n<li>T\u1ed1c \u0111\u1ed9: 88<\/li>\n<li>Ki\u1ec3m so\u00e1t: 86<\/li>\n<li>\u0110\u1ed9 c\u1ee9ng: C\u1ee9ng Trung b\u00ecnh<\/li>\n<li>Tr\u1ecdng l\u01b0\u1ee3ng: 89 \u00b1 3\u00a0g<\/li>\n<li>Ch\u1ea5t li\u1ec7u: 7 l\u1edbp g\u1ed7<\/li>\n<li>C\u00e1n: FL- Flared (c\u00e1n r\u1ed9ng \u1edf \u0111\u00e1y)<\/li>\n<li>\u0110\u1ed9 d\u00e0y: 6.3 \u00b1 2\u00a0mm<\/li>\n<li>M\u1eb7t v\u1ee3t: 150 x 158 (mm)<\/li>\n<li>Khung v\u1ee3t: T\u1ed1c \u0111\u1ed9 nhanh, B\u00e1m b\u00f3ng t\u1ed1t, Ki\u1ec3m so\u00e1t cao<\/li>\n<\/ul>\n","protected":false},"excerpt":{"rendered":"<p>DHS l\u00e0 h\u00e3ng b\u00f3ng b\u00e0n h\u00e0ng \u0111\u1ea7u th\u1ebf gi\u1edbi v\u00e0 \u0111\u1ee9ng \u0111\u1ea7u Trung Qu\u1ed1c. C\u00f4ng ngh\u1ec7 c\u1ee7a h\u00e3ng DHS l\u00e0 s\u1ef1 v\u01b0\u1ee3t tr\u1ed9i v\u1ec1 ch\u1ea5t l\u01b0\u1ee3ng s\u1ea3n ph\u1ea9m cao c\u1ea5p. S\u1ea3n ph\u1ea9m DHS l\u00e0 s\u1ef1 k\u1ebft h\u1ee3p tinh t\u1ebf gi\u1eefa ch\u1ea5t li\u1ec7u v\u00e0 thi\u1ebft k\u1ebf c\u00f9ng c\u00f4ng ngh\u1ec7 cao \u0111\u00e1p \u1ee9ng c\u00e1c ti\u00eau chu\u1ea9n thi [&hellip;]<\/p>\n","protected":false},"featured_media":5690,"comment_status":"open","ping_status":"closed","template":"","meta":{"_eb_attr":""},"product_cat":[195,26],"product_tag":[],"class_list":["post-5696","product","type-product","status-publish","has-post-thumbnail","hentry","product_cat-cotvotdhs","product_cat-cot-vot"],"_links":{"self":[{"href":"https:\/\/www.phivutabletennis.com\/index.php\/wp-json\/wp\/v2\/product\/5696","targetHints":{"allow":["GET"]}}],"collection":[{"href":"https:\/\/www.phivutabletennis.com\/index.php\/wp-json\/wp\/v2\/product"}],"about":[{"href":"https:\/\/www.phivutabletennis.com\/index.php\/wp-json\/wp\/v2\/types\/product"}],"replies":[{"embeddable":true,"href":"https:\/\/www.phivutabletennis.com\/index.php\/wp-json\/wp\/v2\/comments?post=5696"}],"wp:featuredmedia":[{"embeddable":true,"href":"https:\/\/www.phivutabletennis.com\/index.php\/wp-json\/wp\/v2\/media\/5690"}],"wp:attachment":[{"href":"https:\/\/www.phivutabletennis.com\/index.php\/wp-json\/wp\/v2\/media?parent=5696"}],"wp:term":[{"taxonomy":"product_cat","embeddable":true,"href":"https:\/\/www.phivutabletennis.com\/index.php\/wp-json\/wp\/v2\/product_cat?post=5696"},{"taxonomy":"product_tag","embeddable":true,"href":"https:\/\/www.phivutabletennis.com\/index.php\/wp-json\/wp\/v2\/product_tag?post=5696"}],"curies":[{"name":"wp","href":"https:\/\/api.w.org\/{rel}","templated":true}]}}