{"id":5700,"date":"2024-12-03T21:29:20","date_gmt":"2024-12-03T14:29:20","guid":{"rendered":"https:\/\/www.phivutabletennis.com\/?post_type=product&#038;p=5700"},"modified":"2024-12-03T21:29:21","modified_gmt":"2024-12-03T14:29:21","slug":"dhs-power-6x","status":"publish","type":"product","link":"https:\/\/www.phivutabletennis.com\/index.php\/product\/dhs-power-6x\/","title":{"rendered":"DHS POWER 6X"},"content":{"rendered":"<p><strong>Th\u00f4ng tin chung<\/strong><\/p>\n<p>C\u1ed0T V\u1ee2T B\u00d3NG B\u00c0N DHS PG6X th\u1ebf h\u1ec7 m\u1edbi ph\u00f9 h\u1ee3p v\u1edbi b\u00f3ng 40+<\/p>\n<p>K\u1ebft h\u1ee3p tuy\u1ec7t v\u1eddi v\u1edbi m\u1eb7t H3 c\u1ee7a DHS \u0111\u00e1nh ph\u1ea3i v\u00e0 Gold Arc 5 \u0111\u00e1nh tr\u00e1i<\/p>\n<p>DHS l\u00e0 h\u00e3ng b\u00f3ng b\u00e0n h\u00e0ng \u0111\u1ea7u th\u1ebf gi\u1edbi v\u00e0 \u0111\u1ee9ng \u0111\u1ea7u Trung Qu\u1ed1c.<\/p>\n<p>H\u1ea7u h\u1ebft 100% c\u00e1c v\u1eadn \u0111\u1ed9ng vien Trung Qu\u1ed1c \u0111\u1ec1u s\u1eed d\u1ee5ng s\u1ea3n ph\u1ea9m c\u1ee7a h\u00e3ng b\u00f3ng b\u00e0n DHS.<\/p>\n<p>C\u00f4ng ngh\u1ec7 c\u1ee7a h\u00e3ng DHS l\u00e0 s\u1ef1 v\u01b0\u1ee3t tr\u1ed9i v\u1ec1 ch\u1ea5t l\u01b0\u1ee3ng s\u1ea3n ph\u1ea9m cao c\u1ea5p. S\u1ea3n ph\u1ea9m DHS l\u00e0 s\u1ef1 k\u1ebft h\u1ee3p tinh t\u1ebf gi\u1eefa ch\u1ea5t li\u1ec7u v\u00e0 thi\u1ebft k\u1ebf c\u00f9ng c\u00f4ng ngh\u1ec7 cao \u0111\u00e1p \u1ee9ng c\u00e1c ti\u00eau chu\u1ea9n thi \u0111\u1ea5u qu\u1ed1c t\u1ebf v\u00e0 th\u01b0\u1eddng \u0111\u01b0\u1ee3c s\u1eed d\u1ee5ng trong c\u00e1c th\u1ebf v\u1eadn h\u1ed9i.<\/p>\n<p>PG6X hi\u1ec7n t\u1ea1i l\u00e0 m\u1ed9t trong nh\u1eefng c\u1ed1t v\u1ee3t t\u1ed1t h\u00e0ng \u0111\u1ea7u m\u00e0 DHS \u0111ang ch\u00e0o b\u00e1n.<\/p>\n<p>TH\u00d4NG TIN S\u1ea2N PH\u1ea8M<\/p>\n<p>&#8211; M\u00e3 s\u1ea3n ph\u1ea9m : PG6X<\/p>\n<p>&#8211; H\u00e3ng s\u1ea3n xu\u1ea5t : DHS<\/p>\n<p>&#8211; Nh\u00e0 Nh\u1eadp Kh\u1ea9u : Nh\u00e0 ph\u00e2n ph\u1ed1i DHS<\/p>\n<p>&#8211; Xu\u1ea5t x\u1ee9 : Ch\u00ednh h\u00e3ng &#8211; CHINA<\/p>\n<p>&#8211; C\u00e1n : FL<\/p>\n<p>&#8211; Tr\u1ecdng l\u01b0\u1ee3ng : 86g +\/- 3g<\/p>\n<p>&#8211; \u0110\u1ed9 d\u00e0y : 5.8 +\/- 0.2 mm<\/p>\n","protected":false},"excerpt":{"rendered":"<p>Th\u00f4ng tin chung C\u1ed0T V\u1ee2T B\u00d3NG B\u00c0N DHS PG6X th\u1ebf h\u1ec7 m\u1edbi ph\u00f9 h\u1ee3p v\u1edbi b\u00f3ng 40+ K\u1ebft h\u1ee3p tuy\u1ec7t v\u1eddi v\u1edbi m\u1eb7t H3 c\u1ee7a DHS \u0111\u00e1nh ph\u1ea3i v\u00e0 Gold Arc 5 \u0111\u00e1nh tr\u00e1i DHS l\u00e0 h\u00e3ng b\u00f3ng b\u00e0n h\u00e0ng \u0111\u1ea7u th\u1ebf gi\u1edbi v\u00e0 \u0111\u1ee9ng \u0111\u1ea7u Trung Qu\u1ed1c. H\u1ea7u h\u1ebft 100% c\u00e1c v\u1eadn \u0111\u1ed9ng vien [&hellip;]<\/p>\n","protected":false},"featured_media":5686,"comment_status":"open","ping_status":"closed","template":"","meta":{"_eb_attr":""},"product_cat":[195,26],"product_tag":[],"class_list":["post-5700","product","type-product","status-publish","has-post-thumbnail","hentry","product_cat-cotvotdhs","product_cat-cot-vot"],"_links":{"self":[{"href":"https:\/\/www.phivutabletennis.com\/index.php\/wp-json\/wp\/v2\/product\/5700","targetHints":{"allow":["GET"]}}],"collection":[{"href":"https:\/\/www.phivutabletennis.com\/index.php\/wp-json\/wp\/v2\/product"}],"about":[{"href":"https:\/\/www.phivutabletennis.com\/index.php\/wp-json\/wp\/v2\/types\/product"}],"replies":[{"embeddable":true,"href":"https:\/\/www.phivutabletennis.com\/index.php\/wp-json\/wp\/v2\/comments?post=5700"}],"wp:featuredmedia":[{"embeddable":true,"href":"https:\/\/www.phivutabletennis.com\/index.php\/wp-json\/wp\/v2\/media\/5686"}],"wp:attachment":[{"href":"https:\/\/www.phivutabletennis.com\/index.php\/wp-json\/wp\/v2\/media?parent=5700"}],"wp:term":[{"taxonomy":"product_cat","embeddable":true,"href":"https:\/\/www.phivutabletennis.com\/index.php\/wp-json\/wp\/v2\/product_cat?post=5700"},{"taxonomy":"product_tag","embeddable":true,"href":"https:\/\/www.phivutabletennis.com\/index.php\/wp-json\/wp\/v2\/product_tag?post=5700"}],"curies":[{"name":"wp","href":"https:\/\/api.w.org\/{rel}","templated":true}]}}