{"id":5701,"date":"2024-12-03T21:30:07","date_gmt":"2024-12-03T14:30:07","guid":{"rendered":"https:\/\/www.phivutabletennis.com\/?post_type=product&#038;p=5701"},"modified":"2024-12-03T21:30:08","modified_gmt":"2024-12-03T14:30:08","slug":"dhs-power-3t","status":"publish","type":"product","link":"https:\/\/www.phivutabletennis.com\/index.php\/product\/dhs-power-3t\/","title":{"rendered":"DHS Power 3T"},"content":{"rendered":"<p><strong>Th\u00f4ng tin chung\u00a0<\/strong><\/p>\n<p><strong>Lo\u1ea1i :<\/strong>\u00a0OFF +\u00a0\u00a0\u00a0\u00a0\u00a0\u00a0<strong>T\u1ed1c \u0111\u1ed9 :<\/strong>\u00a09.0\u00a0\u00a0\u00a0\u00a0\u00a0\u00a0<strong>C\u1ea3m gi\u00e1c b\u00f3ng\/ Ki\u1ec3m So\u00e1t :<\/strong>\u00a09.3\u00a0\u00a0\u00a0\u00a0<strong>Tr\u1ecdng L\u01b0\u1ee3ng:<\/strong>\u00a086 \u2013 90 Gram<\/p>\n<p><strong>S\u1ed1 L\u1edbp \u2013 C\u1ea5u Tr\u00fac C\u1ed1t V\u1ee3t:<\/strong>\u00a05 g\u1ed7 + 2 l\u1edbp Aramid Carbon<\/p>\n<p>\ud83d\udc49C\u00f3 c\u1ea5u t\u1ea1o 5 l\u1edbp g\u1ed7 2 l\u1edbp AC, cho t\u1ed1c \u0111\u1ed9 b\u00f3ng kh\u00e1 nh\u01b0ng c\u1ea3m gi\u00e1c b\u00f3ng l\u1ea1i c\u1ef1c k\u00ec cao. C\u00f3 th\u1ec3 gi\u00fap cho c\u00e1c tay v\u1ee3t c\u00f4ng th\u1ee7 to\u00e0n di\u1ec7n v\u1edbi c\u1ed1t v\u1ee3t b\u00f3ng b\u00e0n r\u1ea5t hot trong t\u1ea7m gi\u00e1 n\u00e0y.<\/p>\n<p>\u2705\u0110\u1ed9 Rung v\u1eeba ph\u1ea3i khi\u1ebfn ng\u01b0\u1eddi ch\u01a1i kh\u00f4ng c\u1ea3m th\u1ea5y kh\u00f3 kh\u0103n khi \u0111\u1ee1 giao b\u00f3ng ho\u1eb7c ph\u00f2ng th\u1ee7 c\u00e1c \u0111\u00f2n t\u1ea5n c\u00f4ng uy l\u1ef1c nh\u01b0ng b\u00f9 l\u1ea1i t\u1ed1c \u0111\u1ed9 uy l\u1ef1c c\u1ee7a c\u1ed1t v\u1ee3t s\u1ebd l\u00e0m cho nh\u1eefng \u0111\u00f2n t\u1ea5n c\u00f4ng c\u1ee7a b\u1ea1n th\u00eam ch\u1eafc ch\u1eafn v\u00e0 uy l\u1ef1c h\u01a1n r\u1ea5t nhi\u1ec1u.<\/p>\n<p>\u2705C\u1ea3m gi\u00e1c b\u00f3ng kh\u00e1 m\u1ec1m m\u1ea1i , gi\u00fap c\u00e1c pha x\u1eed l\u00fd tr\u00ean b\u00e0n \u0111\u01b0\u1ee3c ch\u1eafc ch\u1eafn v\u00e0 \u0111\u1ea3m b\u1ea3o h\u01a1n<\/p>\n<p>\u2705Tr\u1ecdng l\u01b0\u1ee3ng nh\u1eb9, c\u00e2n b\u1eb1ng , gi\u00fap v\u1ee3t r\u1ea5t linh ho\u1ea1t, c\u00e1c pha t\u1ea5n c\u00f4ng ti\u1ebfp theo r\u1ea5t m\u01b0\u1ee3t m\u00e0<\/p>\n<p>\u0110\u1ed9 xo\u00e1y c\u1ee7a c\u1ed1t t\u01b0\u01a1ng \u0111\u1ed1i cao. C\u1ed1t cho v\u00f2ng cung b\u00f3ng trung b\u00ecnh nh\u01b0ng \u0111\u1ed9 xo\u00e1y r\u1ea5t cu\u1ed9n, ph\u00f2ng th\u1ee7 c\u1ef1c k\u00ec ch\u1eafc ch\u1eafn<\/p>\n<p>\u0110\u00e2y l\u00e0 d\u00f2ng v\u1ee3t l\u00fd t\u01b0\u1edfng cho c\u00e1c b\u00e1c th\u00edch ch\u01a1i m\u1eb7t v\u1ee3t t\u00e0u.<\/p>\n","protected":false},"excerpt":{"rendered":"<p>Th\u00f4ng tin chung\u00a0 Lo\u1ea1i :\u00a0OFF +\u00a0\u00a0\u00a0\u00a0\u00a0\u00a0T\u1ed1c \u0111\u1ed9 :\u00a09.0\u00a0\u00a0\u00a0\u00a0\u00a0\u00a0C\u1ea3m gi\u00e1c b\u00f3ng\/ Ki\u1ec3m So\u00e1t :\u00a09.3\u00a0\u00a0\u00a0\u00a0Tr\u1ecdng L\u01b0\u1ee3ng:\u00a086 \u2013 90 Gram S\u1ed1 L\u1edbp \u2013 C\u1ea5u Tr\u00fac C\u1ed1t V\u1ee3t:\u00a05 g\u1ed7 + 2 l\u1edbp Aramid Carbon \ud83d\udc49C\u00f3 c\u1ea5u t\u1ea1o 5 l\u1edbp g\u1ed7 2 l\u1edbp AC, cho t\u1ed1c \u0111\u1ed9 b\u00f3ng kh\u00e1 nh\u01b0ng c\u1ea3m gi\u00e1c b\u00f3ng l\u1ea1i c\u1ef1c k\u00ec cao. C\u00f3 th\u1ec3 gi\u00fap [&hellip;]<\/p>\n","protected":false},"featured_media":5684,"comment_status":"open","ping_status":"closed","template":"","meta":{"_eb_attr":""},"product_cat":[195,26],"product_tag":[],"class_list":["post-5701","product","type-product","status-publish","has-post-thumbnail","hentry","product_cat-cotvotdhs","product_cat-cot-vot"],"_links":{"self":[{"href":"https:\/\/www.phivutabletennis.com\/index.php\/wp-json\/wp\/v2\/product\/5701","targetHints":{"allow":["GET"]}}],"collection":[{"href":"https:\/\/www.phivutabletennis.com\/index.php\/wp-json\/wp\/v2\/product"}],"about":[{"href":"https:\/\/www.phivutabletennis.com\/index.php\/wp-json\/wp\/v2\/types\/product"}],"replies":[{"embeddable":true,"href":"https:\/\/www.phivutabletennis.com\/index.php\/wp-json\/wp\/v2\/comments?post=5701"}],"wp:featuredmedia":[{"embeddable":true,"href":"https:\/\/www.phivutabletennis.com\/index.php\/wp-json\/wp\/v2\/media\/5684"}],"wp:attachment":[{"href":"https:\/\/www.phivutabletennis.com\/index.php\/wp-json\/wp\/v2\/media?parent=5701"}],"wp:term":[{"taxonomy":"product_cat","embeddable":true,"href":"https:\/\/www.phivutabletennis.com\/index.php\/wp-json\/wp\/v2\/product_cat?post=5701"},{"taxonomy":"product_tag","embeddable":true,"href":"https:\/\/www.phivutabletennis.com\/index.php\/wp-json\/wp\/v2\/product_tag?post=5701"}],"curies":[{"name":"wp","href":"https:\/\/api.w.org\/{rel}","templated":true}]}}