{"id":5702,"date":"2024-12-03T21:31:31","date_gmt":"2024-12-03T14:31:31","guid":{"rendered":"https:\/\/www.phivutabletennis.com\/?post_type=product&#038;p=5702"},"modified":"2024-12-03T21:31:32","modified_gmt":"2024-12-03T14:31:32","slug":"dhs-long-iii","status":"publish","type":"product","link":"https:\/\/www.phivutabletennis.com\/index.php\/product\/dhs-long-iii\/","title":{"rendered":"DHS LONG III"},"content":{"rendered":"<p><strong>Th\u00f4ng s\u1ed1<\/strong><\/p>\n<p><strong>Lo\u1ea1i :\u00a0<\/strong>Off++<strong>\u00a0\u00a0\u00a0T\u1ed1c \u0111\u1ed9 :\u00a0<\/strong>97<strong>\u00a0\u00a0\u00a0\u00a0Ki\u1ec3m so\u00e1t :<\/strong>\u00a089\u00a0\u00a0\u00a0<strong>Tr\u1ecdng l\u01b0\u1ee3ng :\u00a0<\/strong>88gr<strong>\u00a0\u00a0\u00a0C\u1ea5u t\u1ea1o :\u00a0<\/strong>7 l\u1edbp g\u1ed7<\/p>\n<p><strong>\u0110\u1eb7c \u0111i\u1ec3m<\/strong><\/p>\n<p>&#8211; Th\u01b0\u01a1ng hi\u1ec7u : DHS<\/p>\n<p>&#8211; Lo\u1ea1i : Off++<\/p>\n<p>&#8211; T\u1ed1c \u0111\u1ed9 : 97<\/p>\n<p>&#8211; Ki\u1ec3m so\u00e1t : 89<\/p>\n<p>&#8211; Tr\u1ecdng l\u01b0\u1ee3ng : 88g<\/p>\n<p>&#8211; C\u1ea5u t\u1ea1o : 7 l\u1edbp g\u1ed7<\/p>\n<p>* \u0110\u01b0\u1ee3c c\u1ea5u t\u1ea1o v\u1edbi c\u00e1n c\u1ea7m ph\u00f9 h\u1ee3p v\u1edbi m\u1ecdi ng\u01b0\u1eddi ch\u01a1i, \u0111\u1ed3ng b\u1ed9 c\u00f9ng 7 l\u1edbp g\u1ed7, gi\u00fap c\u1ed1t c\u00f3\u00a0th\u1ec3 ph\u00e1t huy s\u1ee9c m\u1ea1nh \u1edf m\u1ecdi th\u1eddi \u0111i\u1ec3m c\u00f9ng v\u1edbi s\u1ef1 ki\u1ec3m so\u00e1t ho\u00e0n h\u1ea3o. \u0110\u00e2y l\u00e0 m\u1ed9t c\u1ed1t m\u00e0\u00a0c\u00e1c tuy\u1ec3n th\u1ee7 hay s\u1eed d\u1ee5ng c\u0169ng nh\u01b0 \u0111\u01b0\u1ee3c r\u1ea5t nhi\u1ec1u ng\u01b0\u1eddi y\u00eau th\u00edch.<\/p>\n","protected":false},"excerpt":{"rendered":"<p>Th\u00f4ng s\u1ed1 Lo\u1ea1i :\u00a0Off++\u00a0\u00a0\u00a0T\u1ed1c \u0111\u1ed9 :\u00a097\u00a0\u00a0\u00a0\u00a0Ki\u1ec3m so\u00e1t :\u00a089\u00a0\u00a0\u00a0Tr\u1ecdng l\u01b0\u1ee3ng :\u00a088gr\u00a0\u00a0\u00a0C\u1ea5u t\u1ea1o :\u00a07 l\u1edbp g\u1ed7 \u0110\u1eb7c \u0111i\u1ec3m &#8211; Th\u01b0\u01a1ng hi\u1ec7u : DHS &#8211; Lo\u1ea1i : Off++ &#8211; T\u1ed1c \u0111\u1ed9 : 97 &#8211; Ki\u1ec3m so\u00e1t : 89 &#8211; Tr\u1ecdng l\u01b0\u1ee3ng : 88g &#8211; C\u1ea5u t\u1ea1o : 7 l\u1edbp g\u1ed7 * \u0110\u01b0\u1ee3c c\u1ea5u t\u1ea1o v\u1edbi c\u00e1n c\u1ea7m ph\u00f9 [&hellip;]<\/p>\n","protected":false},"featured_media":5685,"comment_status":"open","ping_status":"closed","template":"","meta":{"_eb_attr":""},"product_cat":[195,26],"product_tag":[],"class_list":["post-5702","product","type-product","status-publish","has-post-thumbnail","hentry","product_cat-cotvotdhs","product_cat-cot-vot"],"_links":{"self":[{"href":"https:\/\/www.phivutabletennis.com\/index.php\/wp-json\/wp\/v2\/product\/5702","targetHints":{"allow":["GET"]}}],"collection":[{"href":"https:\/\/www.phivutabletennis.com\/index.php\/wp-json\/wp\/v2\/product"}],"about":[{"href":"https:\/\/www.phivutabletennis.com\/index.php\/wp-json\/wp\/v2\/types\/product"}],"replies":[{"embeddable":true,"href":"https:\/\/www.phivutabletennis.com\/index.php\/wp-json\/wp\/v2\/comments?post=5702"}],"wp:featuredmedia":[{"embeddable":true,"href":"https:\/\/www.phivutabletennis.com\/index.php\/wp-json\/wp\/v2\/media\/5685"}],"wp:attachment":[{"href":"https:\/\/www.phivutabletennis.com\/index.php\/wp-json\/wp\/v2\/media?parent=5702"}],"wp:term":[{"taxonomy":"product_cat","embeddable":true,"href":"https:\/\/www.phivutabletennis.com\/index.php\/wp-json\/wp\/v2\/product_cat?post=5702"},{"taxonomy":"product_tag","embeddable":true,"href":"https:\/\/www.phivutabletennis.com\/index.php\/wp-json\/wp\/v2\/product_tag?post=5702"}],"curies":[{"name":"wp","href":"https:\/\/api.w.org\/{rel}","templated":true}]}}