{"id":5704,"date":"2024-12-03T21:33:43","date_gmt":"2024-12-03T14:33:43","guid":{"rendered":"https:\/\/www.phivutabletennis.com\/?post_type=product&#038;p=5704"},"modified":"2024-12-03T21:33:44","modified_gmt":"2024-12-03T14:33:44","slug":"dhs-long-vx","status":"publish","type":"product","link":"https:\/\/www.phivutabletennis.com\/index.php\/product\/dhs-long-vx\/","title":{"rendered":"DHS LONG VX"},"content":{"rendered":"<p>Th\u01b0\u01a1ng hi\u1ec7u : DHS<\/p>\n<p>D\u00f2ng : DHS Long V ( LONG 5 )<\/p>\n<p>\u2013 C\u1ea5u t\u1ea1o :\u00a07 l\u1edbp ( 5 l\u1edbp g\u1ed7 + 2 l\u1edbp Aryl carbon )<\/p>\n<p>\u2013 Tr\u1ecdng l\u01b0\u1ee3ng: 88 gram<\/p>\n<p>\u2013 Lo\u1ea1i : OFF +<\/p>\n<p>Hurricane LONG 5\u00a02018 l\u00e0 c\u00e2y v\u1ee3t\u00a0t\u1ed1c \u0111\u1ed9 nhanh nh\u1ea5t c\u1ee7a d\u00f2ng Long 5\u00a0. V\u1edbi\u00a07 l\u1edbp g\u1ed3m 2 l\u1edbp\u00a0\u00a0s\u1ee3i aryl-carbon (ALC )\u00a0\u00a0v\u00e0 5 l\u1edbp g\u1ed7\u00a0theo\u00a0c\u00f4ng ngh\u1ec7 Pith-Film, mang l\u1ea1i s\u1ee9c m\u1ea1nh l\u1edbn v\u00e0 kh\u1ea3 n\u0103ng ki\u1ec3m so\u00e1t \u1ed5n \u0111\u1ecbnh .<\/p>\n<p>K\u1ebf th\u1eeba kh\u1ea3 n\u0103ng\u00a0to\u00e0n di\u1ec7n c\u1ea3 trong t\u1ea5n c\u00f4ng v\u00e0 ph\u00f2ng th\u1ee7\u00a0, ch\u1eb7n \u0111\u1ea9y c\u0169ng nh\u01b0 ki\u1ec3m so\u00e1t c\u1ee7a d\u00f2ng Long 5 .\u00a0Hurricane LONG 5 2018 c\u00f3 c\u1ea3i bi\u1ebfn :<\/p>\n<p>\u2013 Tr\u1ecdng l\u01b0\u1ee3ng : 88g .\u00a0Kh\u00f4ng qu\u00e1 n\u1eb7ng, ki\u1ec3m so\u00e1t cao v\u00e0 \u0111em l\u1ea1i t\u1ed1c \u0111\u1ed9 c\u0169ng nh\u01b0 hi\u1ec7u qu\u1ea3 l\u1edbn trong c\u00fa \u0111\u00e1nh , ph\u00f9 h\u1ee3p ng\u01b0\u1eddi ch\u01a1i Vi\u1ec7t Nam ( kh\u00e1c phi\u00ean b\u1ea3n tr\u01b0\u1edbc d\u00f9 ch\u1eafc tay , d\u1ec5 ch\u01a1i nh\u01b0ng kh\u00e1 n\u1eb7ng )<\/p>\n<p>\u2013 Ch\u1ea5t li\u1ec7u g\u1ed7 limba \u1edf ngo\u00e0i k\u1ebft h\u1ee3p 2 l\u1edbp s\u1ee3i ALC c\u00f4ng ngh\u1ec7 cao c\u1ee7a DHS gi\u00fap cho c\u00e2y v\u1ee3t c\u00f3 \u0111\u1ed9 ki\u1ec3m so\u00e1t cao. \u0110\u1ed9 \u1ed5n \u0111\u1ecbnh kh\u00f4ng h\u1ec1 k\u00e9m c\u00e1c c\u00e2y v\u1ee3t h\u00e0ng \u0111\u1ea7u c\u1ee7a Nh\u1eadt B\u1ea3n, \u0111\u1ed9 xo\u00e1y cao v\u00e0 \u0111\u1ed9t bi\u1ebfn l\u1edbn. C\u1ed1t v\u1ee3t c\u00f3 \u0111\u1ed9 n\u1ea3y cao nh\u01b0ng v\u1edbi 2 l\u1edbp ALC s\u00e1t l\u00f5i n\u00ean ki\u1ec3m so\u00e1t b\u00f3ng r\u1ea5t t\u1ed1t.<\/p>\n<p>C\u1ea3m nh\u1eadn kh\u00e1ch h\u00e0ng : So s\u00e1nh\u00a0\u00a0DHS long V v\u1edbi Butterfly Amultart<\/p>\n<p>\u2013 Long 5 t\u1ed1c \u0111\u1ed9 ch\u1ec9 k\u00e9m ch\u00fat nh\u01b0ng an to\u00e0n, ch\u1eb7n \u0111\u1ea9y hay h\u01a1n h\u1eb3n \u0111\u1eb7c bi\u1ec7t cho \u0111\u01b0\u1eddng b\u00f3ng c\u1ef1c xo\u00e1y, tuy nhi\u00ean h\u01a1i n\u1eb7ng, N\u1ebfu d\u00f9ng c\u00e2y c\u00f3 tr\u1ecdng l\u01b0\u1ee3ng\u00a0l\u00e0 94gr ph\u1ea3i k\u1ebft h\u1ee3p m\u00fat nh\u1eb9 ch\u00fat. V\u1ec1 \u0111\u1ed9 ph\u1ed5 bi\u1ebfn th\u00ec amul h\u01a1n nhi\u1ec1u<\/p>\n<p>\u2013 V\u1ec1 t\u1ea5n c\u00f4ng th\u00ec Long V t\u1ed1c \u0111\u1ed9 k\u00e9m h\u01a1n ch\u00fat nh\u01b0ng cho \u0111\u01b0\u1eddng b\u00f3ng cong v\u00e0 nhi\u1ec1u xo\u00e1y h\u01a1n Amultart. Amultart cho \u0111\u01b0\u1eddng b\u00f3ng th\u1eb3ng v\u00e0 m\u1ea1nh h\u01a1n (lo\u1ea1i \u0111\u00e1nh m\u1ea1nh b\u1ea1o l\u1ef1c).<\/p>\n<p>\u2013 V\u1ec1 ki\u1ec3m so\u00e1t th\u00ec r\u00f5 r\u00e0ng Long V s\u1ebd v\u01b0\u1ee3t tr\u1ed9i h\u01a1n kh\u00e1 nhi\u1ec1u.<\/p>\n<p>Long V 2018\u00a0ph\u00f9 h\u1ee3p v\u1edbi m\u1eb7t v\u1ee3t : DHS H3 Nation , DHS H8 ; Tenergy\u00a005, Tenergy\u00a064;\u00a0Gord arc 8<\/p>\n","protected":false},"excerpt":{"rendered":"<p>Th\u01b0\u01a1ng hi\u1ec7u : DHS D\u00f2ng : DHS Long V ( LONG 5 ) \u2013 C\u1ea5u t\u1ea1o :\u00a07 l\u1edbp ( 5 l\u1edbp g\u1ed7 + 2 l\u1edbp Aryl carbon ) \u2013 Tr\u1ecdng l\u01b0\u1ee3ng: 88 gram \u2013 Lo\u1ea1i : OFF + Hurricane LONG 5\u00a02018 l\u00e0 c\u00e2y v\u1ee3t\u00a0t\u1ed1c \u0111\u1ed9 nhanh nh\u1ea5t c\u1ee7a d\u00f2ng Long 5\u00a0. V\u1edbi\u00a07 l\u1edbp g\u1ed3m 2 [&hellip;]<\/p>\n","protected":false},"featured_media":5688,"comment_status":"open","ping_status":"closed","template":"","meta":{"_eb_attr":""},"product_cat":[195,26],"product_tag":[],"class_list":["post-5704","product","type-product","status-publish","has-post-thumbnail","hentry","product_cat-cotvotdhs","product_cat-cot-vot"],"_links":{"self":[{"href":"https:\/\/www.phivutabletennis.com\/index.php\/wp-json\/wp\/v2\/product\/5704","targetHints":{"allow":["GET"]}}],"collection":[{"href":"https:\/\/www.phivutabletennis.com\/index.php\/wp-json\/wp\/v2\/product"}],"about":[{"href":"https:\/\/www.phivutabletennis.com\/index.php\/wp-json\/wp\/v2\/types\/product"}],"replies":[{"embeddable":true,"href":"https:\/\/www.phivutabletennis.com\/index.php\/wp-json\/wp\/v2\/comments?post=5704"}],"wp:featuredmedia":[{"embeddable":true,"href":"https:\/\/www.phivutabletennis.com\/index.php\/wp-json\/wp\/v2\/media\/5688"}],"wp:attachment":[{"href":"https:\/\/www.phivutabletennis.com\/index.php\/wp-json\/wp\/v2\/media?parent=5704"}],"wp:term":[{"taxonomy":"product_cat","embeddable":true,"href":"https:\/\/www.phivutabletennis.com\/index.php\/wp-json\/wp\/v2\/product_cat?post=5704"},{"taxonomy":"product_tag","embeddable":true,"href":"https:\/\/www.phivutabletennis.com\/index.php\/wp-json\/wp\/v2\/product_tag?post=5704"}],"curies":[{"name":"wp","href":"https:\/\/api.w.org\/{rel}","templated":true}]}}