{"id":5710,"date":"2024-12-03T21:41:40","date_gmt":"2024-12-03T14:41:40","guid":{"rendered":"https:\/\/www.phivutabletennis.com\/?post_type=product&#038;p=5710"},"modified":"2024-12-03T21:41:41","modified_gmt":"2024-12-03T14:41:41","slug":"dhs-long-v-golden-2","status":"publish","type":"product","link":"https:\/\/www.phivutabletennis.com\/index.php\/product\/dhs-long-v-golden-2\/","title":{"rendered":"DHS LONG V GOLDEN"},"content":{"rendered":"<p><strong>\u0110\u1eb7c \u0111i\u1ec3m<\/strong><\/p>\n<p>Long V golden ngon h\u01a1n nhi\u00eau \u0111\u00e1nh nh\u01b0 c\u00e2y tuy\u1ec3n t\u1ec9nh m\u1edbi nh\u1ea5t c\u1ee7a ma long \u0111ang \u0111\u00e1nh.<\/p>\n<p>Long V Golden phi\u00ean b\u1ea3n m\u1edbi nh\u1ea5t c\u1ee7a d\u00f2ng v\u1ee3t Long V .<\/p>\n<ul>\n<li>C\u00e1n C\u1ea7m tr\u00f2n v\u00e0 \u00f4m<\/li>\n<li>B\u1ea3n v\u1ee3t b\u00e9 h\u01a1n<\/li>\n<li>C\u1ea3m gi\u00e1c b\u00f3ng t\u1ed1t v\u00e0 \u1ed5n \u0111\u1ecbnh h\u01a1n<\/li>\n<li>Uy l\u1ef1c &#8211; t\u1ed1c \u0111\u1ed9 cao nh\u1ea5t<\/li>\n<\/ul>\n","protected":false},"excerpt":{"rendered":"<p>\u0110\u1eb7c \u0111i\u1ec3m Long V golden ngon h\u01a1n nhi\u00eau \u0111\u00e1nh nh\u01b0 c\u00e2y tuy\u1ec3n t\u1ec9nh m\u1edbi nh\u1ea5t c\u1ee7a ma long \u0111ang \u0111\u00e1nh. Long V Golden phi\u00ean b\u1ea3n m\u1edbi nh\u1ea5t c\u1ee7a d\u00f2ng v\u1ee3t Long V . C\u00e1n C\u1ea7m tr\u00f2n v\u00e0 \u00f4m B\u1ea3n v\u1ee3t b\u00e9 h\u01a1n C\u1ea3m gi\u00e1c b\u00f3ng t\u1ed1t v\u00e0 \u1ed5n \u0111\u1ecbnh h\u01a1n Uy l\u1ef1c &#8211; t\u1ed1c \u0111\u1ed9 [&hellip;]<\/p>\n","protected":false},"featured_media":5707,"comment_status":"open","ping_status":"closed","template":"","meta":{"_eb_attr":""},"product_cat":[195,26],"product_tag":[],"class_list":["post-5710","product","type-product","status-publish","has-post-thumbnail","hentry","product_cat-cotvotdhs","product_cat-cot-vot"],"_links":{"self":[{"href":"https:\/\/www.phivutabletennis.com\/index.php\/wp-json\/wp\/v2\/product\/5710","targetHints":{"allow":["GET"]}}],"collection":[{"href":"https:\/\/www.phivutabletennis.com\/index.php\/wp-json\/wp\/v2\/product"}],"about":[{"href":"https:\/\/www.phivutabletennis.com\/index.php\/wp-json\/wp\/v2\/types\/product"}],"replies":[{"embeddable":true,"href":"https:\/\/www.phivutabletennis.com\/index.php\/wp-json\/wp\/v2\/comments?post=5710"}],"wp:featuredmedia":[{"embeddable":true,"href":"https:\/\/www.phivutabletennis.com\/index.php\/wp-json\/wp\/v2\/media\/5707"}],"wp:attachment":[{"href":"https:\/\/www.phivutabletennis.com\/index.php\/wp-json\/wp\/v2\/media?parent=5710"}],"wp:term":[{"taxonomy":"product_cat","embeddable":true,"href":"https:\/\/www.phivutabletennis.com\/index.php\/wp-json\/wp\/v2\/product_cat?post=5710"},{"taxonomy":"product_tag","embeddable":true,"href":"https:\/\/www.phivutabletennis.com\/index.php\/wp-json\/wp\/v2\/product_tag?post=5710"}],"curies":[{"name":"wp","href":"https:\/\/api.w.org\/{rel}","templated":true}]}}