{"id":5712,"date":"2024-12-03T21:43:25","date_gmt":"2024-12-03T14:43:25","guid":{"rendered":"https:\/\/www.phivutabletennis.com\/?post_type=product&#038;p=5712"},"modified":"2024-12-03T21:43:26","modified_gmt":"2024-12-03T14:43:26","slug":"dhs-sunying-sha","status":"publish","type":"product","link":"https:\/\/www.phivutabletennis.com\/index.php\/product\/dhs-sunying-sha\/","title":{"rendered":"DHS SunYing Sha"},"content":{"rendered":"<p>C\u00f4t V\u1ee3t DHS ShunYing Sha<\/p>\n<p>C\u1ea5u t\u1ea1o<\/p>\n<p>5 l\u1edbp g\u1ed7 2 l\u1edbp carbon ALC<\/p>\n<p>lo\u1ea1i : off +<\/p>\n<p>c\u00e2n n\u1eb7ng :89 + 3g<\/p>\n<p>\u0111\u1ed9 d\u00e0y : 5,9mm ( t\u00f9y theo th\u1ef1c t\u1ebf )<\/p>\n<p>M\u00e0u s\u1eafc \u0111\u1ed9c quy\u1ec1n , ch\u00e2n dung SunYing Sha , kh\u1ea3m hoa v\u0103n h\u00ecnh r\u1ed3ng , v\u0169 kh\u00ed s\u1eafc b\u00e9n c\u1ee7a SunYing Sha s\u1eed d\u1ee5ng thi \u0111\u1ea5u t\u1ea1i c\u00e1c gi\u1ea3i th\u1ebf gi\u1edbi , C\u1ea3m gi\u00e1c b\u00f3ng t\u1ed1t xoay s\u1edf linh ho\u1ea1t v\u00e0 b\u00f9ng n\u1ed5 , th\u00edch h\u1ee3p \u0111\u00f4i c\u00f4ng g\u1ea7n b\u00e0n h\u1ed7 tr\u1ee3 ki\u1ec3m so\u00e1t t\u1ed1i \u0111a khi v\u00e0o th\u1ebf \u0111\u00f4i c\u00f4ng nhanh v\u00e0 m\u1ea1nh .<\/p>\n","protected":false},"excerpt":{"rendered":"<p>C\u00f4t V\u1ee3t DHS ShunYing Sha C\u1ea5u t\u1ea1o 5 l\u1edbp g\u1ed7 2 l\u1edbp carbon ALC lo\u1ea1i : off + c\u00e2n n\u1eb7ng :89 + 3g \u0111\u1ed9 d\u00e0y : 5,9mm ( t\u00f9y theo th\u1ef1c t\u1ebf ) M\u00e0u s\u1eafc \u0111\u1ed9c quy\u1ec1n , ch\u00e2n dung SunYing Sha , kh\u1ea3m hoa v\u0103n h\u00ecnh r\u1ed3ng , v\u0169 kh\u00ed s\u1eafc b\u00e9n c\u1ee7a SunYing [&hellip;]<\/p>\n","protected":false},"featured_media":5706,"comment_status":"open","ping_status":"closed","template":"","meta":{"_eb_attr":""},"product_cat":[195,26],"product_tag":[],"class_list":["post-5712","product","type-product","status-publish","has-post-thumbnail","hentry","product_cat-cotvotdhs","product_cat-cot-vot"],"_links":{"self":[{"href":"https:\/\/www.phivutabletennis.com\/index.php\/wp-json\/wp\/v2\/product\/5712","targetHints":{"allow":["GET"]}}],"collection":[{"href":"https:\/\/www.phivutabletennis.com\/index.php\/wp-json\/wp\/v2\/product"}],"about":[{"href":"https:\/\/www.phivutabletennis.com\/index.php\/wp-json\/wp\/v2\/types\/product"}],"replies":[{"embeddable":true,"href":"https:\/\/www.phivutabletennis.com\/index.php\/wp-json\/wp\/v2\/comments?post=5712"}],"wp:featuredmedia":[{"embeddable":true,"href":"https:\/\/www.phivutabletennis.com\/index.php\/wp-json\/wp\/v2\/media\/5706"}],"wp:attachment":[{"href":"https:\/\/www.phivutabletennis.com\/index.php\/wp-json\/wp\/v2\/media?parent=5712"}],"wp:term":[{"taxonomy":"product_cat","embeddable":true,"href":"https:\/\/www.phivutabletennis.com\/index.php\/wp-json\/wp\/v2\/product_cat?post=5712"},{"taxonomy":"product_tag","embeddable":true,"href":"https:\/\/www.phivutabletennis.com\/index.php\/wp-json\/wp\/v2\/product_tag?post=5712"}],"curies":[{"name":"wp","href":"https:\/\/api.w.org\/{rel}","templated":true}]}}