{"id":5713,"date":"2024-12-03T21:45:38","date_gmt":"2024-12-03T14:45:38","guid":{"rendered":"https:\/\/www.phivutabletennis.com\/?post_type=product&#038;p=5713"},"modified":"2024-12-03T21:55:05","modified_gmt":"2024-12-03T14:55:05","slug":"dhs-long-golden-w968","status":"publish","type":"product","link":"https:\/\/www.phivutabletennis.com\/index.php\/product\/dhs-long-golden-w968\/","title":{"rendered":"DHS LONG GOLDEN W968"},"content":{"rendered":"<p><strong>Th\u00f4ng tin chung<\/strong><\/p>\n<p>C\u1ed0T V\u1ee2T B\u00d3NG B\u00c0N\u00a0DHS W968 GOLDEN (Hurricane Long 5 GOLDEN National)\u00a0\u00a0l\u00e0 phi\u00ean b\u1ea3n qu\u1ed1c t\u1ebf cao c\u1ea5p nh\u1ea5t c\u1ee7a d\u00f2ng Long V<\/p>\n<p>DHS l\u00e0 h\u00e3ng b\u00f3ng b\u00e0n h\u00e0ng \u0111\u1ea7u th\u1ebf gi\u1edbi v\u00e0 \u0111\u1ee9ng \u0111\u1ea7u Trung Qu\u1ed1c.<\/p>\n<p>H\u1ea7u h\u1ebft 100% c\u00e1c v\u1eadn \u0111\u1ed9ng vien Trung Qu\u1ed1c \u0111\u1ec1u s\u1eed d\u1ee5ng s\u1ea3n ph\u1ea9m c\u1ee7a h\u00e3ng b\u00f3ng b\u00e0n DHS.<\/p>\n<p>C\u00f4ng ngh\u1ec7 c\u1ee7a h\u00e3ng DHS l\u00e0 s\u1ef1 v\u01b0\u1ee3t tr\u1ed9i v\u1ec1 ch\u1ea5t l\u01b0\u1ee3ng s\u1ea3n ph\u1ea9m cao c\u1ea5p. S\u1ea3n ph\u1ea9m DHS l\u00e0 s\u1ef1 k\u1ebft h\u1ee3p tinh t\u1ebf gi\u1eefa ch\u1ea5t li\u1ec7u v\u00e0 thi\u1ebft k\u1ebf c\u00f9ng c\u00f4ng ngh\u1ec7 cao \u0111\u00e1p \u1ee9ng c\u00e1c ti\u00eau chu\u1ea9n thi \u0111\u1ea5u qu\u1ed1c t\u1ebf v\u00e0 th\u01b0\u1eddng \u0111\u01b0\u1ee3c s\u1eed d\u1ee5ng trong c\u00e1c th\u1ebf v\u1eadn h\u1ed9i.<\/p>\n<p>DHS W968 (Hurricane Long 5 National)\u00a0hi\u1ec7n t\u1ea1i l\u00e0 m\u1ed9t trong nh\u1eefng c\u1ed1t v\u1ee3t t\u1ed1t h\u00e0ng \u0111\u1ea7u m\u00e0 DHS \u0111ang ch\u00e0o b\u00e1n.<\/p>\n<p>\u0110\u01b0\u1ee3c thi\u1ebft k\u1ebf theo l\u1ed1i ch\u01a1i c\u1ee7a M\u00e3 Long Chuy\u1ec3n \u0111\u1ed5i nhanh ch\u00f3ng gi\u1eefa t\u1ea5n c\u00f4ng v\u00e0 ph\u00f2ng th\u1ee7.<\/p>\n<p>TH\u00d4NG TIN S\u1ea2N PH\u1ea8M<\/p>\n<p>&#8211; M\u00e3 s\u1ea3n ph\u1ea9m : DHS W968 (Hurricane Long 5 National)<\/p>\n<p>&#8211; H\u00e3ng s\u1ea3n xu\u1ea5t : DHS<\/p>\n<p>&#8211; Xu\u1ea5t x\u1ee9 : Ch\u00ednh h\u00e3ng &#8211; CHINA<\/p>\n<p>&#8211; C\u00e1n : FL<\/p>\n<p>&#8211; Tr\u1ecdng l\u01b0\u1ee3ng : 89g +\/- 3g<\/p>\n<p>&#8211; \u0110\u1ed9 d\u00e0y : 5.9 +\/- 0.2 mm<\/p>\n<p>DHS W968 (Hurricane Long 5 National)\u00a0\u00a0\u0111\u01b0\u1ee3c c\u1ea3i ti\u1ebfn \u0111\u00e1ng k\u1ec3 \u0111\u1ec3 ph\u00f9 h\u1ee3p v\u1edbi b\u00f3ng 40+, \u0111\u1ed9 n\u1ea9y gia t\u0103ng v\u00e0 c\u00e1n tay c\u1ea7m c\u0169ng \u0111\u01b0\u1ee3c \u0111i\u1ec1u ch\u1ec9nh ;<\/p>\n<p>W968 l\u00e0 phi\u00ean b\u1ea3n gi\u1edbi h\u1ea1n c\u1ee7a c\u1ed1t v\u1ee3t DHS Hurricane Long 5 n\u1ed5i ti\u1ebfng, \u0111\u01b0\u1ee3c thi\u1ebft k\u1ebf v\u00e0 \u0111i\u1ec1u ch\u1ec9nh \u0111\u1eb7c bi\u1ec7t cho si\u00eau sao Trung Qu\u1ed1c, Ma Long.<\/p>\n<p>C\u00e1c th\u00e0nh ph\u1ea7n c\u1ee7a c\u1ed1t v\u1ee3t phi\u00ean b\u1ea3n gi\u1edbi h\u1ea1n n\u00e0y \u0111\u00e3 \u0111\u01b0\u1ee3c l\u1ef1a ch\u1ecdn, s\u1ea3n xu\u1ea5t v\u1edbi ch\u1ea5t l\u01b0\u1ee3ng v\u00e0 \u0111\u1ed9 ch\u00ednh x\u00e1c cao m\u00e0 Nh\u00e0 v\u00f4 \u0111\u1ecbch th\u1ebf gi\u1edbi x\u1ee9ng \u0111\u00e1ng c\u00f3 \u0111\u01b0\u1ee3c.<\/p>\n<p>M\u1ed7i b\u01b0\u1edbc s\u1ea3n xu\u1ea5t \u0111\u1ec1u \u0111\u01b0\u1ee3c ki\u1ec3m tra v\u00e0 ki\u1ec3m so\u00e1t to\u00e0n di\u1ec7n b\u1edfi \u0111\u1ed9i s\u1ea3n xu\u1ea5t tham gia s\u1ea3n xu\u1ea5t c\u1ed1t v\u1ee3t cho c\u00e1c th\u00e0nh vi\u00ean \u0111\u1ed9i tuy\u1ec3n qu\u1ed1c gia Trung Qu\u1ed1c.<\/p>\n","protected":false},"excerpt":{"rendered":"<p>Th\u00f4ng tin chung C\u1ed0T V\u1ee2T B\u00d3NG B\u00c0N\u00a0DHS W968 GOLDEN (Hurricane Long 5 GOLDEN National)\u00a0\u00a0l\u00e0 phi\u00ean b\u1ea3n qu\u1ed1c t\u1ebf cao c\u1ea5p nh\u1ea5t c\u1ee7a d\u00f2ng Long V DHS l\u00e0 h\u00e3ng b\u00f3ng b\u00e0n h\u00e0ng \u0111\u1ea7u th\u1ebf gi\u1edbi v\u00e0 \u0111\u1ee9ng \u0111\u1ea7u Trung Qu\u1ed1c. H\u1ea7u h\u1ebft 100% c\u00e1c v\u1eadn \u0111\u1ed9ng vien Trung Qu\u1ed1c \u0111\u1ec1u s\u1eed d\u1ee5ng s\u1ea3n ph\u1ea9m c\u1ee7a h\u00e3ng [&hellip;]<\/p>\n","protected":false},"featured_media":5718,"comment_status":"open","ping_status":"closed","template":"","meta":{"_eb_attr":""},"product_cat":[195,26],"product_tag":[],"class_list":["post-5713","product","type-product","status-publish","has-post-thumbnail","hentry","product_cat-cotvotdhs","product_cat-cot-vot"],"_links":{"self":[{"href":"https:\/\/www.phivutabletennis.com\/index.php\/wp-json\/wp\/v2\/product\/5713","targetHints":{"allow":["GET"]}}],"collection":[{"href":"https:\/\/www.phivutabletennis.com\/index.php\/wp-json\/wp\/v2\/product"}],"about":[{"href":"https:\/\/www.phivutabletennis.com\/index.php\/wp-json\/wp\/v2\/types\/product"}],"replies":[{"embeddable":true,"href":"https:\/\/www.phivutabletennis.com\/index.php\/wp-json\/wp\/v2\/comments?post=5713"}],"wp:featuredmedia":[{"embeddable":true,"href":"https:\/\/www.phivutabletennis.com\/index.php\/wp-json\/wp\/v2\/media\/5718"}],"wp:attachment":[{"href":"https:\/\/www.phivutabletennis.com\/index.php\/wp-json\/wp\/v2\/media?parent=5713"}],"wp:term":[{"taxonomy":"product_cat","embeddable":true,"href":"https:\/\/www.phivutabletennis.com\/index.php\/wp-json\/wp\/v2\/product_cat?post=5713"},{"taxonomy":"product_tag","embeddable":true,"href":"https:\/\/www.phivutabletennis.com\/index.php\/wp-json\/wp\/v2\/product_tag?post=5713"}],"curies":[{"name":"wp","href":"https:\/\/api.w.org\/{rel}","templated":true}]}}