{"id":581,"date":"2023-04-03T01:59:49","date_gmt":"2023-04-02T18:59:49","guid":{"rendered":"http:\/\/www.phivutabletennis.com\/?post_type=product&#038;p=581"},"modified":"2024-09-13T22:46:20","modified_gmt":"2024-09-13T15:46:20","slug":"andro-treiber-fo-off-s","status":"publish","type":"product","link":"https:\/\/www.phivutabletennis.com\/index.php\/product\/andro-treiber-fo-off-s\/","title":{"rendered":"Andro Treiber FO OFF\/S"},"content":{"rendered":"<p><b>Th\u01b0\u01a1ng hi\u1ec7u:\u00a0<\/b>Andro<\/p>\n<p><b>Lo\u1ea1i:\u00a0<\/b>Off+<\/p>\n<p><b>T\u1ed1c \u0111\u1ed9:<\/b>\u00a097<\/p>\n<p><b>Ki\u1ec3m so\u00e1t:<\/b>\u00a063<\/p>\n<p><b>Tr\u1ecdng l\u01b0\u1ee3ng:\u00a0<\/b>90gr<\/p>\n<p><strong>\u0110\u1eb7c \u0111i\u1ec3m<\/strong><\/p>\n<p><img decoding=\"async\" src=\"https:\/\/dungcubongban.vn\/image\/catalog\/andro\/2018\/SetWidth640-10211202-blade-Treiber-FO-off-s-front-72dpi-rgb-WebShop.jpg\" \/><\/p>\n<p>Treiber FO OFF\/S v\u1edbi c\u1ea5u t\u1ea1o t\u1eeb s\u1ee3i t\u1ed5ng h\u1ee3p k\u1ebft h\u1ee3p v\u1edbi c\u00e1c l\u1edbp g\u1ed7 truy\u1ec1n th\u1ed1ng t\u1ea1o t\u0103ng t\u1ed1c \u0111\u1ed9 c\u1ee7a c\u1ed1t v\u1ee3t nh\u01b0ng v\u1eabn gi\u1eef \u0111\u01b0\u1ee3c c\u1ea3m gi\u00e1c b\u00f3ng t\u1ed1t.<\/p>\n<p>&#8220;D\u00f2ng Andro TREIBER v\u1edbi nhi\u1ec1u s\u1ef1 l\u1ef1a ch\u1ecdn v\u1ec1 c\u1ea5u tr\u00fac t\u1ea1o n\u00ean c\u1ed1t v\u1ee3t:<\/p>\n<p>&#8211; Treiber FO OFF\/S : 5+2 l\u1edbp TXL Fiber Outer<\/p>\n<p>&#8211; Treiber FI OFF : 5+2 l\u1edbp TXL Fiber Inner<\/p>\n<p>&#8211; Treiber CO OFF\/S : 5+2 l\u1edbp KVL Carbon Outer<\/p>\n<p>&#8211; Treiber CI OFF : 5+2 l\u1edbp KVL Carbon Inner<\/p>\n<p>&#8221;<\/p>\n<p>TXL Carbon\u00a0 \u0111\u1eb7t tr\u1ef1c ti\u1ebfp d\u01b0\u1edbi l\u1edbp g\u1ed7 HINOKI b\u00ean ngo\u00e0i \u0111\u1ec3 gia t\u0103ng \u0111\u1ed9 n\u1ea3y c\u1ee7a c\u1ed1t v\u1ee3t<\/p>\n<p>Qu\u1ef9 \u0111\u1ea1o b\u00f3ng \u0111\u1ea9y \u0111\u1ed1i \u0111\u1ed1i ph\u01b0\u01a1ng ra xa b\u00e0n gi\u00fap b\u1ea1n l\u00e0m ch\u1ee7 th\u1ebf tr\u1eadn c\u0169ng nh\u01b0 t\u1ea1o \u0111\u1ed9 nguy hi\u1ec3m cho \u0111\u1ed1i ph\u01b0\u01a1ng trong t\u1eebng c\u00fa d\u1ee9t \u0111i\u1ec3m.<\/p>\n<p>Andro Treiber FO OFF \/ S l\u00e0\u00a0 s\u1ef1 l\u1ef1a ch\u1ecdn ph\u00f9 h\u1ee3p v\u1edbi l\u1ed1i ch\u01a1i t\u1ea5n c\u00f4ng m\u1ea1nh m\u1ebd v\u00e0 to\u00e0n di\u1ec7n.<\/p>\n<div><\/div>\n<p><img decoding=\"async\" src=\"https:\/\/dungcubongban.vn\/image\/catalog\/andro\/2018\/SetWidth640-10211202-blade-Treiber-FO-off-s-side-72dpi-rgb-WebShop.jpg\" \/><\/p>\n<p><img decoding=\"async\" src=\"https:\/\/dungcubongban.vn\/image\/catalog\/andro\/andro%20treiber..JPG\" \/><\/p>\n","protected":false},"excerpt":{"rendered":"<p>Th\u01b0\u01a1ng hi\u1ec7u:\u00a0Andro Lo\u1ea1i:\u00a0Off+ T\u1ed1c \u0111\u1ed9:\u00a097 Ki\u1ec3m so\u00e1t:\u00a063 Tr\u1ecdng l\u01b0\u1ee3ng:\u00a090gr \u0110\u1eb7c \u0111i\u1ec3m Treiber FO OFF\/S v\u1edbi c\u1ea5u t\u1ea1o t\u1eeb s\u1ee3i t\u1ed5ng h\u1ee3p k\u1ebft h\u1ee3p v\u1edbi c\u00e1c l\u1edbp g\u1ed7 truy\u1ec1n th\u1ed1ng t\u1ea1o t\u0103ng t\u1ed1c \u0111\u1ed9 c\u1ee7a c\u1ed1t v\u1ee3t nh\u01b0ng v\u1eabn gi\u1eef \u0111\u01b0\u1ee3c c\u1ea3m gi\u00e1c b\u00f3ng t\u1ed1t. &#8220;D\u00f2ng Andro TREIBER v\u1edbi nhi\u1ec1u s\u1ef1 l\u1ef1a ch\u1ecdn v\u1ec1 c\u1ea5u tr\u00fac [&hellip;]<\/p>\n","protected":false},"featured_media":4888,"comment_status":"open","ping_status":"closed","template":"","meta":{"_eb_attr":""},"product_cat":[58,26],"product_tag":[],"class_list":["post-581","product","type-product","status-publish","has-post-thumbnail","hentry","product_cat-andro-cot","product_cat-cot-vot"],"_links":{"self":[{"href":"https:\/\/www.phivutabletennis.com\/index.php\/wp-json\/wp\/v2\/product\/581","targetHints":{"allow":["GET"]}}],"collection":[{"href":"https:\/\/www.phivutabletennis.com\/index.php\/wp-json\/wp\/v2\/product"}],"about":[{"href":"https:\/\/www.phivutabletennis.com\/index.php\/wp-json\/wp\/v2\/types\/product"}],"replies":[{"embeddable":true,"href":"https:\/\/www.phivutabletennis.com\/index.php\/wp-json\/wp\/v2\/comments?post=581"}],"wp:featuredmedia":[{"embeddable":true,"href":"https:\/\/www.phivutabletennis.com\/index.php\/wp-json\/wp\/v2\/media\/4888"}],"wp:attachment":[{"href":"https:\/\/www.phivutabletennis.com\/index.php\/wp-json\/wp\/v2\/media?parent=581"}],"wp:term":[{"taxonomy":"product_cat","embeddable":true,"href":"https:\/\/www.phivutabletennis.com\/index.php\/wp-json\/wp\/v2\/product_cat?post=581"},{"taxonomy":"product_tag","embeddable":true,"href":"https:\/\/www.phivutabletennis.com\/index.php\/wp-json\/wp\/v2\/product_tag?post=581"}],"curies":[{"name":"wp","href":"https:\/\/api.w.org\/{rel}","templated":true}]}}