{"id":610,"date":"2023-04-03T23:48:30","date_gmt":"2023-04-03T16:48:30","guid":{"rendered":"http:\/\/www.phivutabletennis.com\/?post_type=product&#038;p=610"},"modified":"2023-07-20T23:23:02","modified_gmt":"2023-07-20T16:23:02","slug":"andro-cross-step-2-hologram","status":"publish","type":"product","link":"https:\/\/www.phivutabletennis.com\/index.php\/product\/andro-cross-step-2-hologram\/","title":{"rendered":"Andro Cross Step 2 Hologram"},"content":{"rendered":"<div class=\"x11i5rnm xat24cr x1mh8g0r x1vvkbs xtlvy1s x126k92a\">\n<div dir=\"auto\">&#8211; Sau 5 n\u0103m s\u1ef1 ki\u1ec7n gi\u00e0y R47 ( s\u1ea3n xu\u1ea5t gi\u1edbi h\u1ea1n) th\u00ec Andro Germany l\u1ea1i ti\u1ebfp t\u1ee5c cho ra d\u00f2ng Holograme.<\/div>\n<\/div>\n<div class=\"x11i5rnm xat24cr x1mh8g0r x1vvkbs xtlvy1s x126k92a\">\n<div dir=\"auto\">&#8211; M\u1ed9t phi\u00ean b\u1ea3n v\u1eeba ch\u01a1i \u0111\u01b0\u1ee3c b\u00f3ng b\u00e0n k\u1ebft h\u1ee3p \u0111i ch\u01a1i \u0111\u1ec1u \u0111\u1eb9p.<\/div>\n<\/div>\n<div class=\"x11i5rnm xat24cr x1mh8g0r x1vvkbs xtlvy1s x126k92a\">\n<div dir=\"auto\">&#8211; V\u1eeba sang tr\u1ecdng, v\u1eeba \u00eam, v\u1eeba nh\u1eb9, v\u1eeba b\u1ec1n, m\u00e0 c\u00f2n \u0111\u01b0\u1ee3c mi\u1ec5n ph\u00ed v\u1eadn chuy\u1ec3n.<\/div>\n<\/div>\n<div class=\"x11i5rnm xat24cr x1mh8g0r x1vvkbs xtlvy1s x126k92a\">\n<div dir=\"auto\">S\u1ed0 L\u01af\u1ee2NG C\u00d3 H\u1ea0N \u2013 CH\u1ea6N CH\u1eea S\u1ebc H\u1ebeT NGAY! C\u1ea3 nh\u00e0 quan t\u00e2m, h\u00e3y \u0111\u1ec3 l\u1ea1i b\u00ecnh lu\u1eadn ngay l\u1eadp t\u1ee9c.<\/div>\n<\/div>\n","protected":false},"excerpt":{"rendered":"<p>&#8211; Sau 5 n\u0103m s\u1ef1 ki\u1ec7n gi\u00e0y R47 ( s\u1ea3n xu\u1ea5t gi\u1edbi h\u1ea1n) th\u00ec Andro Germany l\u1ea1i ti\u1ebfp t\u1ee5c cho ra d\u00f2ng Holograme. &#8211; M\u1ed9t phi\u00ean b\u1ea3n v\u1eeba ch\u01a1i \u0111\u01b0\u1ee3c b\u00f3ng b\u00e0n k\u1ebft h\u1ee3p \u0111i ch\u01a1i \u0111\u1ec1u \u0111\u1eb9p. &#8211; V\u1eeba sang tr\u1ecdng, v\u1eeba \u00eam, v\u1eeba nh\u1eb9, v\u1eeba b\u1ec1n, m\u00e0 c\u00f2n \u0111\u01b0\u1ee3c mi\u1ec5n ph\u00ed v\u1eadn chuy\u1ec3n. [&hellip;]<\/p>\n","protected":false},"featured_media":4242,"comment_status":"open","ping_status":"closed","template":"","meta":{"_eb_attr":""},"product_cat":[60,59],"product_tag":[],"class_list":["post-610","product","type-product","status-publish","has-post-thumbnail","hentry","product_cat-andro-giay-vo","product_cat-giay-vo"],"_links":{"self":[{"href":"https:\/\/www.phivutabletennis.com\/index.php\/wp-json\/wp\/v2\/product\/610","targetHints":{"allow":["GET"]}}],"collection":[{"href":"https:\/\/www.phivutabletennis.com\/index.php\/wp-json\/wp\/v2\/product"}],"about":[{"href":"https:\/\/www.phivutabletennis.com\/index.php\/wp-json\/wp\/v2\/types\/product"}],"replies":[{"embeddable":true,"href":"https:\/\/www.phivutabletennis.com\/index.php\/wp-json\/wp\/v2\/comments?post=610"}],"wp:featuredmedia":[{"embeddable":true,"href":"https:\/\/www.phivutabletennis.com\/index.php\/wp-json\/wp\/v2\/media\/4242"}],"wp:attachment":[{"href":"https:\/\/www.phivutabletennis.com\/index.php\/wp-json\/wp\/v2\/media?parent=610"}],"wp:term":[{"taxonomy":"product_cat","embeddable":true,"href":"https:\/\/www.phivutabletennis.com\/index.php\/wp-json\/wp\/v2\/product_cat?post=610"},{"taxonomy":"product_tag","embeddable":true,"href":"https:\/\/www.phivutabletennis.com\/index.php\/wp-json\/wp\/v2\/product_tag?post=610"}],"curies":[{"name":"wp","href":"https:\/\/api.w.org\/{rel}","templated":true}]}}