{"id":635,"date":"2023-04-04T00:08:09","date_gmt":"2023-04-03T17:08:09","guid":{"rendered":"http:\/\/www.phivutabletennis.com\/?post_type=product&#038;p=635"},"modified":"2024-09-29T20:44:52","modified_gmt":"2024-09-29T13:44:52","slug":"andro-shuffle-step-2","status":"publish","type":"product","link":"https:\/\/www.phivutabletennis.com\/index.php\/product\/andro-shuffle-step-2\/","title":{"rendered":"Andro Shuffle Step 2 &#8211; Blue"},"content":{"rendered":"<p><strong>\u0110\u1eb7c \u0111i\u1ec3m<\/strong><\/p>\n<p>&#8211; M\u1eabu gi\u00e0y b\u00f3ng b\u00e0n chuy\u00ean d\u1ee5ng c\u1ee7a h\u00e3ng Andro danh ti\u1ebfng c\u1ee7a \u0110\u1ee9c<\/p>\n<p>&#8211; Thi\u1ebft k\u1ebf \u0111\u1eb9p v\u00e0 c\u00f3 \u0111\u1ed9 b\u00e1m t\u1ed1t, r\u1ea5t \u00eam ch\u00e2n v\u00e0 h\u1ed7 tr\u1ee3 di chuy\u1ec3n nhanh t\u1ed1t<\/p>\n<div class=\"kvgmc6g5 cxmmr5t8 oygrvhab hcukyx3x c1et5uql ii04i59q\">\n<div dir=\"auto\"><span style=\"color: #050505; font-family: inherit;\">M\u1eabu Andro <\/span><span style=\"color: #050505; font-family: Segoe UI Historic, Segoe UI, Helvetica, Arial, sans-serif;\">SHUFFLE STEP 2<\/span><span style=\"color: #050505; font-family: inherit;\"> thi\u1ebft k\u1ebf th\u00f4ng minh v\u1edbi h\u1ec7 th\u1ed1ng tho\u00e1t kh\u00ed (Air Ventilation Window (AVW) ) gi\u00fap gi\u00e0y c\u1ef1c tho\u00e1ng khi mang thi \u0111\u1ea5u;<\/span><\/div>\n<\/div>\n<div class=\"o9v6fnle cxmmr5t8 oygrvhab hcukyx3x c1et5uql ii04i59q\">\n<div dir=\"auto\">C\u00f4ng ngh\u1ec7 \u0111\u1ec7m 3D gi\u00fap gi\u00e0y \u00eam v\u00e0 di chuy\u1ec3n linh ho\u1ea1t tr\u00ean s\u00e0n \u0111\u1ea5u;<\/div>\n<\/div>\n<div class=\"o9v6fnle cxmmr5t8 oygrvhab hcukyx3x c1et5uql ii04i59q\">\n<div dir=\"auto\">L\u00f5i v\u1eadt li\u1ec7u TPU h\u1ed7 tr\u1ee3 t\u1ed1t khu v\u1ef1c gi\u0169a b\u00e0n ch\u00e2n;<\/div>\n<\/div>\n<div class=\"o9v6fnle cxmmr5t8 oygrvhab hcukyx3x c1et5uql ii04i59q\">\n<div dir=\"auto\">\n<p>C\u1ea5u tr\u00fac \u0111\u1ebf gi\u00fap gia t\u0103ng \u0111\u1ed9 b\u00e1m c\u1ee7a gi\u00e0y.<\/p>\n<div class=\"o9v6fnle cxmmr5t8 oygrvhab hcukyx3x c1et5uql ii04i59q\">\n<div dir=\"auto\"><\/div>\n<\/div>\n<\/div>\n<\/div>\n","protected":false},"excerpt":{"rendered":"<p>\u0110\u1eb7c \u0111i\u1ec3m &#8211; M\u1eabu gi\u00e0y b\u00f3ng b\u00e0n chuy\u00ean d\u1ee5ng c\u1ee7a h\u00e3ng Andro danh ti\u1ebfng c\u1ee7a \u0110\u1ee9c &#8211; Thi\u1ebft k\u1ebf \u0111\u1eb9p v\u00e0 c\u00f3 \u0111\u1ed9 b\u00e1m t\u1ed1t, r\u1ea5t \u00eam ch\u00e2n v\u00e0 h\u1ed7 tr\u1ee3 di chuy\u1ec3n nhanh t\u1ed1t M\u1eabu Andro SHUFFLE STEP 2 thi\u1ebft k\u1ebf th\u00f4ng minh v\u1edbi h\u1ec7 th\u1ed1ng tho\u00e1t kh\u00ed (Air Ventilation Window (AVW) ) gi\u00fap [&hellip;]<\/p>\n","protected":false},"featured_media":5071,"comment_status":"open","ping_status":"closed","template":"","meta":{"_eb_attr":""},"product_cat":[60,59],"product_tag":[],"class_list":["post-635","product","type-product","status-publish","has-post-thumbnail","hentry","product_cat-andro-giay-vo","product_cat-giay-vo"],"_links":{"self":[{"href":"https:\/\/www.phivutabletennis.com\/index.php\/wp-json\/wp\/v2\/product\/635","targetHints":{"allow":["GET"]}}],"collection":[{"href":"https:\/\/www.phivutabletennis.com\/index.php\/wp-json\/wp\/v2\/product"}],"about":[{"href":"https:\/\/www.phivutabletennis.com\/index.php\/wp-json\/wp\/v2\/types\/product"}],"replies":[{"embeddable":true,"href":"https:\/\/www.phivutabletennis.com\/index.php\/wp-json\/wp\/v2\/comments?post=635"}],"wp:featuredmedia":[{"embeddable":true,"href":"https:\/\/www.phivutabletennis.com\/index.php\/wp-json\/wp\/v2\/media\/5071"}],"wp:attachment":[{"href":"https:\/\/www.phivutabletennis.com\/index.php\/wp-json\/wp\/v2\/media?parent=635"}],"wp:term":[{"taxonomy":"product_cat","embeddable":true,"href":"https:\/\/www.phivutabletennis.com\/index.php\/wp-json\/wp\/v2\/product_cat?post=635"},{"taxonomy":"product_tag","embeddable":true,"href":"https:\/\/www.phivutabletennis.com\/index.php\/wp-json\/wp\/v2\/product_tag?post=635"}],"curies":[{"name":"wp","href":"https:\/\/api.w.org\/{rel}","templated":true}]}}