{"id":650,"date":"2023-04-04T00:23:47","date_gmt":"2023-04-03T17:23:47","guid":{"rendered":"http:\/\/www.phivutabletennis.com\/?post_type=product&#038;p=650"},"modified":"2023-04-04T00:25:13","modified_gmt":"2023-04-03T17:25:13","slug":"vo-andro-sportsock-game","status":"publish","type":"product","link":"https:\/\/www.phivutabletennis.com\/index.php\/product\/vo-andro-sportsock-game\/","title":{"rendered":"V\u1edb Andro SportSock Game"},"content":{"rendered":"<p>V\u1edb Andro ch\u00ednh h\u00e3ng \u0110\u1ee9c nh\u1eadp kh\u1ea9u.<\/p>\n","protected":false},"excerpt":{"rendered":"<p>V\u1edb Andro ch\u00ednh h\u00e3ng \u0110\u1ee9c nh\u1eadp kh\u1ea9u.<\/p>\n","protected":false},"featured_media":651,"comment_status":"open","ping_status":"closed","template":"","meta":{"_eb_attr":""},"product_cat":[60,59],"product_tag":[],"class_list":["post-650","product","type-product","status-publish","has-post-thumbnail","hentry","product_cat-andro-giay-vo","product_cat-giay-vo"],"_links":{"self":[{"href":"https:\/\/www.phivutabletennis.com\/index.php\/wp-json\/wp\/v2\/product\/650","targetHints":{"allow":["GET"]}}],"collection":[{"href":"https:\/\/www.phivutabletennis.com\/index.php\/wp-json\/wp\/v2\/product"}],"about":[{"href":"https:\/\/www.phivutabletennis.com\/index.php\/wp-json\/wp\/v2\/types\/product"}],"replies":[{"embeddable":true,"href":"https:\/\/www.phivutabletennis.com\/index.php\/wp-json\/wp\/v2\/comments?post=650"}],"wp:featuredmedia":[{"embeddable":true,"href":"https:\/\/www.phivutabletennis.com\/index.php\/wp-json\/wp\/v2\/media\/651"}],"wp:attachment":[{"href":"https:\/\/www.phivutabletennis.com\/index.php\/wp-json\/wp\/v2\/media?parent=650"}],"wp:term":[{"taxonomy":"product_cat","embeddable":true,"href":"https:\/\/www.phivutabletennis.com\/index.php\/wp-json\/wp\/v2\/product_cat?post=650"},{"taxonomy":"product_tag","embeddable":true,"href":"https:\/\/www.phivutabletennis.com\/index.php\/wp-json\/wp\/v2\/product_tag?post=650"}],"curies":[{"name":"wp","href":"https:\/\/api.w.org\/{rel}","templated":true}]}}