{"id":707,"date":"2023-04-04T01:31:37","date_gmt":"2023-04-03T18:31:37","guid":{"rendered":"http:\/\/www.phivutabletennis.com\/?post_type=product&#038;p=707"},"modified":"2023-07-20T23:19:36","modified_gmt":"2023-07-20T16:19:36","slug":"mizuno-wave-drive-neo-3-den-navy-hong","status":"publish","type":"product","link":"https:\/\/www.phivutabletennis.com\/index.php\/product\/mizuno-wave-drive-neo-3-den-navy-hong\/","title":{"rendered":"Mizuno WAVE DRIVE NEO 3 &#8211; \u0110en\/Navy\/H\u1ed3ng"},"content":{"rendered":"<p>WAVE DRIVE NEO 3 \u2013 \u0110I\u1ec2M NH\u1ea4N CHO \u0110\u00d4I CH\u00c2N<\/p>\n<p>\u0110\u00e2y l\u00e0 m\u1eabu gi\u00e0y b\u00f3ng b\u00e0n cao c\u1ea5p c\u1ee7a Mizuno v\u1edbi nh\u1eefng c\u00f4ng ngh\u1ec7 t\u00e2n ti\u1ebfn, mang \u0111\u1ebfn m\u1ed9t v\u0169 kh\u00ed l\u1ee3i h\u1ea1i gi\u00fap gia t\u0103ng hi\u1ec7u su\u1ea5t thi \u0111\u1ea5u m\u1ed7i khi l\u00ean s\u00e2n d\u00e0nh ri\u00eang cho ng\u01b0\u1eddi ch\u01a1i b\u1ed9 m\u00f4n n\u00e0y.<\/p>\n<p>Wave Drive Neo 3 c\u00f3 \u0111\u1ed9 b\u1ec1n \u1ea5n t\u01b0\u1ee3ng c\u00f9ng s\u1ef1 tinh ch\u1ec9nh v\u1ec1 \u0111\u1ed9 d\u00e0y c\u1ee7a \u0111\u1ebf \u0111\u01b0\u1ee3c m\u1ecfng h\u01a1n so v\u1edbi c\u00e1c m\u1eabu tr\u01b0\u1edbc nh\u01b0ng v\u1eabn \u0111\u1ea3m b\u1ea3o s\u1ef1 b\u00e1m s\u00e2n \u01b0u vi\u1ec7t.<\/p>\n<p>V\u1edbi tr\u1ecdng l\u01b0\u1ee3ng nh\u1eb9, ph\u1ea7n upper \u0111\u01b0\u1ee3c thi\u1ebft k\u1ebf l\u1ed7 tho\u00e1ng kh\u00ed c\u00f9ng c\u1ea5u tr\u00fac bootie mang \u0111\u1ebfn m\u1ed9t m\u1eabu gi\u00e0y s\u1ef1 v\u1eeba v\u1eb7n cho \u0111\u00f4i ch\u00e2n, \u0111em l\u1ea1i c\u1ea3m gi\u00e1c tho\u1ea3i m\u00e1i v\u00e0 linh ho\u1ea1t m\u1ed7i khi di chuy\u1ec3n.<\/p>\n<p>L\u00e0 m\u1eabu gi\u00e0y b\u00f3ng b\u00e0n h\u00e0ng \u0111\u1ea7u c\u1ee7a Mizuno, Wave Drive Neo 3 c\u00f2n \u0111\u01b0\u1ee3c trang b\u1ecb nh\u1eefng c\u00f4ng ngh\u1ec7:<\/p>\n<p><img decoding=\"async\" src=\"data:image\/png;base64,iVBORw0KGgoAAAANSUhEUgAAABgAAAAYCAMAAADXqc3KAAAAAXNSR0IArs4c6QAAAARnQU1BAACxjwv8YQUAAAK+UExURQAAACCjUzC0XBWXTR2gUSyvWhqcTzW6X07Sa0HGZS2xWzCwWje7YDi8YBeZTSmsWBudUDCzXEDFZRyeUEXKZ0fMaC2xWkXKZyquWULHZjS4XiquWTa6XzS4Xj\/EZE7TbB+iUjq\/YTC0XETIZxmbTje7YC+yWxWWTByeUByfUD7DZCOmVC2wWj\/EZTO3XS6yW0zRa0nOaTS3XUXKZzW5Xzu\/Yk3Sa0rOaTS4XTq+YkbLaB6hUSmtWDzBYyqtWB6iUiKlVCKmVBueUB6hUTzBYh2gURibThudT0bLaC2xWk3SbNvz40XKZ0nOauL26FHWbTm+YTO3XjW6XzG1XUDEZEPJZk\/UbDK2XS6yW0rPay2xWz3CYja7X+T36Te8YFTZbzvAYvL89VXZb9jz4I3dot3049Dw2DO4XmrYg0jOaeD15u368bfmxGvMhtzz5ETJZ9\/15TG2XU3Ta+v67j7DY9Xx3UrPau\/7807TbDW5X1LXbTS4XkLHZUjIaeb36lbJdsHrzE7SbKvlumvWhbrpxlDNcK\/lvmbRglPXbWbWf1DWbJfbqVTTcN705drz4czt1d\/15svu1aHgsuL25\/X9+Nfz3m\/QiWvRhrXowyquWUXKaOr57uj47MPrzuP36IXYm+f460PIZkHHZFjRdIran2HNgDrAYWnXgknGbD7CYzi+YUDAZpvdrtry4fT899jy4IPWm0XHaPf9+krHbK3ju1HFdLzpyWrVhavju0PBabjqxVTRcnbSkEjGajS5XmPLgqPes6jguJ3dr1XFdzO5Xuj57Zfdqk\/VbEbKaFHXbUbJaDm5Yju5Yzi4YeT36Ov6767hu0vQazC1XNr04U\/Mb7jnxK7kvKrguJLgpUXLaFLKckLIZmLPfymtWFPUb0PHZrTowkfNaYDVmNLx2kzRa5DepEHFZVLUb3bUjz\/DZEDYI6kAAABIdFJOUwBW8VbxVygp\/pMICEzyk1coV5II8u9XxVfy8u5XKfLxTPJX8kzyVwgowfLXV1byV+\/aKdkpTO\/aKUzZkv7y\/pL+\/tju8u7YKPAjYegAAAAJcEhZcwAADsMAAA7DAcdvqGQAAAHNSURBVChTYwACbhNLXSRgys4NEmVgYOc0NJBHAmbmnOwgcVnxsPgkFBAfJi7LwMAlxAHlIwEOIS4GIyv\/KiTQcfJ5z70qf2MLBh5Rf2RwPKPp6rXOLlEeBhmRCiRQtLhlyqbLy4tEZBiUlL28Krxg4MnT7HXZNxq9lJUYBCUjI8suQkHm9uTExF27yyIlBRnU5HzhILN1Rnn51OaHvr5yagz6Wh4eJ2prT9308PCYNf\/c+QUpQIaHlj6DmG1+6PTrF7pvhebfvpNWPPvBlVAfHx8XMQYdxYWLXmQV1x3bWLN5y5yjj9tr7gOBog4DK29IyN5Jk2NLp0U\/So0tWPIsBAR4WRlYVV+WRNc3+Pnl5M71m9e2YmUJCKiyMkhIJQDBntLevv7UCROXLgPxEhKkJBj49QICAlatXrPW29t7\/QYgGwz0+BkYmeKAIGbrtjzvvB07Y0AcIGBiZFCQrgwKCqrct\/\/AwUOHjwSBOECutAIDm3ZwdWBgenrg6TNnA4GsahARrs3GoG5tExwOApcKgwvBjPDwYDt7dQYGDU2HmVGeURGeEVGeEUDs6XnXUVMDFOkCfE7OLEjA1Y1PACTOwCDMpsKMBFTchRkYGADx5MmJE8JhdwAAAABJRU5ErkJggg==\" alt=\"\u2705\" \/>Mizuno Wave: C\u00f4ng ngh\u1ec7 Wave \u0111\u1ed9c quy\u1ec1n c\u1ee7a Mizuno v\u1edbi l\u1edbp \u0111\u1ebf d\u1ea1ng s\u00f3ng gi\u00fap d\u00e0n tr\u1ea3i l\u1ef1c khi b\u1ea1n ti\u1ebfp \u0111\u1ea5t ra to\u00e0n \u0111\u00f4i gi\u00e0y thay v\u00ec ch\u1ec9 g\u00f3t ch\u1ecbu \u00e1p l\u1ef1c, \u0111\u1ed3ng th\u1eddi t\u1ea1o n\u00ean s\u1ef1 \u1ed5n \u0111\u1ecbnh, an to\u00e0n cho ng\u01b0\u1eddi \u0111i, ph\u00f2ng tr\u00e1nh nh\u1eefng ch\u1ea5n th\u01b0\u01a1ng kh\u00f4ng \u0111\u00e1ng c\u00f3.<\/p>\n<p><img decoding=\"async\" src=\"data:image\/png;base64,iVBORw0KGgoAAAANSUhEUgAAABgAAAAYCAMAAADXqc3KAAAAAXNSR0IArs4c6QAAAARnQU1BAACxjwv8YQUAAAK+UExURQAAACCjUzC0XBWXTR2gUSyvWhqcTzW6X07Sa0HGZS2xWzCwWje7YDi8YBeZTSmsWBudUDCzXEDFZRyeUEXKZ0fMaC2xWkXKZyquWULHZjS4XiquWTa6XzS4Xj\/EZE7TbB+iUjq\/YTC0XETIZxmbTje7YC+yWxWWTByeUByfUD7DZCOmVC2wWj\/EZTO3XS6yW0zRa0nOaTS3XUXKZzW5Xzu\/Yk3Sa0rOaTS4XTq+YkbLaB6hUSmtWDzBYyqtWB6iUiKlVCKmVBueUB6hUTzBYh2gURibThudT0bLaC2xWk3SbNvz40XKZ0nOauL26FHWbTm+YTO3XjW6XzG1XUDEZEPJZk\/UbDK2XS6yW0rPay2xWz3CYja7X+T36Te8YFTZbzvAYvL89VXZb9jz4I3dot3049Dw2DO4XmrYg0jOaeD15u368bfmxGvMhtzz5ETJZ9\/15TG2XU3Ta+v67j7DY9Xx3UrPau\/7807TbDW5X1LXbTS4XkLHZUjIaeb36lbJdsHrzE7SbKvlumvWhbrpxlDNcK\/lvmbRglPXbWbWf1DWbJfbqVTTcN705drz4czt1d\/15svu1aHgsuL25\/X9+Nfz3m\/QiWvRhrXowyquWUXKaOr57uj47MPrzuP36IXYm+f460PIZkHHZFjRdIran2HNgDrAYWnXgknGbD7CYzi+YUDAZpvdrtry4fT899jy4IPWm0XHaPf9+krHbK3ju1HFdLzpyWrVhavju0PBabjqxVTRcnbSkEjGajS5XmPLgqPes6jguJ3dr1XFdzO5Xuj57Zfdqk\/VbEbKaFHXbUbJaDm5Yju5Yzi4YeT36Ov6767hu0vQazC1XNr04U\/Mb7jnxK7kvKrguJLgpUXLaFLKckLIZmLPfymtWFPUb0PHZrTowkfNaYDVmNLx2kzRa5DepEHFZVLUb3bUjz\/DZEDYI6kAAABIdFJOUwBW8VbxVygp\/pMICEzyk1coV5II8u9XxVfy8u5XKfLxTPJX8kzyVwgowfLXV1byV+\/aKdkpTO\/aKUzZkv7y\/pL+\/tju8u7YKPAjYegAAAAJcEhZcwAADsMAAA7DAcdvqGQAAAHNSURBVChTYwACbhNLXSRgys4NEmVgYOc0NJBHAmbmnOwgcVnxsPgkFBAfJi7LwMAlxAHlIwEOIS4GIyv\/KiTQcfJ5z70qf2MLBh5Rf2RwPKPp6rXOLlEeBhmRCiRQtLhlyqbLy4tEZBiUlL28Krxg4MnT7HXZNxq9lJUYBCUjI8suQkHm9uTExF27yyIlBRnU5HzhILN1Rnn51OaHvr5yagz6Wh4eJ2prT9308PCYNf\/c+QUpQIaHlj6DmG1+6PTrF7pvhebfvpNWPPvBlVAfHx8XMQYdxYWLXmQV1x3bWLN5y5yjj9tr7gOBog4DK29IyN5Jk2NLp0U\/So0tWPIsBAR4WRlYVV+WRNc3+Pnl5M71m9e2YmUJCKiyMkhIJQDBntLevv7UCROXLgPxEhKkJBj49QICAlatXrPW29t7\/QYgGwz0+BkYmeKAIGbrtjzvvB07Y0AcIGBiZFCQrgwKCqrct\/\/AwUOHjwSBOECutAIDm3ZwdWBgenrg6TNnA4GsahARrs3GoG5tExwOApcKgwvBjPDwYDt7dQYGDU2HmVGeURGeEVGeEUDs6XnXUVMDFOkCfE7OLEjA1Y1PACTOwCDMpsKMBFTchRkYGADx5MmJE8JhdwAAAABJRU5ErkJggg==\" alt=\"\u2705\" \/>XG Rubber: Cao su XG \u0111\u01b0\u1ee3c \u00e1p d\u1ee5ng \u1edf m\u1eb7t ngo\u00e0i c\u1ee7a \u0111\u1ebf gi\u00e0y, b\u1ec1n b\u1ec9 v\u00e0 gi\u00fap b\u00e1m s\u00e2n c\u1ef1c t\u1ed1t.<\/p>\n<p><img decoding=\"async\" src=\"data:image\/png;base64,iVBORw0KGgoAAAANSUhEUgAAABgAAAAYCAMAAADXqc3KAAAAAXNSR0IArs4c6QAAAARnQU1BAACxjwv8YQUAAAK+UExURQAAACCjUzC0XBWXTR2gUSyvWhqcTzW6X07Sa0HGZS2xWzCwWje7YDi8YBeZTSmsWBudUDCzXEDFZRyeUEXKZ0fMaC2xWkXKZyquWULHZjS4XiquWTa6XzS4Xj\/EZE7TbB+iUjq\/YTC0XETIZxmbTje7YC+yWxWWTByeUByfUD7DZCOmVC2wWj\/EZTO3XS6yW0zRa0nOaTS3XUXKZzW5Xzu\/Yk3Sa0rOaTS4XTq+YkbLaB6hUSmtWDzBYyqtWB6iUiKlVCKmVBueUB6hUTzBYh2gURibThudT0bLaC2xWk3SbNvz40XKZ0nOauL26FHWbTm+YTO3XjW6XzG1XUDEZEPJZk\/UbDK2XS6yW0rPay2xWz3CYja7X+T36Te8YFTZbzvAYvL89VXZb9jz4I3dot3049Dw2DO4XmrYg0jOaeD15u368bfmxGvMhtzz5ETJZ9\/15TG2XU3Ta+v67j7DY9Xx3UrPau\/7807TbDW5X1LXbTS4XkLHZUjIaeb36lbJdsHrzE7SbKvlumvWhbrpxlDNcK\/lvmbRglPXbWbWf1DWbJfbqVTTcN705drz4czt1d\/15svu1aHgsuL25\/X9+Nfz3m\/QiWvRhrXowyquWUXKaOr57uj47MPrzuP36IXYm+f460PIZkHHZFjRdIran2HNgDrAYWnXgknGbD7CYzi+YUDAZpvdrtry4fT899jy4IPWm0XHaPf9+krHbK3ju1HFdLzpyWrVhavju0PBabjqxVTRcnbSkEjGajS5XmPLgqPes6jguJ3dr1XFdzO5Xuj57Zfdqk\/VbEbKaFHXbUbJaDm5Yju5Yzi4YeT36Ov6767hu0vQazC1XNr04U\/Mb7jnxK7kvKrguJLgpUXLaFLKckLIZmLPfymtWFPUb0PHZrTowkfNaYDVmNLx2kzRa5DepEHFZVLUb3bUjz\/DZEDYI6kAAABIdFJOUwBW8VbxVygp\/pMICEzyk1coV5II8u9XxVfy8u5XKfLxTPJX8kzyVwgowfLXV1byV+\/aKdkpTO\/aKUzZkv7y\/pL+\/tju8u7YKPAjYegAAAAJcEhZcwAADsMAAA7DAcdvqGQAAAHNSURBVChTYwACbhNLXSRgys4NEmVgYOc0NJBHAmbmnOwgcVnxsPgkFBAfJi7LwMAlxAHlIwEOIS4GIyv\/KiTQcfJ5z70qf2MLBh5Rf2RwPKPp6rXOLlEeBhmRCiRQtLhlyqbLy4tEZBiUlL28Krxg4MnT7HXZNxq9lJUYBCUjI8suQkHm9uTExF27yyIlBRnU5HzhILN1Rnn51OaHvr5yagz6Wh4eJ2prT9308PCYNf\/c+QUpQIaHlj6DmG1+6PTrF7pvhebfvpNWPPvBlVAfHx8XMQYdxYWLXmQV1x3bWLN5y5yjj9tr7gOBog4DK29IyN5Jk2NLp0U\/So0tWPIsBAR4WRlYVV+WRNc3+Pnl5M71m9e2YmUJCKiyMkhIJQDBntLevv7UCROXLgPxEhKkJBj49QICAlatXrPW29t7\/QYgGwz0+BkYmeKAIGbrtjzvvB07Y0AcIGBiZFCQrgwKCqrct\/\/AwUOHjwSBOECutAIDm3ZwdWBgenrg6TNnA4GsahARrs3GoG5tExwOApcKgwvBjPDwYDt7dQYGDU2HmVGeURGeEVGeEUDs6XnXUVMDFOkCfE7OLEjA1Y1PACTOwCDMpsKMBFTchRkYGADx5MmJE8JhdwAAAABJRU5ErkJggg==\" alt=\"\u2705\" \/>PoWnCe: M\u1ed9t l\u1edbp \u0111\u1ec7m si\u00eau nh\u1eb9 \u1edf \u0111\u1ebf gi\u00e0y, \u00eam \u00e1i, gi\u1ea3m ch\u1ea5n r\u1ea5t t\u1ed1t.<\/p>\n<p><img decoding=\"async\" src=\"data:image\/png;base64,iVBORw0KGgoAAAANSUhEUgAAABgAAAAYCAMAAADXqc3KAAAAAXNSR0IArs4c6QAAAARnQU1BAACxjwv8YQUAAAK+UExURQAAACCjUzC0XBWXTR2gUSyvWhqcTzW6X07Sa0HGZS2xWzCwWje7YDi8YBeZTSmsWBudUDCzXEDFZRyeUEXKZ0fMaC2xWkXKZyquWULHZjS4XiquWTa6XzS4Xj\/EZE7TbB+iUjq\/YTC0XETIZxmbTje7YC+yWxWWTByeUByfUD7DZCOmVC2wWj\/EZTO3XS6yW0zRa0nOaTS3XUXKZzW5Xzu\/Yk3Sa0rOaTS4XTq+YkbLaB6hUSmtWDzBYyqtWB6iUiKlVCKmVBueUB6hUTzBYh2gURibThudT0bLaC2xWk3SbNvz40XKZ0nOauL26FHWbTm+YTO3XjW6XzG1XUDEZEPJZk\/UbDK2XS6yW0rPay2xWz3CYja7X+T36Te8YFTZbzvAYvL89VXZb9jz4I3dot3049Dw2DO4XmrYg0jOaeD15u368bfmxGvMhtzz5ETJZ9\/15TG2XU3Ta+v67j7DY9Xx3UrPau\/7807TbDW5X1LXbTS4XkLHZUjIaeb36lbJdsHrzE7SbKvlumvWhbrpxlDNcK\/lvmbRglPXbWbWf1DWbJfbqVTTcN705drz4czt1d\/15svu1aHgsuL25\/X9+Nfz3m\/QiWvRhrXowyquWUXKaOr57uj47MPrzuP36IXYm+f460PIZkHHZFjRdIran2HNgDrAYWnXgknGbD7CYzi+YUDAZpvdrtry4fT899jy4IPWm0XHaPf9+krHbK3ju1HFdLzpyWrVhavju0PBabjqxVTRcnbSkEjGajS5XmPLgqPes6jguJ3dr1XFdzO5Xuj57Zfdqk\/VbEbKaFHXbUbJaDm5Yju5Yzi4YeT36Ov6767hu0vQazC1XNr04U\/Mb7jnxK7kvKrguJLgpUXLaFLKckLIZmLPfymtWFPUb0PHZrTowkfNaYDVmNLx2kzRa5DepEHFZVLUb3bUjz\/DZEDYI6kAAABIdFJOUwBW8VbxVygp\/pMICEzyk1coV5II8u9XxVfy8u5XKfLxTPJX8kzyVwgowfLXV1byV+\/aKdkpTO\/aKUzZkv7y\/pL+\/tju8u7YKPAjYegAAAAJcEhZcwAADsMAAA7DAcdvqGQAAAHNSURBVChTYwACbhNLXSRgys4NEmVgYOc0NJBHAmbmnOwgcVnxsPgkFBAfJi7LwMAlxAHlIwEOIS4GIyv\/KiTQcfJ5z70qf2MLBh5Rf2RwPKPp6rXOLlEeBhmRCiRQtLhlyqbLy4tEZBiUlL28Krxg4MnT7HXZNxq9lJUYBCUjI8suQkHm9uTExF27yyIlBRnU5HzhILN1Rnn51OaHvr5yagz6Wh4eJ2prT9308PCYNf\/c+QUpQIaHlj6DmG1+6PTrF7pvhebfvpNWPPvBlVAfHx8XMQYdxYWLXmQV1x3bWLN5y5yjj9tr7gOBog4DK29IyN5Jk2NLp0U\/So0tWPIsBAR4WRlYVV+WRNc3+Pnl5M71m9e2YmUJCKiyMkhIJQDBntLevv7UCROXLgPxEhKkJBj49QICAlatXrPW29t7\/QYgGwz0+BkYmeKAIGbrtjzvvB07Y0AcIGBiZFCQrgwKCqrct\/\/AwUOHjwSBOECutAIDm3ZwdWBgenrg6TNnA4GsahARrs3GoG5tExwOApcKgwvBjPDwYDt7dQYGDU2HmVGeURGeEVGeEUDs6XnXUVMDFOkCfE7OLEjA1Y1PACTOwCDMpsKMBFTchRkYGADx5MmJE8JhdwAAAABJRU5ErkJggg==\" alt=\"\u2705\" \/>U4icX: \u0110\u1ebf gi\u1eefa \u0111\u01b0\u1ee3c n\u00e2ng c\u1ea5p t\u1eeb U4ic, si\u00eau nh\u1eb9 v\u00e0 gi\u1ea3m ch\u1ea5n c\u1ef1c t\u1ed1t, h\u1ed7 tr\u1ee3 t\u1ed1i \u0111a cho nh\u1eefng c\u00fa b\u1eadt nh\u1ea3y.<\/p>\n<p><img decoding=\"async\" src=\"data:image\/png;base64,iVBORw0KGgoAAAANSUhEUgAAABgAAAAYCAMAAADXqc3KAAAAAXNSR0IArs4c6QAAAARnQU1BAACxjwv8YQUAAAK+UExURQAAACCjUzC0XBWXTR2gUSyvWhqcTzW6X07Sa0HGZS2xWzCwWje7YDi8YBeZTSmsWBudUDCzXEDFZRyeUEXKZ0fMaC2xWkXKZyquWULHZjS4XiquWTa6XzS4Xj\/EZE7TbB+iUjq\/YTC0XETIZxmbTje7YC+yWxWWTByeUByfUD7DZCOmVC2wWj\/EZTO3XS6yW0zRa0nOaTS3XUXKZzW5Xzu\/Yk3Sa0rOaTS4XTq+YkbLaB6hUSmtWDzBYyqtWB6iUiKlVCKmVBueUB6hUTzBYh2gURibThudT0bLaC2xWk3SbNvz40XKZ0nOauL26FHWbTm+YTO3XjW6XzG1XUDEZEPJZk\/UbDK2XS6yW0rPay2xWz3CYja7X+T36Te8YFTZbzvAYvL89VXZb9jz4I3dot3049Dw2DO4XmrYg0jOaeD15u368bfmxGvMhtzz5ETJZ9\/15TG2XU3Ta+v67j7DY9Xx3UrPau\/7807TbDW5X1LXbTS4XkLHZUjIaeb36lbJdsHrzE7SbKvlumvWhbrpxlDNcK\/lvmbRglPXbWbWf1DWbJfbqVTTcN705drz4czt1d\/15svu1aHgsuL25\/X9+Nfz3m\/QiWvRhrXowyquWUXKaOr57uj47MPrzuP36IXYm+f460PIZkHHZFjRdIran2HNgDrAYWnXgknGbD7CYzi+YUDAZpvdrtry4fT899jy4IPWm0XHaPf9+krHbK3ju1HFdLzpyWrVhavju0PBabjqxVTRcnbSkEjGajS5XmPLgqPes6jguJ3dr1XFdzO5Xuj57Zfdqk\/VbEbKaFHXbUbJaDm5Yju5Yzi4YeT36Ov6767hu0vQazC1XNr04U\/Mb7jnxK7kvKrguJLgpUXLaFLKckLIZmLPfymtWFPUb0PHZrTowkfNaYDVmNLx2kzRa5DepEHFZVLUb3bUjz\/DZEDYI6kAAABIdFJOUwBW8VbxVygp\/pMICEzyk1coV5II8u9XxVfy8u5XKfLxTPJX8kzyVwgowfLXV1byV+\/aKdkpTO\/aKUzZkv7y\/pL+\/tju8u7YKPAjYegAAAAJcEhZcwAADsMAAA7DAcdvqGQAAAHNSURBVChTYwACbhNLXSRgys4NEmVgYOc0NJBHAmbmnOwgcVnxsPgkFBAfJi7LwMAlxAHlIwEOIS4GIyv\/KiTQcfJ5z70qf2MLBh5Rf2RwPKPp6rXOLlEeBhmRCiRQtLhlyqbLy4tEZBiUlL28Krxg4MnT7HXZNxq9lJUYBCUjI8suQkHm9uTExF27yyIlBRnU5HzhILN1Rnn51OaHvr5yagz6Wh4eJ2prT9308PCYNf\/c+QUpQIaHlj6DmG1+6PTrF7pvhebfvpNWPPvBlVAfHx8XMQYdxYWLXmQV1x3bWLN5y5yjj9tr7gOBog4DK29IyN5Jk2NLp0U\/So0tWPIsBAR4WRlYVV+WRNc3+Pnl5M71m9e2YmUJCKiyMkhIJQDBntLevv7UCROXLgPxEhKkJBj49QICAlatXrPW29t7\/QYgGwz0+BkYmeKAIGbrtjzvvB07Y0AcIGBiZFCQrgwKCqrct\/\/AwUOHjwSBOECutAIDm3ZwdWBgenrg6TNnA4GsahARrs3GoG5tExwOApcKgwvBjPDwYDt7dQYGDU2HmVGeURGeEVGeEUDs6XnXUVMDFOkCfE7OLEjA1Y1PACTOwCDMpsKMBFTchRkYGADx5MmJE8JhdwAAAABJRU5ErkJggg==\" alt=\"\u2705\" \/>D-Flex Groove: Thi\u1ebft k\u1ebf \u0111\u01b0\u1eddng ch\u00e9o \u0111\u1eb7c bi\u1ec7t \u1edf ph\u1ea7n gi\u1eefa c\u1ee7a \u0111\u00f4i gi\u00e0y, gi\u00fap ng\u01b0\u1eddi ch\u01a1i c\u00f3 nh\u1eefng pha di chuy\u1ec3n ch\u1eafc ch\u1eafn, \u1ed5n \u0111\u1ecbnh h\u01a1n, \u0111\u1eb7c bi\u1ec7t l\u00e0 trong nh\u1eefng t\u00ecnh hu\u1ed1ng xoay ng\u01b0\u1eddi, \u0111\u1ed5i h\u01b0\u1edbng \u0111\u1ed9t ng\u1ed9t.<\/p>\n<p><img decoding=\"async\" src=\"data:image\/png;base64,iVBORw0KGgoAAAANSUhEUgAAABgAAAAYCAMAAADXqc3KAAAAAXNSR0IArs4c6QAAAARnQU1BAACxjwv8YQUAAAK+UExURQAAACCjUzC0XBWXTR2gUSyvWhqcTzW6X07Sa0HGZS2xWzCwWje7YDi8YBeZTSmsWBudUDCzXEDFZRyeUEXKZ0fMaC2xWkXKZyquWULHZjS4XiquWTa6XzS4Xj\/EZE7TbB+iUjq\/YTC0XETIZxmbTje7YC+yWxWWTByeUByfUD7DZCOmVC2wWj\/EZTO3XS6yW0zRa0nOaTS3XUXKZzW5Xzu\/Yk3Sa0rOaTS4XTq+YkbLaB6hUSmtWDzBYyqtWB6iUiKlVCKmVBueUB6hUTzBYh2gURibThudT0bLaC2xWk3SbNvz40XKZ0nOauL26FHWbTm+YTO3XjW6XzG1XUDEZEPJZk\/UbDK2XS6yW0rPay2xWz3CYja7X+T36Te8YFTZbzvAYvL89VXZb9jz4I3dot3049Dw2DO4XmrYg0jOaeD15u368bfmxGvMhtzz5ETJZ9\/15TG2XU3Ta+v67j7DY9Xx3UrPau\/7807TbDW5X1LXbTS4XkLHZUjIaeb36lbJdsHrzE7SbKvlumvWhbrpxlDNcK\/lvmbRglPXbWbWf1DWbJfbqVTTcN705drz4czt1d\/15svu1aHgsuL25\/X9+Nfz3m\/QiWvRhrXowyquWUXKaOr57uj47MPrzuP36IXYm+f460PIZkHHZFjRdIran2HNgDrAYWnXgknGbD7CYzi+YUDAZpvdrtry4fT899jy4IPWm0XHaPf9+krHbK3ju1HFdLzpyWrVhavju0PBabjqxVTRcnbSkEjGajS5XmPLgqPes6jguJ3dr1XFdzO5Xuj57Zfdqk\/VbEbKaFHXbUbJaDm5Yju5Yzi4YeT36Ov6767hu0vQazC1XNr04U\/Mb7jnxK7kvKrguJLgpUXLaFLKckLIZmLPfymtWFPUb0PHZrTowkfNaYDVmNLx2kzRa5DepEHFZVLUb3bUjz\/DZEDYI6kAAABIdFJOUwBW8VbxVygp\/pMICEzyk1coV5II8u9XxVfy8u5XKfLxTPJX8kzyVwgowfLXV1byV+\/aKdkpTO\/aKUzZkv7y\/pL+\/tju8u7YKPAjYegAAAAJcEhZcwAADsMAAA7DAcdvqGQAAAHNSURBVChTYwACbhNLXSRgys4NEmVgYOc0NJBHAmbmnOwgcVnxsPgkFBAfJi7LwMAlxAHlIwEOIS4GIyv\/KiTQcfJ5z70qf2MLBh5Rf2RwPKPp6rXOLlEeBhmRCiRQtLhlyqbLy4tEZBiUlL28Krxg4MnT7HXZNxq9lJUYBCUjI8suQkHm9uTExF27yyIlBRnU5HzhILN1Rnn51OaHvr5yagz6Wh4eJ2prT9308PCYNf\/c+QUpQIaHlj6DmG1+6PTrF7pvhebfvpNWPPvBlVAfHx8XMQYdxYWLXmQV1x3bWLN5y5yjj9tr7gOBog4DK29IyN5Jk2NLp0U\/So0tWPIsBAR4WRlYVV+WRNc3+Pnl5M71m9e2YmUJCKiyMkhIJQDBntLevv7UCROXLgPxEhKkJBj49QICAlatXrPW29t7\/QYgGwz0+BkYmeKAIGbrtjzvvB07Y0AcIGBiZFCQrgwKCqrct\/\/AwUOHjwSBOECutAIDm3ZwdWBgenrg6TNnA4GsahARrs3GoG5tExwOApcKgwvBjPDwYDt7dQYGDU2HmVGeURGeEVGeEUDs6XnXUVMDFOkCfE7OLEjA1Y1PACTOwCDMpsKMBFTchRkYGADx5MmJE8JhdwAAAABJRU5ErkJggg==\" alt=\"\u2705\" \/>V\u1edbi 3 m\u00e0u s\u1eafc c\u1ef1c k\u1ef3 n\u1ed5i b\u1eadt:<\/p>\n<p>Tr\u1eafng &#8211; H\u1ed5 v\u1eb1n \u0111\u1ea7y m\u1ea1nh m\u1ebd<\/p>\n<p>Xanh d\u1ea1 quang \u0111\u1ea7y \u1ea5n t\u01b0\u1ee3ng<\/p>\n<p>\u0110en h\u1ed3ng xanh \u0111\u1ea7y huy\u1ec1n b\u00ed<\/p>\n<p>=&gt; Wave Drive Neo 3 s\u1ebd mang \u0111\u1ebfn ng\u01b0\u1eddi ch\u01a1i nhi\u1ec1u s\u1ef1 l\u1ef1a ch\u1ecdn v\u1edbi nh\u1eefng c\u00e1 t\u00ednh kh\u00e1c nhau nh\u01b0ng v\u00f4 c\u00f9ng m\u1ea1nh m\u1ebd v\u00e0 tr\u1ebb trung m\u1ed7i khi xu\u1ea5t hi\u1ec7n tr\u00ean s\u00e2n thi \u0111\u1ea5u.<\/p>\n<p>M\u1ed9t \u0111\u00f4i gi\u00e0y \u1ea5n t\u01b0\u1ee3ng, m\u1ed9t v\u0169 kh\u00ed l\u1ee3i h\u1ea1i &#8211; B\u1ea1n \u0111\u00e3 s\u1eb5n s\u00e0ng s\u1edf h\u1eefu ngay 1 \u0111\u00f4i gi\u00e0y Wave Drive Neo 3 hay ch\u01b0a?<\/p>\n","protected":false},"excerpt":{"rendered":"<p>WAVE DRIVE NEO 3 \u2013 \u0110I\u1ec2M NH\u1ea4N CHO \u0110\u00d4I CH\u00c2N \u0110\u00e2y l\u00e0 m\u1eabu gi\u00e0y b\u00f3ng b\u00e0n cao c\u1ea5p c\u1ee7a Mizuno v\u1edbi nh\u1eefng c\u00f4ng ngh\u1ec7 t\u00e2n ti\u1ebfn, mang \u0111\u1ebfn m\u1ed9t v\u0169 kh\u00ed l\u1ee3i h\u1ea1i gi\u00fap gia t\u0103ng hi\u1ec7u su\u1ea5t thi \u0111\u1ea5u m\u1ed7i khi l\u00ean s\u00e2n d\u00e0nh ri\u00eang cho ng\u01b0\u1eddi ch\u01a1i b\u1ed9 m\u00f4n n\u00e0y. Wave Drive Neo [&hellip;]<\/p>\n","protected":false},"featured_media":4241,"comment_status":"open","ping_status":"closed","template":"","meta":{"_eb_attr":""},"product_cat":[59,62],"product_tag":[],"class_list":["post-707","product","type-product","status-publish","has-post-thumbnail","hentry","product_cat-giay-vo","product_cat-mizuno-giay"],"_links":{"self":[{"href":"https:\/\/www.phivutabletennis.com\/index.php\/wp-json\/wp\/v2\/product\/707","targetHints":{"allow":["GET"]}}],"collection":[{"href":"https:\/\/www.phivutabletennis.com\/index.php\/wp-json\/wp\/v2\/product"}],"about":[{"href":"https:\/\/www.phivutabletennis.com\/index.php\/wp-json\/wp\/v2\/types\/product"}],"replies":[{"embeddable":true,"href":"https:\/\/www.phivutabletennis.com\/index.php\/wp-json\/wp\/v2\/comments?post=707"}],"wp:featuredmedia":[{"embeddable":true,"href":"https:\/\/www.phivutabletennis.com\/index.php\/wp-json\/wp\/v2\/media\/4241"}],"wp:attachment":[{"href":"https:\/\/www.phivutabletennis.com\/index.php\/wp-json\/wp\/v2\/media?parent=707"}],"wp:term":[{"taxonomy":"product_cat","embeddable":true,"href":"https:\/\/www.phivutabletennis.com\/index.php\/wp-json\/wp\/v2\/product_cat?post=707"},{"taxonomy":"product_tag","embeddable":true,"href":"https:\/\/www.phivutabletennis.com\/index.php\/wp-json\/wp\/v2\/product_tag?post=707"}],"curies":[{"name":"wp","href":"https:\/\/api.w.org\/{rel}","templated":true}]}}