{"id":725,"date":"2023-04-04T01:55:47","date_gmt":"2023-04-03T18:55:47","guid":{"rendered":"http:\/\/www.phivutabletennis.com\/?post_type=product&#038;p=725"},"modified":"2023-04-04T01:55:48","modified_gmt":"2023-04-03T18:55:48","slug":"asics-attack-excounter-2-xanh-la","status":"publish","type":"product","link":"https:\/\/www.phivutabletennis.com\/index.php\/product\/asics-attack-excounter-2-xanh-la\/","title":{"rendered":"Asics Attack EXCOUNTER 2 &#8211; Xanh l\u00e1"},"content":{"rendered":"<p>Gi\u00e0y Asics Ch\u00ednh h\u00e3ng Nh\u1eadt B\u1ea3n.<\/p>\n","protected":false},"excerpt":{"rendered":"<p>Gi\u00e0y Asics Ch\u00ednh h\u00e3ng Nh\u1eadt B\u1ea3n.<\/p>\n","protected":false},"featured_media":727,"comment_status":"open","ping_status":"closed","template":"","meta":{"_eb_attr":""},"product_cat":[63,59],"product_tag":[],"class_list":["post-725","product","type-product","status-publish","has-post-thumbnail","hentry","product_cat-asics-giay","product_cat-giay-vo"],"_links":{"self":[{"href":"https:\/\/www.phivutabletennis.com\/index.php\/wp-json\/wp\/v2\/product\/725","targetHints":{"allow":["GET"]}}],"collection":[{"href":"https:\/\/www.phivutabletennis.com\/index.php\/wp-json\/wp\/v2\/product"}],"about":[{"href":"https:\/\/www.phivutabletennis.com\/index.php\/wp-json\/wp\/v2\/types\/product"}],"replies":[{"embeddable":true,"href":"https:\/\/www.phivutabletennis.com\/index.php\/wp-json\/wp\/v2\/comments?post=725"}],"wp:featuredmedia":[{"embeddable":true,"href":"https:\/\/www.phivutabletennis.com\/index.php\/wp-json\/wp\/v2\/media\/727"}],"wp:attachment":[{"href":"https:\/\/www.phivutabletennis.com\/index.php\/wp-json\/wp\/v2\/media?parent=725"}],"wp:term":[{"taxonomy":"product_cat","embeddable":true,"href":"https:\/\/www.phivutabletennis.com\/index.php\/wp-json\/wp\/v2\/product_cat?post=725"},{"taxonomy":"product_tag","embeddable":true,"href":"https:\/\/www.phivutabletennis.com\/index.php\/wp-json\/wp\/v2\/product_tag?post=725"}],"curies":[{"name":"wp","href":"https:\/\/api.w.org\/{rel}","templated":true}]}}