{"id":729,"date":"2023-04-04T02:00:11","date_gmt":"2023-04-03T19:00:11","guid":{"rendered":"http:\/\/www.phivutabletennis.com\/?post_type=product&#038;p=729"},"modified":"2024-09-29T20:19:58","modified_gmt":"2024-09-29T13:19:58","slug":"asics-hyperbeat-4-xanh-ngoc","status":"publish","type":"product","link":"https:\/\/www.phivutabletennis.com\/index.php\/product\/asics-hyperbeat-4-xanh-ngoc\/","title":{"rendered":"Asics HYPERBEAT 4 &#8211; Xanh Ng\u1ecdc"},"content":{"rendered":"<p>Gi\u00e0y Asics Ch\u00ednh h\u00e3ng Nh\u1eadt B\u1ea3n.<\/p>\n","protected":false},"excerpt":{"rendered":"<p>Gi\u00e0y Asics Ch\u00ednh h\u00e3ng Nh\u1eadt B\u1ea3n.<\/p>\n","protected":false},"featured_media":5064,"comment_status":"open","ping_status":"closed","template":"","meta":{"_eb_attr":""},"product_cat":[63,59],"product_tag":[],"class_list":["post-729","product","type-product","status-publish","has-post-thumbnail","hentry","product_cat-asics-giay","product_cat-giay-vo"],"_links":{"self":[{"href":"https:\/\/www.phivutabletennis.com\/index.php\/wp-json\/wp\/v2\/product\/729","targetHints":{"allow":["GET"]}}],"collection":[{"href":"https:\/\/www.phivutabletennis.com\/index.php\/wp-json\/wp\/v2\/product"}],"about":[{"href":"https:\/\/www.phivutabletennis.com\/index.php\/wp-json\/wp\/v2\/types\/product"}],"replies":[{"embeddable":true,"href":"https:\/\/www.phivutabletennis.com\/index.php\/wp-json\/wp\/v2\/comments?post=729"}],"wp:featuredmedia":[{"embeddable":true,"href":"https:\/\/www.phivutabletennis.com\/index.php\/wp-json\/wp\/v2\/media\/5064"}],"wp:attachment":[{"href":"https:\/\/www.phivutabletennis.com\/index.php\/wp-json\/wp\/v2\/media?parent=729"}],"wp:term":[{"taxonomy":"product_cat","embeddable":true,"href":"https:\/\/www.phivutabletennis.com\/index.php\/wp-json\/wp\/v2\/product_cat?post=729"},{"taxonomy":"product_tag","embeddable":true,"href":"https:\/\/www.phivutabletennis.com\/index.php\/wp-json\/wp\/v2\/product_tag?post=729"}],"curies":[{"name":"wp","href":"https:\/\/api.w.org\/{rel}","templated":true}]}}