{"id":781,"date":"2023-04-04T11:18:11","date_gmt":"2023-04-04T04:18:11","guid":{"rendered":"http:\/\/www.phivutabletennis.com\/?post_type=product&#038;p=781"},"modified":"2023-04-04T11:18:12","modified_gmt":"2023-04-04T04:18:12","slug":"kamito-nagado-xanh-ngoc","status":"publish","type":"product","link":"https:\/\/www.phivutabletennis.com\/index.php\/product\/kamito-nagado-xanh-ngoc\/","title":{"rendered":"Kamito NAGADO &#8211; Xanh Ng\u1ecdc"},"content":{"rendered":"<p><strong>1. Th\u00f4ng Tin S\u1ea3n Ph\u1ea9m:<\/strong><\/p>\n<p>\u0110\u1ec3 ho\u00e0n thi\u1ec7n v\u00e0 \u0111\u1ed3ng b\u1ed9 c\u00e1c s\u1ea3n ph\u1ea9m b\u00f3ng b\u00e0n, \u0111\u1ed9i ng\u0169 k\u0129 thu\u1eadt c\u1ee7a Kamito \u0111\u00e3 d\u00e0y c\u00f4ng nghi\u00ean c\u1ee9u c\u00e1c th\u00f3i quen c\u1ee7a ng\u01b0\u1eddi ch\u01a1i v\u00e0 \u0111\u1eb7c \u0111i\u1ec3m s\u00e2n b\u00e3i \u1edf Vi\u1ec7t Nam, t\u1eeb \u0111\u00f3 cho ra m\u1eaft m\u1ed9t trong nh\u1eefng s\u1ea3n ph\u1ea9m quan tr\u1ecdng nh\u1ea5t c\u1ee7a b\u00f3ng b\u00e0n \u0111\u00f3 l\u00e0 gi\u00e0y thi \u0111\u1ea5u. M\u1eabu gi\u00e0y \u0111\u1ea7u ti\u00ean n\u00e0y mang t\u00ean Kamito Nagado.<\/p>\n<p>Kamito Nagado l\u00e0 m\u1eabu gi\u00e0y h\u01b0\u1edbng t\u1edbi ng\u01b0\u1eddi ch\u01a1i phong tr\u00e0o v\u00e0 c\u00f3 m\u1ee9c gi\u00e1 v\u00f4 c\u00f9ng h\u1ee3p l\u00fd tuy nhi\u00ean v\u1eabn \u0111\u1ea3m b\u1ea3o \u0111\u1ea7y \u0111\u1ee7 c\u00e1c y\u1ebfu t\u1ed1 t\u1eeb th\u1ea9m m\u1ef9 cho t\u1edbi \u0111\u1ed9 \u00eam \u00e1i, ph\u00f2ng tr\u00e1nh ch\u1ea5n th\u01b0\u01a1ng cho ng\u01b0\u1eddi ch\u01a1i. \u0110\u1eb7c bi\u1ec7t, form gi\u00e0y \u0111\u01b0\u1ee3c thi\u1ebft k\u1ebf ri\u00eang theo form b\u00e0n ch\u00e2n ng\u01b0\u1eddi ch\u00e2u \u00c1, ph\u00f9 h\u1ee3p v\u1edbi h\u1ea7u h\u1ebft nh\u1eefng ng\u01b0\u1eddi ch\u01a1i t\u1ea1i Vi\u1ec7t Nam.<\/p>\n<p><strong>2. \u01afu \u0110i\u1ec3m N\u1ed5i B\u1eadt:<\/strong><\/p>\n<p>\u0110\u1eb7c \u0111i\u1ec3m n\u1ed5i b\u1eadt c\u1ee7a gi\u00e0y b\u00f3ng b\u00e0n Kamito Nagado:<\/p>\n<p>\u2013 Thi\u1ebft k\u1ebf tinh t\u1ebf v\u1edbi nh\u1eefng h\u1ecda ti\u1ebft tr\u1ea3i d\u00e0i theo th\u00e2n gi\u00e0y, mang t\u1edbi t\u1ed5ng th\u1ec3 h\u00ecnh \u1ea3nh \u0111\u01a1n gi\u1ea3n nh\u01b0ng v\u1eabn v\u00f4 c\u00f9ng n\u1ed5i b\u1eadt.<\/p>\n<p>\u2013 Hai m\u00e0u s\u1eafc trang nh\u00e3, ph\u00f9 h\u1ee3p v\u1edbi nhi\u1ec1u l\u1ee9a tu\u1ed5i.<\/p>\n<p>\u2013 \u0110\u1eb7c bi\u1ec7t, d\u00f9 l\u00e0 m\u1eabu gi\u00e0y ph\u00e2n kh\u00fac t\u1ea7m trung nh\u01b0ng Nagado v\u1eabn \u0111\u01b0\u1ee3c trang b\u1ecb l\u1edbp \u0111\u1ec7m gi\u1ea3m ch\u1ea5n \u00eam \u00e1i th\u01b0\u1eddng \u0111\u01b0\u1ee3c s\u1eed d\u1ee5ng \u1edf nh\u1eefng m\u1eabu gi\u00e0y cao c\u1ea5p, ph\u00f2ng tr\u00e1nh ch\u1ea5n th\u01b0\u01a1ng v\u00e0 mang t\u1edbi s\u1ef1 y\u00ean t\u00e2m cho ng\u01b0\u1eddi s\u1eed d\u1ee5ng.<\/p>\n<p>\u2013 L\u1edbp \u0111\u1ebf ngo\u00e0i \u0111\u01b0\u1ee3c l\u00e0m t\u1eeb cao su cao c\u1ea5p c\u00f3 \u0111\u1ed9 b\u1ec1n cao v\u00e0 b\u00e1m s\u00e2n hi\u1ec7u qu\u1ea3 v\u1edbi nh\u1eefng g\u1edd n\u1ed5i \u0111\u01b0\u1ee3c b\u1ed1 tr\u00ed khoa h\u1ecdc, ph\u00f9 h\u1ee3p v\u1edbi \u0111\u1eb7c \u0111i\u1ec3m di chuy\u1ec3n c\u1ee7a b\u1ed9 m\u00f4n b\u00f3ng b\u00e0n.<\/p>\n<p>\u2013 Ph\u1ea7n th\u00e2n gi\u00e0y v\u00e0 m\u0169i gi\u00e0y \u0111\u01b0\u1ee3c l\u00e0m v\u1ea3i l\u01b0\u1edbi k\u1ebft h\u1ee3p v\u1edbi l\u1edbp da t\u1ed5ng h\u1ee3p m\u1ec1m m\u1ea1i mang t\u1edbi s\u1ef1 tho\u1ea3i m\u00e1i v\u00e0 kh\u00f4 tho\u00e1ng cho ng\u01b0\u1eddi \u0111i.<\/p>\n<p>V\u1edbi m\u1ee9c gi\u00e1 v\u00f4 c\u00f9ng h\u1ee3p l\u00fd nh\u01b0ng v\u1eabn \u0111\u01b0\u1ee3c \u00e1p d\u1ee5ng nh\u1eefng \u0111\u1eb7c \u0111i\u1ec3m c\u00f4ng ngh\u1ec7 cao c\u1ea5p, Kamito Nagado ch\u1eafc ch\u1eafn s\u1ebd l\u00e0m h\u00e0i l\u00f2ng nh\u1eefng ng\u01b0\u1eddi \u0111i kh\u00f3 t\u00ednh nh\u1ea5t. H\u00e3y tr\u1ea3i nghi\u1ec7m v\u00e0 c\u1ea3m nh\u1eadn c\u00e1c b\u1ea1n nh\u00e9.<\/p>\n<p>\u2014\u2014<\/p>\n<p>B\u1ea3ng size gi\u00e0y:<\/p>\n<p><img decoding=\"async\" src=\"https:\/\/file.hstatic.net\/1000341630\/file\/bang_size_giay_169dde3cf32d463991e560e22e39e0cf_grande.jpg\" \/><\/p>\n","protected":false},"excerpt":{"rendered":"<p>1. Th\u00f4ng Tin S\u1ea3n Ph\u1ea9m: \u0110\u1ec3 ho\u00e0n thi\u1ec7n v\u00e0 \u0111\u1ed3ng b\u1ed9 c\u00e1c s\u1ea3n ph\u1ea9m b\u00f3ng b\u00e0n, \u0111\u1ed9i ng\u0169 k\u0129 thu\u1eadt c\u1ee7a Kamito \u0111\u00e3 d\u00e0y c\u00f4ng nghi\u00ean c\u1ee9u c\u00e1c th\u00f3i quen c\u1ee7a ng\u01b0\u1eddi ch\u01a1i v\u00e0 \u0111\u1eb7c \u0111i\u1ec3m s\u00e2n b\u00e3i \u1edf Vi\u1ec7t Nam, t\u1eeb \u0111\u00f3 cho ra m\u1eaft m\u1ed9t trong nh\u1eefng s\u1ea3n ph\u1ea9m quan tr\u1ecdng nh\u1ea5t c\u1ee7a [&hellip;]<\/p>\n","protected":false},"featured_media":782,"comment_status":"open","ping_status":"closed","template":"","meta":{"_eb_attr":""},"product_cat":[59,65],"product_tag":[],"class_list":["post-781","product","type-product","status-publish","has-post-thumbnail","hentry","product_cat-giay-vo","product_cat-kamito-giay-vo"],"_links":{"self":[{"href":"https:\/\/www.phivutabletennis.com\/index.php\/wp-json\/wp\/v2\/product\/781","targetHints":{"allow":["GET"]}}],"collection":[{"href":"https:\/\/www.phivutabletennis.com\/index.php\/wp-json\/wp\/v2\/product"}],"about":[{"href":"https:\/\/www.phivutabletennis.com\/index.php\/wp-json\/wp\/v2\/types\/product"}],"replies":[{"embeddable":true,"href":"https:\/\/www.phivutabletennis.com\/index.php\/wp-json\/wp\/v2\/comments?post=781"}],"wp:featuredmedia":[{"embeddable":true,"href":"https:\/\/www.phivutabletennis.com\/index.php\/wp-json\/wp\/v2\/media\/782"}],"wp:attachment":[{"href":"https:\/\/www.phivutabletennis.com\/index.php\/wp-json\/wp\/v2\/media?parent=781"}],"wp:term":[{"taxonomy":"product_cat","embeddable":true,"href":"https:\/\/www.phivutabletennis.com\/index.php\/wp-json\/wp\/v2\/product_cat?post=781"},{"taxonomy":"product_tag","embeddable":true,"href":"https:\/\/www.phivutabletennis.com\/index.php\/wp-json\/wp\/v2\/product_tag?post=781"}],"curies":[{"name":"wp","href":"https:\/\/api.w.org\/{rel}","templated":true}]}}