{"id":805,"date":"2023-04-04T11:50:04","date_gmt":"2023-04-04T04:50:04","guid":{"rendered":"http:\/\/www.phivutabletennis.com\/?post_type=product&#038;p=805"},"modified":"2023-04-04T11:50:05","modified_gmt":"2023-04-04T04:50:05","slug":"virstinth-xanh-duong","status":"publish","type":"product","link":"https:\/\/www.phivutabletennis.com\/index.php\/product\/virstinth-xanh-duong\/","title":{"rendered":"Virstinth &#8211; Xanh D\u01b0\u01a1ng"},"content":{"rendered":"<p>Gi\u00e0y Virstinth<\/p>\n<p>Gi\u00e0y r\u1ea5t nh\u1eb9 v\u00e0 b\u00e1m s\u00e0n, \u00eam ch\u00e2n v\u00e0 thi\u1ebft k\u1ebf c\u1ef1c \u0111\u1eb9p lu\u00f4n<\/p>\n<p>H\u00e3ng\u00a0Virstinth l\u00e0 h\u00e3ng chuy\u00ean gia c\u00f4ng gi\u00e0y cho c\u00e1c h\u00e3ng kh\u00e1c. H\u00e3ng r\u1ea5t l\u1edbn t\u1ea1i Trung Qu\u1ed1c.<\/p>\n","protected":false},"excerpt":{"rendered":"<p>Gi\u00e0y Virstinth Gi\u00e0y r\u1ea5t nh\u1eb9 v\u00e0 b\u00e1m s\u00e0n, \u00eam ch\u00e2n v\u00e0 thi\u1ebft k\u1ebf c\u1ef1c \u0111\u1eb9p lu\u00f4n H\u00e3ng\u00a0Virstinth l\u00e0 h\u00e3ng chuy\u00ean gia c\u00f4ng gi\u00e0y cho c\u00e1c h\u00e3ng kh\u00e1c. H\u00e3ng r\u1ea5t l\u1edbn t\u1ea1i Trung Qu\u1ed1c.<\/p>\n","protected":false},"featured_media":806,"comment_status":"open","ping_status":"closed","template":"","meta":{"_eb_attr":""},"product_cat":[59,66],"product_tag":[],"class_list":["post-805","product","type-product","status-publish","has-post-thumbnail","hentry","product_cat-giay-vo","product_cat-virstinth"],"_links":{"self":[{"href":"https:\/\/www.phivutabletennis.com\/index.php\/wp-json\/wp\/v2\/product\/805","targetHints":{"allow":["GET"]}}],"collection":[{"href":"https:\/\/www.phivutabletennis.com\/index.php\/wp-json\/wp\/v2\/product"}],"about":[{"href":"https:\/\/www.phivutabletennis.com\/index.php\/wp-json\/wp\/v2\/types\/product"}],"replies":[{"embeddable":true,"href":"https:\/\/www.phivutabletennis.com\/index.php\/wp-json\/wp\/v2\/comments?post=805"}],"wp:featuredmedia":[{"embeddable":true,"href":"https:\/\/www.phivutabletennis.com\/index.php\/wp-json\/wp\/v2\/media\/806"}],"wp:attachment":[{"href":"https:\/\/www.phivutabletennis.com\/index.php\/wp-json\/wp\/v2\/media?parent=805"}],"wp:term":[{"taxonomy":"product_cat","embeddable":true,"href":"https:\/\/www.phivutabletennis.com\/index.php\/wp-json\/wp\/v2\/product_cat?post=805"},{"taxonomy":"product_tag","embeddable":true,"href":"https:\/\/www.phivutabletennis.com\/index.php\/wp-json\/wp\/v2\/product_tag?post=805"}],"curies":[{"name":"wp","href":"https:\/\/api.w.org\/{rel}","templated":true}]}}