{"id":837,"date":"2023-04-04T13:02:42","date_gmt":"2023-04-04T06:02:42","guid":{"rendered":"http:\/\/www.phivutabletennis.com\/?post_type=product&#038;p=837"},"modified":"2023-04-04T13:02:43","modified_gmt":"2023-04-04T06:02:43","slug":"andro-bong-thi-dau","status":"publish","type":"product","link":"https:\/\/www.phivutabletennis.com\/index.php\/product\/andro-bong-thi-dau\/","title":{"rendered":"Andro B\u00f3ng thi \u0111\u1ea5u"},"content":{"rendered":"<p>B\u00f3ng Andro ch\u00ednh h\u00e3ng 3 sao c\u1ee7a \u0110\u1ee9c.<\/p>\n<p>Chu\u1ea9n ITTF.<\/p>\n","protected":false},"excerpt":{"rendered":"<p>B\u00f3ng Andro ch\u00ednh h\u00e3ng 3 sao c\u1ee7a \u0110\u1ee9c. Chu\u1ea9n ITTF.<\/p>\n","protected":false},"featured_media":844,"comment_status":"open","ping_status":"closed","template":"","meta":{"_eb_attr":""},"product_cat":[71,70],"product_tag":[],"class_list":["post-837","product","type-product","status-publish","has-post-thumbnail","hentry","product_cat-andro-bong","product_cat-bong"],"_links":{"self":[{"href":"https:\/\/www.phivutabletennis.com\/index.php\/wp-json\/wp\/v2\/product\/837","targetHints":{"allow":["GET"]}}],"collection":[{"href":"https:\/\/www.phivutabletennis.com\/index.php\/wp-json\/wp\/v2\/product"}],"about":[{"href":"https:\/\/www.phivutabletennis.com\/index.php\/wp-json\/wp\/v2\/types\/product"}],"replies":[{"embeddable":true,"href":"https:\/\/www.phivutabletennis.com\/index.php\/wp-json\/wp\/v2\/comments?post=837"}],"wp:featuredmedia":[{"embeddable":true,"href":"https:\/\/www.phivutabletennis.com\/index.php\/wp-json\/wp\/v2\/media\/844"}],"wp:attachment":[{"href":"https:\/\/www.phivutabletennis.com\/index.php\/wp-json\/wp\/v2\/media?parent=837"}],"wp:term":[{"taxonomy":"product_cat","embeddable":true,"href":"https:\/\/www.phivutabletennis.com\/index.php\/wp-json\/wp\/v2\/product_cat?post=837"},{"taxonomy":"product_tag","embeddable":true,"href":"https:\/\/www.phivutabletennis.com\/index.php\/wp-json\/wp\/v2\/product_tag?post=837"}],"curies":[{"name":"wp","href":"https:\/\/api.w.org\/{rel}","templated":true}]}}