{"id":847,"date":"2023-04-04T13:14:28","date_gmt":"2023-04-04T06:14:28","guid":{"rendered":"http:\/\/www.phivutabletennis.com\/?post_type=product&#038;p=847"},"modified":"2026-03-31T15:54:25","modified_gmt":"2026-03-31T08:54:25","slug":"nittaku-clean-bong-thi-dau","status":"publish","type":"product","link":"https:\/\/www.phivutabletennis.com\/index.php\/product\/nittaku-clean-bong-thi-dau\/","title":{"rendered":"Nittaku Clean &#8211; B\u00f3ng thi \u0111\u1ea5u 3 qu\u1ea3\/ H\u1ed9p"},"content":{"rendered":"<p><strong>H\u00c0NG CH\u00cdNH H\u00c3NG NITTAKU S\u1ea2N XU\u1ea4T T\u1ea0I NH\u1eacT B\u1ea2N &#8211; MADE IN JAPAN<\/strong><\/p>\n<p><strong>B\u00d3NG NITTAKU 3 STAR PREMIUM CLEAN<\/strong><br \/>\n<strong>B\u00f3ng 40+mm \u0111\u00e1p \u1ee9ng ti\u00eau chu\u1ea9n to\u00e0n c\u1ea7u v\u00e0 \u0111\u01b0\u1ee3c c\u1ea3 th\u1ebf gi\u1edbi c\u00f4ng nh\u1eadn.<\/strong><br \/>\nTh\u00f4ng qua c\u00e1c quy \u0111\u1ecbnh nghi\u00eam ng\u1eb7t trong ti\u00eau chu\u1ea9n s\u1ea3n xu\u1ea5t, b\u00f3ng Nittaku 3 Star Premium Clean ch\u00ednh th\u1ee9c \u0111\u01b0\u1ee3c Li\u00ean \u0111o\u00e0n b\u00f3ng b\u00e0n Th\u1ebf gi\u1edbi ITTF ch\u1ee9ng nh\u1eadn \u0111\u1ea1t ti\u00eau chu\u1ea9n b\u00f3ng 3 sao c\u00f3 c\u00e1c th\u00f4ng s\u1ed1 k\u1ef9 thu\u1eadt kh\u00e1ng vi-r\u00fat v\u00e0 kh\u00e1ng khu\u1ea9n.<\/p>\n<p><strong>B\u00d3NG NITTAKU 3 STAR PREMIUM CLEAN\u00a0<\/strong>l\u00e0 qu\u1ea3 b\u00f3ng \u0111\u00e1ng mong \u0111\u1ee3i t\u1eeb th\u01b0\u01a1ng hi\u1ec7u Nittaku. K\u1ef9 thu\u1eadt s\u1ea3n xu\u1ea5t b\u00f3ng \u0111\u01b0\u1ee3c nghi\u00ean c\u1ee9u, c\u1ea3i ti\u1ebfn v\u00e0 ph\u00e1t tri\u1ec3n d\u1ef1a tr\u00ean kinh nghi\u1ec7m s\u1ea3n xu\u1ea5t, ch\u1ea5t l\u01b0\u1ee3ng v\u00e0 s\u1ef1 tin t\u01b0\u1edfng t\u1eeb ng\u01b0\u1eddi ti\u00eau d\u00f9ng nh\u1eb1m h\u1ed7 tr\u1ee3 ng\u01b0\u1eddi ch\u01a1i c\u00f3 th\u1ec3 ch\u01a1i b\u00f3ng trong m\u00f4i tr\u01b0\u1eddng s\u1ea1ch s\u1ebd, gi\u1ea3m thi\u1ec3u nguy c\u01a1 \u201cl\u00e2y nhi\u1ec5m ti\u1ebfp x\u00fac\u201d cho ng\u01b0\u1eddi s\u1eed d\u1ee5ng, \u0111\u1eb7c bi\u1ec7t \u1edf th\u1eddi \u0111i\u1ec3m hi\u1ec7n nay.<\/p>\n<p>C\u00f4ng ngh\u1ec7 x\u1eed l\u00fd kh\u00e1ng vi r\u00fat v\u00e0 kh\u00e1ng khu\u1ea9n \u0111\u01b0\u1ee3c th\u01b0\u01a1ng hi\u1ec7u Nittaku \u1ee9ng d\u1ee5ng, v\u1edbi b\u1ec1 m\u1eb7t \u0111\u01b0\u1ee3c ph\u1ee7 \u0111\u1ed3ng \u0111\u1ec1u c\u00e1c h\u1ea1t t\u1ed5ng h\u1ee3p nano \u0111\u01a1n kh\u00e1ng virut nh\u01b0 m\u1ed9t l\u1edbp \u201c\u00c1o kho\u00e1c\u00a0y t\u1ebf\u201d<br \/>\nB\u1eb1ng c\u00f4ng ngh\u1ec7 \u0111\u1ed9c \u0111\u00e1o, m\u1ed9t l\u1edbp ph\u1ee7 kh\u00e1ng vi r\u00fat v\u00e0 kh\u00e1ng khu\u1ea9n gi\u00fap gi\u1ea3m thi\u1ec3u nguy c\u01a1 l\u00e2y nhi\u1ec5m do vi r\u00fat mang l\u1ea1i nh\u1edd b\u1ec1 m\u1eb7t \u0111\u01b0\u1ee3c ph\u1ee7 \u0111\u1ed3ng \u0111\u1ec1u c\u00e1c v\u1eadt li\u1ec7u v\u00f4 c\u01a1 t\u00ednh n\u0103ng kh\u00e1c nhau v\u1edbi k\u00edch th\u01b0\u1edbc h\u1ea1t nh\u1ecf h\u01a1n 10 nanomet (1 nanomet b\u1eb1ng 1 ph\u1ea7n tri\u1ec7u milimet) gi\u00fap gi\u1eef cho b\u1ec1 m\u1eb7t s\u1ea1ch s\u1ebd.<br \/>\n<strong>Ch\u1ea5t li\u1ec7u:<\/strong>\u00a0<strong>Plastic ABS<\/strong>\u00a0<strong>hay c\u00f2n g\u1ecdi l\u00e0 nh\u1ef1a ABS (ABS l\u00e0 t\u00ean c\u00f4ng th\u1ee9c h\u1ee3p th\u00e0nh t\u1eeb 3 h\u1ee3p ch\u1ea5t Acryl &#8211; Butadien &#8211; Styrol Copolymer) + C\u00f4ng ngh\u1ec7 x\u1eed l\u00fd kh\u00e1ng vi r\u00fat v\u00e0 kh\u00e1ng khu\u1ea9n.<\/strong><br \/>\nB\u00f3ng c\u00f3 m\u1ed1i n\u1ed1i, nh\u00ecn th\u1ea5y v\u00e0 c\u1ea3m nh\u1eadn \u0111\u01b0\u1ee3c khi s\u1edd b\u1eb1ng tay, trong chu\u1ea9n s\u1ea3n xu\u1ea5t b\u00f3ng c\u1ee7a Li\u00ean \u0111o\u00e0n b\u00f3ng b\u00e0n Th\u1ebf gi\u1edbi ITTF.<\/p>\n<p><strong><u>\u01afu \u0111i\u1ec3m<\/u><\/strong><strong>:\u00a0<\/strong>T\u00f9y theo c\u00f4ng ngh\u1ec7 s\u1ea3n xu\u1ea5t ngu\u1ed3n ph\u00f4i Plastic ABS c\u1ee7a nh\u00e0 s\u1ea3n xu\u1ea5t s\u1ebd cho ra ch\u1ea5t l\u01b0\u1ee3ng b\u00f3ng kh\u00e1c nhau.<\/p>\n<p>B\u00f3ng Nittaku Premium Clean 40+ Plastic\u00a0ABS s\u1eed d\u1ee5ng ngu\u1ed3n ph\u00f4i v\u00e0 c\u00f4ng ngh\u1ec7 \u0111\u1ed9c quy\u1ec1n Nh\u1eadt B\u1ea3n, th\u00e2n thi\u1ec7n v\u00e0 an to\u00e0n v\u1edbi m\u00f4i tr\u01b0\u1eddng, s\u1ee9c kh\u1ecfe c\u1ee7a ng\u01b0\u1eddi s\u1eed d\u1ee5ng, ph\u00e1t huy t\u00ednh d\u1ebbo dai nh\u1ea5t \u0111\u1ecbnh, kh\u00f3 ch\u00e1y \u1edf nhi\u1ec7t \u0111\u1ed9 cao, kh\u00f4ng gi\u00f2n \u1edf nhi\u1ec7t \u0111\u1ed9 th\u1ea5p, t\u00ednh \u1ed5n \u0111\u1ecbnh chu\u1ea9n x\u00e1c, \u0111\u00e0n h\u1ed3i t\u1ed1t, t\u1ed1c \u0111\u1ed9 xu\u1ea5t b\u00f3ng nhanh, c\u00f3 \u0111\u1ed9 \u1ed5n \u0111\u1ecbnh v\u00e0 \u0111\u1ed9 b\u1ec1n cao.<\/p>\n<p><strong><u>\u0110\u1eb7c t\u00ednh:<\/u><\/strong><\/p>\n<ul>\n<li>Kh\u00e1ng vi r\u00fat v\u00e0 kh\u00e1ng khu\u1ea9n.<\/li>\n<li>Kh\u00f4ng th\u1ea5m n\u01b0\u1edbc.<\/li>\n<li>Kh\u1ea3 n\u0103ng h\u00fat m\u1ed3 h\u00f4i t\u1eeb tay ng\u01b0\u1eddi th\u1ea5p n\u00ean\u00a0kh\u00f4ng l\u00e0m \u1ea3nh h\u01b0\u1edfng \u0111\u1ebfn tr\u1ecdng l\u01b0\u1ee3ng tr\u00e1i b\u00f3ng.<\/li>\n<li>C\u1ea3m gi\u00e1c ti\u1ebfp x\u00fac b\u00f3ng c\u1ee7a t\u1ea5t c\u1ea3 c\u00e1c tr\u00e1i b\u00f3ng \u0111\u1ec1u v\u00e0 c\u00f3 \u0111\u1ed9\u00a0\u1ed5n \u0111\u1ecbnh cao.<\/li>\n<li>Th\u00e2n thi\u1ec7n v\u1edbi m\u00f4i tr\u01b0\u1eddng.<\/li>\n<\/ul>\n<p><strong><u>Nh\u1eefng l\u01b0u \u00fd khi s\u1eed d\u1ee5ng v\u00e0 b\u1ea3o qu\u1ea3n qu\u1ea3 b\u00f3ng b\u00e0n:<\/u><\/strong><\/p>\n<p>Qu\u1ea3 b\u00f3ng b\u00e0n s\u1edf h\u1eefu nh\u1eefng \u0111\u1eb7c t\u00ednh tuy\u1ec7t v\u1eddi \u0111\u1eb7c tr\u01b0ng v\u1ec1 \u0111\u1ed9 \u0111\u00e0n h\u1ed3i v\u00e0 \u0111\u1ed9 n\u1ea3y, nh\u01b0ng c\u0169ng r\u1ea5t nh\u1ea1y c\u1ea3m v\u1edbi nhi\u1ec7t \u0111\u1ed9.<\/p>\n<p>\u0110\u1ec3 s\u1eed d\u1ee5ng hi\u1ec7u qu\u1ea3 c\u1ea7n l\u01b0u \u00fd c\u00e1ch b\u1ea3o qu\u1ea3n nh\u01b0 sau:<br \/>\n\u2022 Qu\u1ea3 b\u00f3ng b\u00e0n d\u1ec5 b\u1ecb m\u1ec1m \u1edf nhi\u1ec7t \u0111\u1ed9 75 \u00b0 C ho\u1eb7c cao h\u01a1n v\u00ec v\u1eady kh\u00f4ng ng\u00e2m trong n\u01b0\u1edbc n\u00f3ng v\u00ec c\u00f3 th\u1ec3 b\u1ecb bi\u1ebfn d\u1ea1ng.<br \/>\n\u2022 Kh\u00f4ng \u0111\u1ec3 g\u1ea7n l\u1eeda.<br \/>\n\u2022 Kh\u00f4ng b\u1ea3o qu\u1ea3n \u1edf nh\u1eefng n\u01a1i nhi\u1ec7t \u0111\u1ed9 qu\u00e1 n\u00f3ng nh\u01b0 b\u00ean trong xe h\u01a1i ho\u1eb7c c\u1ed1p xe m\u00e1y\u2026 v\u00e0 tr\u00e1nh \u00e1nh n\u1eafng tr\u1ef1c ti\u1ebfp.<br \/>\n\u2022 \u0110\u1ec3 xa t\u1ea7m tay tr\u1ebb em.<br \/>\n\u2022 S\u1eed d\u1ee5ng kh\u0103n s\u1ea1ch \u0111\u1ec3 l\u00e0m s\u1ea1ch b\u1ec1 m\u1eb7t qu\u1ea3 b\u00f3ng<\/p>\n","protected":false},"excerpt":{"rendered":"<p>H\u00c0NG CH\u00cdNH H\u00c3NG NITTAKU S\u1ea2N XU\u1ea4T T\u1ea0I NH\u1eacT B\u1ea2N &#8211; MADE IN JAPAN B\u00d3NG NITTAKU 3 STAR PREMIUM CLEAN B\u00f3ng 40+mm \u0111\u00e1p \u1ee9ng ti\u00eau chu\u1ea9n to\u00e0n c\u1ea7u v\u00e0 \u0111\u01b0\u1ee3c c\u1ea3 th\u1ebf gi\u1edbi c\u00f4ng nh\u1eadn. Th\u00f4ng qua c\u00e1c quy \u0111\u1ecbnh nghi\u00eam ng\u1eb7t trong ti\u00eau chu\u1ea9n s\u1ea3n xu\u1ea5t, b\u00f3ng Nittaku 3 Star Premium Clean ch\u00ednh th\u1ee9c \u0111\u01b0\u1ee3c [&hellip;]<\/p>\n","protected":false},"featured_media":848,"comment_status":"open","ping_status":"closed","template":"","meta":{"_eb_attr":""},"product_cat":[70,72],"product_tag":[],"class_list":["post-847","product","type-product","status-publish","has-post-thumbnail","hentry","product_cat-bong","product_cat-nittaku-bong"],"_links":{"self":[{"href":"https:\/\/www.phivutabletennis.com\/index.php\/wp-json\/wp\/v2\/product\/847","targetHints":{"allow":["GET"]}}],"collection":[{"href":"https:\/\/www.phivutabletennis.com\/index.php\/wp-json\/wp\/v2\/product"}],"about":[{"href":"https:\/\/www.phivutabletennis.com\/index.php\/wp-json\/wp\/v2\/types\/product"}],"replies":[{"embeddable":true,"href":"https:\/\/www.phivutabletennis.com\/index.php\/wp-json\/wp\/v2\/comments?post=847"}],"wp:featuredmedia":[{"embeddable":true,"href":"https:\/\/www.phivutabletennis.com\/index.php\/wp-json\/wp\/v2\/media\/848"}],"wp:attachment":[{"href":"https:\/\/www.phivutabletennis.com\/index.php\/wp-json\/wp\/v2\/media?parent=847"}],"wp:term":[{"taxonomy":"product_cat","embeddable":true,"href":"https:\/\/www.phivutabletennis.com\/index.php\/wp-json\/wp\/v2\/product_cat?post=847"},{"taxonomy":"product_tag","embeddable":true,"href":"https:\/\/www.phivutabletennis.com\/index.php\/wp-json\/wp\/v2\/product_tag?post=847"}],"curies":[{"name":"wp","href":"https:\/\/api.w.org\/{rel}","templated":true}]}}