{"id":927,"date":"2023-04-05T18:06:32","date_gmt":"2023-04-05T11:06:32","guid":{"rendered":"http:\/\/www.phivutabletennis.com\/?post_type=product&#038;p=927"},"modified":"2023-04-11T02:13:46","modified_gmt":"2023-04-10T19:13:46","slug":"timo-boll-zlc","status":"publish","type":"product","link":"https:\/\/www.phivutabletennis.com\/index.php\/product\/timo-boll-zlc\/","title":{"rendered":"Butterfly Timo Boll ZLC"},"content":{"rendered":"<p><strong>H\u00c0NG CH\u00cdNH H\u00c3NG BUTTERFLY S\u1ea2N XU\u1ea4T T\u1ea0I NH\u1eacT B\u1ea2N &#8211; MADE IN JAPAN<\/strong><\/p>\n<p>Timo Boll gia nh\u1eadp l\u00e0ng b\u00f3ng b\u00e0n N\u01b0\u1edbc \u0110\u1ee9c t\u1eeb n\u0103m 15 tu\u1ed5i v\u00e0 \u0111\u1ea1t \u0111\u01b0\u1ee3c \u0111\u1eb3ng c\u1ea5p Th\u1ebf gi\u1edbi trong m\u1ed9t th\u1eddi gian d\u00e0i v\u1edbi m\u1ed9t phong c\u00e1ch \u0111\u1eb9p v\u00e0 l\u1ed1i t\u1ea5n c\u00f4ng ch\u1edbp nho\u00e1ng. Timo Boll s\u1edf h\u1eefu m\u1ed9t th\u1ec3 h\u00ecnh \u0111\u1eb9p v\u00e0 phong c\u00e1ch ch\u01a1i t\u1ed1t n\u00ean \u0111\u00e3 nh\u1eadn \u0111\u01b0\u1ee3c ph\u1ea7n th\u01b0\u1edfng Fair Play t\u1eeb l\u00e0ng b\u00f3ng b\u00e0n Th\u1ebf gi\u1edbi. Lo\u1ea1t c\u1ed1t v\u1ee3t n\u00e0y \u0111\u01b0\u1ee3c ph\u00e1t tri\u1ec3n b\u1edfi Butterfly v\u00e0 th\u00f4ng qua k\u1ef9 thu\u1eadt v\u00e0 s\u1ef1 tinh t\u1ebf c\u1ee7a Timo Boll. B\u1ea1n s\u1ebd c\u1ea3m nh\u1eadn \u0111\u01b0\u1ee3c tinh th\u1ea7n v\u00e0 ni\u1ec1m ki\u00eau h\u00e3nh c\u1ee7a Timo Boll khi s\u1eed d\u1ee5ng lo\u1ea1t c\u1ed1t v\u1ee3t n\u00e0y.<\/p>\n<p>Timo Boll ZLC : M\u1eabu v\u1ee3t d\u00f9ng \u0111\u1ec3 ch\u01a1i t\u1ea5n c\u00f4ng v\u00e0 \u0111\u1eb7c tr\u01b0ng cho th\u1ebf h\u1ec7 m\u1edbi. H\u00e3ng Butterfly \u0111\u00e3 ph\u00e1t tri\u1ec3n d\u00f2ng s\u1ea3n ph\u1ea9m c\u1ed1t v\u1ee3t ZL carbon t\u1eeb ch\u1ea5t li\u1ec7u m\u1edbi v\u1edbi c\u00f4ng ngh\u1ec7 ti\u00ean ti\u1ebfn.Ch\u1ea5t li\u1ec7u n\u00e0y kh\u00f4ng nh\u1eefng gi\u1eef \u0111\u01b0\u1ee3c t\u1ed1c \u0111\u1ed9 c\u1ee7a cacbon m\u00e0 c\u00f2n nh\u1eb9 v\u00e0 linh ho\u1ea1t nh\u1edd s\u1ee3i Zylon.<\/p>\n<table border=\"0\" cellspacing=\"1\" cellpadding=\"1\">\n<tbody>\n<tr>\n<td>C\u1ea5u t\u1ea1o<\/td>\n<td>:\u00a05 l\u1edbp g\u1ed7 + 2 l\u1edbp s\u1ee3i Zylon Carbon<\/td>\n<\/tr>\n<tr>\n<td>L\u1ef1c \u0111\u1ea9y<\/td>\n<td>:\u00a011.7 (t\u1ed1c \u0111\u1ed9)<\/td>\n<\/tr>\n<tr>\n<td>\u0110\u1ed9 rung<\/td>\n<td>:\u00a010.8 (\u0111\u1ed9 xo\u00e1y)<\/td>\n<\/tr>\n<tr>\n<td>\u0110\u1ed9 d\u00e0y<\/td>\n<td>:\u00a05.5mm<\/td>\n<\/tr>\n<tr>\n<td>B\u1ea3ng v\u1ee3t<\/td>\n<td>:\u00a0157 x 150mm<\/td>\n<\/tr>\n<tr>\n<td>Tr\u1ecdng l\u01b0\u1ee3ng<\/td>\n<td>: \u00b1 85gr<\/td>\n<\/tr>\n<\/tbody>\n<\/table>\n<p>&nbsp;<\/p>\n<p><strong>Theo th\u00f4ng s\u1ed1 chu\u1ea9n c\u1ee7a h\u00e3ng Butterfly<\/strong><br \/>\n<strong>H\u00e0ng ch\u00ednh h\u00e3ng b\u1ea3o h\u00e0nh 1 th\u00e1ng<\/strong><br \/>\n<strong>H\u00c0NG CH\u00cdNH H\u00c3NG &#8211; GI\u00c1 TR\u1eca \u0110\u00cdCH TH\u1ef0C<\/strong><\/p>\n","protected":false},"excerpt":{"rendered":"<p><b>imo Boll ALC h\u00e0ng n\u1ed9i \u0111\u1ecba Nh\u1eadt\u00a0<\/b>l\u00e0 d\u00f2ng Timo Boll Arylate Carbon &#8211; C\u1ed1t v\u1ee3t \u0111\u01b0\u1ee3c V\u1eadn \u0111\u1ed9ng vi\u00ean h\u00e0ng \u0111\u1ea7u Th\u1ebf gi\u1edbi Timo Boll s\u1eed d\u1ee5ng trong nhi\u1ec1u n\u0103m li\u1ec1n. Ch\u00ednh nh\u1edd c\u1ed1t v\u1ee3t n\u00e0y m\u00e0 V\u1eadn \u0111\u1ed9ng vi\u00ean Timo Boll \u0111\u00e3 d\u00e0nh chi\u1ebfn th\u1eafng v\u00f4 \u0111\u1ecbch \u0111\u01a1n nam v\u00e0 v\u00f4 \u0111\u1ecbch \u0111\u1ed3ng \u0111\u1ed9i nam t\u1ea1i gi\u1ea3i V\u00f4 \u0111\u1ecbch Ch\u00e2u \u00c2u n\u0103m 2008.<br \/>\nV\u1ee3t c\u00f3 c\u1ea5u t\u1ea1o Arylate Carbon r\u1ea5t hi\u1ec7u qu\u1ea3 trong l\u1ed1i ch\u01a1i t\u1ea5n c\u00f4ng v\u00e0 ki\u1ec3m so\u00e1t b\u00f3ng r\u1ea5t t\u1ed1t. V\u1ee3t gi\u00fap cho ng\u01b0\u1eddi ch\u01a1i c\u00f3 nh\u1eefng c\u00fa t\u1ea5n c\u00f4ng v\u1edbi \u0111\u1ed9 xo\u00e1y cao v\u00e0 quy\u1ebft li\u1ec7t trong l\u1ed1i ch\u01a1i t\u1ea5n c\u00f4ng l\u1eabn ph\u1ea3n c\u00f4ng c\u1ee7a Boll \u0111\u01b0\u1ee3c ch\u1ee9ng minh qua th\u00e0nh t\u00edch cao v\u00e0 v\u01b0\u1ee3t tr\u1ed9i v\u1edbi Timo Boll ALC. Th\u00edch h\u1ee3p v\u1edbi m\u1eb7t v\u1ee3t b\u00f3ng b\u00e0n Tenergy 64 b\u00ean ph\u1ea3i v\u00e0 Tenergy 05 b\u00ean tr\u00e1i<\/p>\n","protected":false},"featured_media":1071,"comment_status":"open","ping_status":"closed","template":"","meta":{"_eb_attr":""},"product_cat":[76,26],"product_tag":[],"class_list":["post-927","product","type-product","status-publish","has-post-thumbnail","hentry","product_cat-butterfly-cot-vot","product_cat-cot-vot"],"_links":{"self":[{"href":"https:\/\/www.phivutabletennis.com\/index.php\/wp-json\/wp\/v2\/product\/927","targetHints":{"allow":["GET"]}}],"collection":[{"href":"https:\/\/www.phivutabletennis.com\/index.php\/wp-json\/wp\/v2\/product"}],"about":[{"href":"https:\/\/www.phivutabletennis.com\/index.php\/wp-json\/wp\/v2\/types\/product"}],"replies":[{"embeddable":true,"href":"https:\/\/www.phivutabletennis.com\/index.php\/wp-json\/wp\/v2\/comments?post=927"}],"wp:featuredmedia":[{"embeddable":true,"href":"https:\/\/www.phivutabletennis.com\/index.php\/wp-json\/wp\/v2\/media\/1071"}],"wp:attachment":[{"href":"https:\/\/www.phivutabletennis.com\/index.php\/wp-json\/wp\/v2\/media?parent=927"}],"wp:term":[{"taxonomy":"product_cat","embeddable":true,"href":"https:\/\/www.phivutabletennis.com\/index.php\/wp-json\/wp\/v2\/product_cat?post=927"},{"taxonomy":"product_tag","embeddable":true,"href":"https:\/\/www.phivutabletennis.com\/index.php\/wp-json\/wp\/v2\/product_tag?post=927"}],"curies":[{"name":"wp","href":"https:\/\/api.w.org\/{rel}","templated":true}]}}