{"id":969,"date":"2023-04-06T02:07:54","date_gmt":"2023-04-05T19:07:54","guid":{"rendered":"http:\/\/www.phivutabletennis.com\/?post_type=product&#038;p=969"},"modified":"2023-04-06T02:08:25","modified_gmt":"2023-04-05T19:08:25","slug":"cyber-shape-master","status":"publish","type":"product","link":"https:\/\/www.phivutabletennis.com\/index.php\/product\/cyber-shape-master\/","title":{"rendered":"CYBER SHAPE CARBON"},"content":{"rendered":"<p>* PRODUCT DATA *Material : Wood + Carbon fiber *Style : OFF+ *Weight :85+5 grs * Veneer : 5+2 *Control: 45 *Speed: 145.<\/p>\n<p>C\u00e1n V\u1ee3t Master<\/p>\n<p>&nbsp;<\/p>\n<p>C\u1ed1t v\u1ee3t b\u00f3ng b\u00e0n t\u1ea5n c\u00f4ng v\u1edbi h\u00ecnh d\u1ea1ng mang t\u00ednh c\u00e1ch m\u1ea1ng, \u0111ang ch\u1edd c\u1ea5p b\u1eb1ng s\u00e1ng ch\u1ebf v\u00e0 \u0111\u01b0\u1ee3c b\u1ea3o v\u1ec7 b\u1eb1ng thi\u1ebft k\u1ebf, cung c\u1ea5p di\u1ec7n t\u00edch \u0111\u00e1nh t\u1ed1i \u01b0u.<\/p>\n<p>*Cybershape Carbon \u0111\u01b0\u1ee3c ch\u1ea5p thu\u1eadn cho t\u1ea5t c\u1ea3 c\u00e1c h\u00ecnh th\u1ee9c thi \u0111\u1ea5u.<\/p>\n<p>*C\u00e1c nghi\u00ean c\u1ee9u c\u1ee7a ch\u00fang t\u00f4i \u0111\u00e3 ch\u1ec9 ra r\u1eb1ng, khu v\u1ef1c \u0111\u00e1nh t\u1ed1i \u01b0u n\u1eb1m \u1edf n\u1eeda tr\u00ean c\u1ee7a l\u01b0\u1ee1i ki\u1ebfm. \u0110\u00f3 l\u00e0 l\u00fd do t\u1ea1i sao ch\u00fang t\u00f4i \u0111\u00e3 t\u1ed1i \u01b0u h\u00f3a di\u1ec7n t\u00edch \u0111\u00e1nh \u0111\u1ec3 l\u1edbn h\u01a1n 11% cho c\u00e1n c\u1ea7m tay v\u00e0 l\u1edbn h\u01a1n 9% cho chu\u00f4i b\u00fat so v\u1edbi c\u1ed1t v\u1ee3t\u00a0truy\u1ec1n th\u1ed1ng.<\/p>\n<p>*C\u00f4ng ngh\u1ec7 CCF v\u1edbi l\u1edbp s\u1ee3i carbon tr\u00ean l\u00f5i g\u1ed7 cho c\u1ea3m gi\u00e1c ch\u1ea1m nh\u1eb9 nh\u00e0ng h\u01a1n v\u00e0 kh\u1ea3 n\u0103ng ki\u1ec3m so\u00e1t t\u1ed1t h\u01a1n.<\/p>\n<p>*H\u00ecnh d\u1ea1ng cho ph\u00e9p ng\u01b0\u1eddi ch\u01a1i d\u1ec5 d\u00e0ng \u0111i\u1ec1u ch\u1ec9nh g\u00f3c \u0111\u1ed9 c\u1ee7a v\u1ee3t nh\u01b0 \u00fd mu\u1ed1n v\u00e0 c\u00f3 \u0111\u01b0\u1ee3c \u0111\u1ed9\u00a0xo\u00e1y v\u1eeba ph\u1ea3i khi giao b\u00f3ng.<\/p>\n<p>*Theo c\u00e1c ph\u00e9p \u0111o t\u1eeb c\u00e1c b\u00e0i ki\u1ec3m tra \u0111\u01b0\u1ee3c th\u1ef1c hi\u1ec7n v\u1edbi s\u1ef1 h\u1ee3p t\u00e1c c\u1ee7a KTH, Cybershape c\u00f3 t\u1ea7n s\u1ed1 \u0111\u00e1p \u1ee9ng tuy\u1ebfn t\u00ednh h\u01a1n so v\u1edbi c\u1ed1t v\u1ee3t truy\u1ec1n th\u1ed1ng, \u0111i\u1ec1u n\u00e0y t\u1ea1o ra m\u1ed9t c\u1ea3m gi\u00e1c ho\u00e0n to\u00e0n m\u1edbi trong qu\u00e1 tr\u00ecnh ch\u01a1i.<\/p>\n<p>*Th\u1ea5u k\u00ednh ph\u1ea3n x\u1ea1 xen k\u1ebd gi\u1eefa m\u00e0u t\u00edm v\u00e0 xanh lam t\u00f9y thu\u1ed9c v\u00e0o g\u00f3c \u0111\u1ed9.<\/p>\n<p>*C\u1ed1t v\u1ee3t b\u00f3ng b\u00e0n Cybershape Carbon\u00a0&#8211; m\u1ed9t lo\u1ea1i c\u1ed1t v\u1ee3t ho\u00e0n to\u00e0n m\u1edbi v\u1edbi h\u00ecnh d\u1ea1ng \u0111\u1ed9c \u0111\u00e1o v\u00e0 di\u1ec7n t\u00edch \u0111\u00e1nh l\u1edbn h\u01a1n! Cybershape l\u00e0 m\u1ed9t c\u1ed1t v\u1ee3t b\u00f3ng b\u00e0n kh\u00f4ng gi\u1ed1ng b\u1ea5t c\u1ee9 th\u1ee9 g\u00ec b\u1ea1n t\u1eebng th\u1ea5y tr\u01b0\u1edbc \u0111\u00e2y. N\u00f3 kh\u00f4ng ch\u1ec9 t\u1ef1 h\u00e0o v\u1ec1 h\u00ecnh d\u1ea1ng \u0111\u1ed9c \u0111\u00e1o v\u00e0 \u1ea5n t\u01b0\u1ee3ng m\u00e0 c\u00f2n c\u00f3 m\u1ed9t khu v\u1ef1c \u0111\u00e1nh t\u1ed1i \u01b0u h\u00f3a.<\/p>\n<p>C\u00e1c nghi\u00ean c\u1ee9u c\u1ee7a ch\u00fang t\u00f4i \u0111\u00e3 ch\u1ec9 ra r\u1eb1ng, \u0111\u1ed1i v\u1edbi \u0111a s\u1ed1 ng\u01b0\u1eddi ch\u01a1i, khu v\u1ef1c \u0111\u00e1nh t\u1ed1i \u01b0u n\u1eb1m \u1edf n\u1eeda tr\u00ean c\u1ee7a c\u1ed1t v\u1ee3t. \u0110\u00f3 l\u00e0 l\u00fd do t\u1ea1i sao ch\u00fang t\u00f4i \u0111\u00e3 t\u1ed1i \u01b0u h\u00f3a di\u1ec7n t\u00edch \u0111\u00e1nh \u0111\u1ec3 l\u1edbn h\u01a1n 11% cho c\u00e1n Master\u00a0v\u00e0 l\u1edbn h\u01a1n 9% cho c\u00e1n PEN so v\u1edbi l\u01b0\u1ee1i dao truy\u1ec1n th\u1ed1ng. M\u1ed9t trong nh\u1eefng t\u00ednh n\u0103ng \u0111\u1eb7c bi\u1ec7t c\u1ee7a Cybershape l\u00e0 khi tr\u1ea3 \u0111\u00f2n, di\u1ec7n t\u00edch \u0111\u00e1nh g\u1ea7n b\u00e0n h\u01a1n t\u1edbi 6,5 cm so v\u1edbi 2,5 cm \u0111\u1ed1i v\u1edbi l\u01b0\u1ee1i tr\u00f2n. V\u00ec ph\u1ea7n l\u1edbn c\u00e1c c\u00fa \u0111\u00e1nh c\u1ee7a m\u1ed9t tay v\u1ee3t chuy\u00ean nghi\u1ec7p (c\u1ea3 backhand v\u00e0 forehand) \u0111\u1ec1u \u0111\u01b0\u1ee3c th\u1ef1c hi\u1ec7n \u1edf n\u1eeda tr\u00ean c\u1ee7a v\u1ee3t, n\u00ean ch\u00ednh x\u00e1c \u1edf \u0111\u00e2y, Cybershape v\u01b0\u1ee3t tr\u1ed9i h\u01a1n h\u1eb3n. Khu v\u1ef1c \u0111\u00e1nh l\u1edbn h\u01a1n cung c\u1ea5p m\u1ed9t \u0111i\u1ec3m ng\u1ecdt \u0111\u01b0\u1ee3c c\u1ea3i thi\u1ec7n, do \u0111\u00f3, gi\u00fap ng\u01b0\u1eddi ch\u01a1i d\u1ec5 d\u00e0ng ki\u1ec3m so\u00e1t c\u00e1c c\u00fa giao b\u00f3ng v\u00e0 tr\u1ea3 giao b\u00f3ng ng\u1eafn c\u1ee7a h\u1ecd, ch\u1eb3ng h\u1ea1n. Khi di\u1ec7n t\u00edch \u0111\u00e1nh \u1edf ph\u1ea7n tr\u00ean \u0111\u01b0\u1ee3c m\u1edf r\u1ed9ng, ph\u1ea7n d\u01b0\u1edbi \u0111\u01b0\u1ee3c gi\u1ea3m 2% \u0111\u1ec3 kh\u00f4ng l\u00e0m cho c\u1ed1t v\u1ee3t\u00a0qu\u00e1 n\u1eb7ng v\u00e0 g\u00e2y m\u1ea5t c\u00e2n b\u1eb1ng<\/p>\n<p>. Cybershape l\u00e0 m\u1ed9t c\u1ed1t v\u1ee3t 5 + 2 l\u1edbp d\u1ef1a tr\u00ean c\u00f4ng ngh\u1ec7 CCF (Close Core Fiber), c\u00f3 ngh\u0129a l\u00e0 l\u1edbp carbon n\u1eb1m tr\u1ef1c ti\u1ebfp tr\u00ean \u0111\u1ea7u c\u1ee7a l\u00f5i g\u1ed7. K\u1ebft qu\u1ea3 l\u00e0 ki\u1ec3m so\u00e1t nhi\u1ec1u h\u01a1n v\u00e0 t\u1ed1c \u0111\u1ed9 trong game\u00a0c\u1ee7a b\u1ea1n. B\u1eb1ng v\u1eadt li\u1ec7u composite s\u1ee3i carbon nh\u1eb9 v\u00e0 c\u00f4ng ngh\u1ec7 ti\u00ean ti\u1ebfn, do \u0110\u1ee9c s\u1ea3n xu\u1ea5t, ch\u00fang t\u00f4i \u0111\u00e3 c\u00f3 th\u1ec3 b\u00f9 \u0111\u1eafp tr\u1ecdng l\u01b0\u1ee3ng c\u1ee7a n\u00f3, do \u0111\u00f3, m\u1eb7c d\u00f9 Cyberspace c\u00f3 di\u1ec7n t\u00edch b\u1ec1 m\u1eb7t l\u1edbn h\u01a1n m\u1ed9t c\u1ed1t v\u1ee3t\u00a0th\u00f4ng th\u01b0\u1eddng, nh\u01b0ng n\u00f3 kh\u00f4ng n\u1eb7ng h\u01a1n. H\u00ecnh d\u1ea1ng \u0111\u1ed9c \u0111\u00e1o c\u1ee7a Cybershape c\u0169ng gi\u00fap ng\u01b0\u1eddi ch\u01a1i d\u1ec5 d\u00e0ng nh\u00ecn th\u1ea5y khu v\u1ef1c \u0111\u00e1nh khi giao b\u00f3ng.<\/p>\n<p>Nh\u1edd c\u00e1c g\u00f3c kh\u00e1c nhau, ng\u01b0\u1eddi ch\u01a1i c\u00f3 s\u00e1u g\u00f3c \u0111\u1ec3 l\u1ef1a ch\u1ecdn, t\u00f9y thu\u1ed9c v\u00e0o lo\u1ea1i v\u00e0 s\u1ed1 l\u01b0\u1ee3ng v\u00f2ng quay m\u00e0 h\u1ecd mu\u1ed1n. Ph\u1ed1i h\u1ee3p v\u1edbi H\u1ecdc vi\u1ec7n C\u00f4ng ngh\u1ec7 Ho\u00e0ng gia KTH, ch\u00fang t\u00f4i c\u0169ng \u0111\u00e3 th\u1eed nghi\u1ec7m c\u00e1c \u0111\u1eb7c t\u00ednh rung c\u1ee7a Cybershape, t\u1ee9c l\u00e0 c\u00e1ch c\u1ed1t v\u1ee3t ph\u1ea3n \u1ee9ng khi n\u00f3 g\u1eb7p qu\u1ea3 b\u00f3ng.<\/p>\n<p>C\u00e1c th\u1eed nghi\u1ec7m cho th\u1ea5y Cybershape c\u00f3 m\u1ed9t \u0111i\u1ec3m ng\u1ecdt l\u1edbn h\u01a1n n\u1eb1m xa h\u01a1n tr\u00ean c\u1ed1t v\u1ee3t khi so s\u00e1nh v\u1edbi m\u1ed9t c\u1ed1t v\u1ee3t\u00a0h\u00ecnh d\u1ea1ng th\u00f4ng th\u01b0\u1eddng. \u0110\u00e1p \u1ee9ng t\u1ea7n s\u1ed1 c\u0169ng tuy\u1ebfn t\u00ednh h\u01a1n, c\u00f3 ngh\u0129a l\u00e0 c\u00e1c rung \u0111\u1ed9ng \u0111\u01b0\u1ee3c v\u1eadn chuy\u1ec3n kh\u00e1c nhau \u0111\u1ebfn tay c\u1ea7m v\u00e0 b\u00e0n tay.<\/p>\n<p>\u0110\u1ed1i v\u1edbi ng\u01b0\u1eddi ch\u01a1i, \u0111i\u1ec1u n\u00e0y c\u00f3 ngh\u0129a l\u00e0 m\u1ed9t c\u1ea3m gi\u00e1c ho\u00e0n to\u00e0n m\u1edbi v\u00e0 \u0111\u1ed9c \u0111\u00e1o trong qu\u00e1 tr\u00ecnh ch\u01a1i so v\u1edbi c\u1ed1t v\u1ee3t truy\u1ec1n th\u1ed1ng.<\/p>\n","protected":false},"excerpt":{"rendered":"<p>* PRODUCT DATA *Material : Wood + Carbon fiber *Style : OFF+ *Weight :85+5 grs * Veneer : 5+2 *Control: 45 *Speed: 145. C\u00e1n V\u1ee3t Master &nbsp; C\u1ed1t v\u1ee3t b\u00f3ng b\u00e0n t\u1ea5n c\u00f4ng v\u1edbi h\u00ecnh d\u1ea1ng mang t\u00ednh c\u00e1ch m\u1ea1ng, \u0111ang ch\u1edd c\u1ea5p b\u1eb1ng s\u00e1ng ch\u1ebf v\u00e0 \u0111\u01b0\u1ee3c b\u1ea3o v\u1ec7 b\u1eb1ng thi\u1ebft k\u1ebf, cung c\u1ea5p [&hellip;]<\/p>\n","protected":false},"featured_media":970,"comment_status":"open","ping_status":"closed","template":"","meta":{"_eb_attr":""},"product_cat":[77,26],"product_tag":[],"class_list":["post-969","product","type-product","status-publish","has-post-thumbnail","hentry","product_cat-stiga-cot-vot","product_cat-cot-vot"],"_links":{"self":[{"href":"https:\/\/www.phivutabletennis.com\/index.php\/wp-json\/wp\/v2\/product\/969","targetHints":{"allow":["GET"]}}],"collection":[{"href":"https:\/\/www.phivutabletennis.com\/index.php\/wp-json\/wp\/v2\/product"}],"about":[{"href":"https:\/\/www.phivutabletennis.com\/index.php\/wp-json\/wp\/v2\/types\/product"}],"replies":[{"embeddable":true,"href":"https:\/\/www.phivutabletennis.com\/index.php\/wp-json\/wp\/v2\/comments?post=969"}],"wp:featuredmedia":[{"embeddable":true,"href":"https:\/\/www.phivutabletennis.com\/index.php\/wp-json\/wp\/v2\/media\/970"}],"wp:attachment":[{"href":"https:\/\/www.phivutabletennis.com\/index.php\/wp-json\/wp\/v2\/media?parent=969"}],"wp:term":[{"taxonomy":"product_cat","embeddable":true,"href":"https:\/\/www.phivutabletennis.com\/index.php\/wp-json\/wp\/v2\/product_cat?post=969"},{"taxonomy":"product_tag","embeddable":true,"href":"https:\/\/www.phivutabletennis.com\/index.php\/wp-json\/wp\/v2\/product_tag?post=969"}],"curies":[{"name":"wp","href":"https:\/\/api.w.org\/{rel}","templated":true}]}}